{"id":502402,"date":"2025-06-12T11:38:43","date_gmt":"2025-06-12T11:38:43","guid":{"rendered":"https:\/\/www.prettywired.co.uk\/?page_id=502402"},"modified":"2025-06-12T11:38:43","modified_gmt":"2025-06-12T11:38:43","slug":"philips-hue-installer-kensington","status":"publish","type":"page","link":"https:\/\/www.prettywired.co.uk\/fr\/philips-hue-installer-kensington\/","title":{"rendered":"Installateur Philips Hue Kensington"},"content":{"rendered":"<div data-elementor-type=\"wp-page\" data-elementor-id=\"502402\" class=\"elementor elementor-502402\" data-elementor-post-type=\"page\">\n\t\t\t\t<section class=\"elementor-element elementor-element-4c7157b5 padding-hero e-flex e-con-boxed e-con e-parent\" data-id=\"4c7157b5\" data-element_type=\"container\" data-settings=\"{&quot;background_background&quot;:&quot;classic&quot;}\">\n\t\t\t\t\t<div class=\"e-con-inner\">\n\t\t\t\t<div class=\"elementor-element elementor-element-2cd40231 elementor-widget elementor-widget-heading\" data-id=\"2cd40231\" data-element_type=\"widget\" data-widget_type=\"heading.default\">\n\t\t\t\t<div class=\"elementor-widget-container\">\n\t\t\t\t\t<h1 class=\"elementor-heading-title elementor-size-default\"> Phillips Hue Installer Kensington <\/h1>\t\t\t\t<\/div>\n\t\t\t\t<\/div>\n\t\t\t\t<div class=\"elementor-element elementor-element-6b07e00f elementor-widget elementor-widget-text-editor\" data-id=\"6b07e00f\" data-element_type=\"widget\" data-widget_type=\"text-editor.default\">\n\t\t\t\t<div class=\"elementor-widget-container\">\n\t\t\t\t\t\t\t\t\t<h3>Installateurs certifi\u00e9s Philips Hue \u00e0 Kensington<\/h3>\t\t\t\t\t\t\t\t<\/div>\n\t\t\t\t<\/div>\n\t\t\t\t\t<\/div>\n\t\t\t\t<\/section>\n\t\t<section class=\"elementor-element elementor-element-5c993d84 padding-top-bottom e-flex e-con-boxed e-con e-parent\" data-id=\"5c993d84\" data-element_type=\"container\">\n\t\t\t\t\t<div class=\"e-con-inner\">\n\t\t\t\t<div class=\"elementor-element elementor-element-720f55cf elementor-widget elementor-widget-text-editor\" data-id=\"720f55cf\" data-element_type=\"widget\" data-widget_type=\"text-editor.default\">\n\t\t\t\t<div class=\"elementor-widget-container\">\n\t\t\t\t\t\t\t\t\t<h2>Mise en place de l'\u00e9clairage intelligent par des experts<\/h2>\t\t\t\t\t\t\t\t<\/div>\n\t\t\t\t<\/div>\n\t\t\t\t<div class=\"elementor-element elementor-element-52838f43 elementor-widget elementor-widget-text-editor\" data-id=\"52838f43\" data-element_type=\"widget\" data-widget_type=\"text-editor.default\">\n\t\t\t\t<div class=\"elementor-widget-container\">\n\t\t\t\t\t\t\t\t\t<p>Vous recherchez un installateur Philips Hue de confiance \u00e0 <a href=\"https:\/\/www.prettywired.co.uk\/fr\/electricien-a-kensington\/\">Kensington<\/a>? Chez Pretty Wired, nous introduisons l'\u00e9clairage intelligent dans votre maison gr\u00e2ce \u00e0 une installation professionnelle, une configuration sur mesure et une int\u00e9gration transparente. Que vous viviez dans un appartement moderne ou dans une maison de ville ancienne, notre \u00e9quipe d'experts s'assurera que votre syst\u00e8me d'\u00e9clairage est bien adapt\u00e9 \u00e0 vos besoins. <a href=\"https:\/\/www.prettywired.co.uk\/fr\/marques\/philips-hue\/\">Philips Hue<\/a> Le syst\u00e8me d'\u00e9clairage est magnifiquement install\u00e9 et fonctionne parfaitement d\u00e8s le premier jour.<\/p><p>Nous avons aid\u00e9 des propri\u00e9taires, des architectes d'int\u00e9rieur et des promoteurs immobiliers de Kensington \u00e0 transformer leurs espaces gr\u00e2ce \u00e0 des \u00e9clairages intelligents \u00e0 commande vocale et \u00e0 changement de couleur, et nous serions ravis de vous aider \u00e0 votre tour.<\/p>\t\t\t\t\t\t\t\t<\/div>\n\t\t\t\t<\/div>\n\t\t\t\t\t<\/div>\n\t\t\t\t<\/section>\n\t\t<section class=\"elementor-element elementor-element-73911955 padding-top-bottom e-flex e-con-boxed e-con e-parent\" data-id=\"73911955\" data-element_type=\"container\" data-settings=\"{&quot;background_background&quot;:&quot;classic&quot;}\">\n\t\t\t\t\t<div class=\"e-con-inner\">\n\t\t<div class=\"elementor-element elementor-element-4127dd92 e-con-full e-flex e-con e-child\" data-id=\"4127dd92\" data-element_type=\"container\">\n\t\t\t\t<div class=\"elementor-element elementor-element-23fb4bb4 elementor-widget elementor-widget-image\" data-id=\"23fb4bb4\" data-element_type=\"widget\" data-widget_type=\"image.default\">\n\t\t\t\t<div class=\"elementor-widget-container\">\n\t\t\t\t\t\t\t\t\t\t\t\t\t\t\t<img fetchpriority=\"high\" decoding=\"async\" width=\"768\" height=\"1024\" src=\"https:\/\/www.prettywired.co.uk\/wp-content\/uploads\/2025\/06\/phillips-hue-lighting10-768x1024.jpg\" class=\"attachment-large size-large wp-image-502380\" alt=\"\" srcset=\"https:\/\/www.prettywired.co.uk\/wp-content\/uploads\/2025\/06\/phillips-hue-lighting10-768x1024.jpg 768w, https:\/\/www.prettywired.co.uk\/wp-content\/uploads\/2025\/06\/phillips-hue-lighting10-225x300.jpg 225w, https:\/\/www.prettywired.co.uk\/wp-content\/uploads\/2025\/06\/phillips-hue-lighting10-9x12.jpg 9w, https:\/\/www.prettywired.co.uk\/wp-content\/uploads\/2025\/06\/phillips-hue-lighting10.jpg 1024w\" sizes=\"(max-width: 768px) 100vw, 768px\" \/>\t\t\t\t\t\t\t\t\t\t\t\t\t\t\t<\/div>\n\t\t\t\t<\/div>\n\t\t\t\t<\/div>\n\t\t<div class=\"elementor-element elementor-element-26bc829 e-con-full e-flex e-con e-child\" data-id=\"26bc829\" data-element_type=\"container\">\n\t\t\t\t<div class=\"elementor-element elementor-element-1d5ce8ce elementor-widget elementor-widget-heading\" data-id=\"1d5ce8ce\" data-element_type=\"widget\" data-widget_type=\"heading.default\">\n\t\t\t\t<div class=\"elementor-widget-container\">\n\t\t\t\t\t<h2 class=\"elementor-heading-title elementor-size-default\">Qu'est-ce que Philips Hue et pourquoi est-il si populaire ?\n<\/h2>\t\t\t\t<\/div>\n\t\t\t\t<\/div>\n\t\t\t\t<div class=\"elementor-element elementor-element-891368b elementor-widget elementor-widget-text-editor\" data-id=\"891368b\" data-element_type=\"widget\" data-widget_type=\"text-editor.default\">\n\t\t\t\t<div class=\"elementor-widget-container\">\n\t\t\t\t\t\t\t\t\t<p><a href=\"https:\/\/www.philips-hue.com\/en-gb\" target=\"_blank\" rel=\"noopener\">Philips Hue<\/a> est l'un des syst\u00e8mes d'\u00e9clairage intelligent les plus avanc\u00e9s et les plus polyvalents au monde. Avec une large gamme d'ampoules, de luminaires, de capteurs et de commandes, Hue vous permet de contr\u00f4ler votre \u00e9clairage depuis votre smartphone, votre tablette ou avec des assistants vocaux comme Alexa, Google Assistant ou Siri.<\/p><p>Les principaux avantages de Philips Hue sont les suivants<\/p><ul><li>\u00c9clairage graduel \u00e0 couleurs changeantes dans toutes les pi\u00e8ces<\/li><li>Fixer des horaires en fonction de votre routine quotidienne<\/li><li>Contr\u00f4lez l'\u00e9clairage \u00e0 distance lorsque vous n'\u00eates pas chez vous<\/li><li>Utiliser des d\u00e9tecteurs de mouvement pour avoir les mains libres<\/li><li>Renforcer la s\u00e9curit\u00e9 domestique gr\u00e2ce \u00e0 l'\u00e9clairage automatis\u00e9<\/li><li>Synchroniser les lumi\u00e8res avec la musique, les films et les jeux<\/li><\/ul><p>Gr\u00e2ce \u00e0 l'installation experte de Pretty Wired \u00e0 Kensington, votre syst\u00e8me d'\u00e9clairage intelligent sera enti\u00e8rement optimis\u00e9 en termes de performances, de couverture et de style.<\/p>\t\t\t\t\t\t\t\t<\/div>\n\t\t\t\t<\/div>\n\t\t\t\t<div class=\"elementor-element elementor-element-2eb3786e btn-arrow elementor-icon-list--layout-traditional elementor-list-item-link-full_width elementor-invisible elementor-widget elementor-widget-icon-list\" data-id=\"2eb3786e\" data-element_type=\"widget\" data-settings=\"{&quot;_animation&quot;:&quot;fadeInLeft&quot;}\" data-widget_type=\"icon-list.default\">\n\t\t\t\t<div class=\"elementor-widget-container\">\n\t\t\t\t\t\t\t<ul class=\"elementor-icon-list-items\">\n\t\t\t\t\t\t\t<li class=\"elementor-icon-list-item\">\n\t\t\t\t\t\t\t\t\t\t\t<a href=\"\/fr\/nous-contacter\/\">\n\n\t\t\t\t\t\t\t\t\t\t\t\t<span class=\"elementor-icon-list-icon\">\n\t\t\t\t\t\t\t<svg xmlns=\"http:\/\/www.w3.org\/2000\/svg\" width=\"116\" height=\"28\" viewbox=\"0 0 116 28\" fill=\"none\"><path d=\"M80.0001 26L110 14L80.0001 2\" stroke=\"#34586A\" stroke-width=\"4\"><\/path><line x1=\"106.667\" y1=\"14\" x2=\"2.23054e-05\" y2=\"14\" stroke=\"#34586A\" stroke-width=\"4\"><\/line><\/svg>\t\t\t\t\t\t<\/span>\n\t\t\t\t\t\t\t\t\t\t<span class=\"elementor-icon-list-text\">Contacter l'\u00e9quipe<\/span>\n\t\t\t\t\t\t\t\t\t\t\t<\/a>\n\t\t\t\t\t\t\t\t\t<\/li>\n\t\t\t\t\t\t<\/ul>\n\t\t\t\t\t\t<\/div>\n\t\t\t\t<\/div>\n\t\t\t\t<\/div>\n\t\t\t\t<div class=\"elementor-element elementor-element-449b007b elementor-absolute elementor-widget elementor-widget-image\" data-id=\"449b007b\" data-element_type=\"widget\" data-settings=\"{&quot;_position&quot;:&quot;absolute&quot;}\" data-widget_type=\"image.default\">\n\t\t\t\t<div class=\"elementor-widget-container\">\n\t\t\t\t\t\t\t\t\t\t\t\t\t\t\t<img decoding=\"async\" width=\"1213\" height=\"800\" src=\"https:\/\/www.prettywired.co.uk\/wp-content\/uploads\/2023\/08\/Linework_body_v3.svg\" class=\"attachment-full size-full wp-image-478\" alt=\"\" \/>\t\t\t\t\t\t\t\t\t\t\t\t\t\t\t<\/div>\n\t\t\t\t<\/div>\n\t\t\t\t\t<\/div>\n\t\t\t\t<\/section>\n\t\t<div class=\"elementor-element elementor-element-66e9eb7c e-flex e-con-boxed e-con e-parent\" data-id=\"66e9eb7c\" data-element_type=\"container\">\n\t\t\t\t\t<div class=\"e-con-inner\">\n\t\t<section class=\"elementor-element elementor-element-48dd609d padding-top-bottom e-flex e-con-boxed e-con e-child\" data-id=\"48dd609d\" data-element_type=\"container\">\n\t\t\t\t\t<div class=\"e-con-inner\">\n\t\t<div class=\"elementor-element elementor-element-5b6c1b82 e-con-full e-flex e-con e-child\" data-id=\"5b6c1b82\" data-element_type=\"container\">\n\t\t\t\t<div class=\"elementor-element elementor-element-12e18c19 elementor-widget elementor-widget-text-editor\" data-id=\"12e18c19\" data-element_type=\"widget\" data-widget_type=\"text-editor.default\">\n\t\t\t\t<div class=\"elementor-widget-container\">\n\t\t\t\t\t\t\t\t\t<h2>Installation experte de Philips Hue \u00e0 Kensington<\/h2><p>Bien que Hue soit facile \u00e0 utiliser, la mise en place d'une installation transparente dans toute la maison, en particulier sur plusieurs \u00e9tages ou dans plusieurs pi\u00e8ces, peut s'av\u00e9rer d\u00e9licate si l'on ne dispose pas de l'expertise n\u00e9cessaire. C'est l\u00e0 que nous intervenons.<\/p><p>Notre service d'installation professionnelle de Hue comprend<\/p><ul><li>Conception et am\u00e9nagement de zones d'\u00e9clairage intelligentes<\/li><li>Installation d'ampoules Hue, d'appliques, de luminaires ext\u00e9rieurs et d'interrupteurs<\/li><li>Configuration du pont Philips Hue et de l'application mobile<\/li><li>Int\u00e9gration de l'assistant vocal avec Alexa, Google ou Apple HomeKit<\/li><li>Automatisation de l'\u00e9clairage (par exemple, pr\u00e9r\u00e9glages \"r\u00e9veil\" et \"soir\u00e9e d\u00e9tente\")<\/li><li>Optimisation du Wi-Fi et du r\u00e9seau pour des performances fiables<\/li><li>D\u00e9monstrations de syst\u00e8mes et conseils d'entretien<\/li><\/ul><p>Nous nous occupons de l'\u00e9clairage intelligent pour que vous puissiez vous d\u00e9tendre et profiter des r\u00e9sultats.<\/p>\t\t\t\t\t\t\t\t<\/div>\n\t\t\t\t<\/div>\n\t\t\t\t<\/div>\n\t\t<div class=\"elementor-element elementor-element-17b147a0 e-con-full e-flex e-con e-child\" data-id=\"17b147a0\" data-element_type=\"container\">\n\t\t\t\t<div class=\"elementor-element elementor-element-62bbcba7 elementor-widget elementor-widget-image\" data-id=\"62bbcba7\" data-element_type=\"widget\" data-widget_type=\"image.default\">\n\t\t\t\t<div class=\"elementor-widget-container\">\n\t\t\t\t\t\t\t\t\t\t\t\t\t\t\t<img decoding=\"async\" width=\"800\" height=\"600\" src=\"https:\/\/www.prettywired.co.uk\/wp-content\/uploads\/2025\/06\/phillips-hue-lighting6.jpg\" class=\"attachment-large size-large wp-image-502376\" alt=\"\" srcset=\"https:\/\/www.prettywired.co.uk\/wp-content\/uploads\/2025\/06\/phillips-hue-lighting6.jpg 1024w, https:\/\/www.prettywired.co.uk\/wp-content\/uploads\/2025\/06\/phillips-hue-lighting6-300x225.jpg 300w, https:\/\/www.prettywired.co.uk\/wp-content\/uploads\/2025\/06\/phillips-hue-lighting6-768x576.jpg 768w, https:\/\/www.prettywired.co.uk\/wp-content\/uploads\/2025\/06\/phillips-hue-lighting6-16x12.jpg 16w\" sizes=\"(max-width: 800px) 100vw, 800px\" \/>\t\t\t\t\t\t\t\t\t\t\t\t\t\t\t<\/div>\n\t\t\t\t<\/div>\n\t\t\t\t<\/div>\n\t\t\t\t\t<\/div>\n\t\t\t\t<\/section>\n\t\t\t\t\t<\/div>\n\t\t\t\t<\/div>\n\t\t<section class=\"elementor-element elementor-element-a9e8ea padding-top-bottom e-flex e-con-boxed e-con e-parent\" data-id=\"a9e8ea\" data-element_type=\"container\" data-settings=\"{&quot;background_background&quot;:&quot;classic&quot;}\">\n\t\t\t\t\t<div class=\"e-con-inner\">\n\t\t<div class=\"elementor-element elementor-element-572e9f20 e-con-full e-flex e-con e-child\" data-id=\"572e9f20\" data-element_type=\"container\">\n\t\t\t\t<div class=\"elementor-element elementor-element-82a97e0 elementor-widget elementor-widget-image\" data-id=\"82a97e0\" data-element_type=\"widget\" data-widget_type=\"image.default\">\n\t\t\t\t<div class=\"elementor-widget-container\">\n\t\t\t\t\t\t\t\t\t\t\t\t\t\t\t<img loading=\"lazy\" decoding=\"async\" width=\"1024\" height=\"768\" src=\"https:\/\/www.prettywired.co.uk\/wp-content\/uploads\/2025\/06\/phillips-hue-lighting5.jpg\" class=\"attachment-full size-full wp-image-502375\" alt=\"Phillips Hue Installer Kensington\" srcset=\"https:\/\/www.prettywired.co.uk\/wp-content\/uploads\/2025\/06\/phillips-hue-lighting5.jpg 1024w, https:\/\/www.prettywired.co.uk\/wp-content\/uploads\/2025\/06\/phillips-hue-lighting5-300x225.jpg 300w, https:\/\/www.prettywired.co.uk\/wp-content\/uploads\/2025\/06\/phillips-hue-lighting5-768x576.jpg 768w, https:\/\/www.prettywired.co.uk\/wp-content\/uploads\/2025\/06\/phillips-hue-lighting5-16x12.jpg 16w\" sizes=\"(max-width: 1024px) 100vw, 1024px\" \/>\t\t\t\t\t\t\t\t\t\t\t\t\t\t\t<\/div>\n\t\t\t\t<\/div>\n\t\t\t\t<\/div>\n\t\t<div class=\"elementor-element elementor-element-20d4bfcf e-con-full e-flex e-con e-child\" data-id=\"20d4bfcf\" data-element_type=\"container\">\n\t\t\t\t<div class=\"elementor-element elementor-element-65b5cdd5 elementor-widget elementor-widget-heading\" data-id=\"65b5cdd5\" data-element_type=\"widget\" data-widget_type=\"heading.default\">\n\t\t\t\t<div class=\"elementor-widget-container\">\n\t\t\t\t\t<h2 class=\"elementor-heading-title elementor-size-default\">Pourquoi choisir Pretty Wired \u00e0 Kensington ?\n<\/h2>\t\t\t\t<\/div>\n\t\t\t\t<\/div>\n\t\t\t\t<div class=\"elementor-element elementor-element-ccc648 elementor-widget elementor-widget-text-editor\" data-id=\"ccc648\" data-element_type=\"widget\" data-widget_type=\"text-editor.default\">\n\t\t\t\t<div class=\"elementor-widget-container\">\n\t\t\t\t\t\t\t\t\t<p>Nous ne sommes pas des \u00e9lectriciens comme les autres. Chez Pretty Wired, nous sommes sp\u00e9cialis\u00e9s dans les technologies domestiques intelligentes, et l'\u00e9clairage est notre passion. Nous combinons l'expertise technique avec un design de qualit\u00e9, aidant nos clients \u00e0 travers Kensington et le centre de Londres \u00e0 cr\u00e9er des syst\u00e8mes d'\u00e9clairage beaux et fonctionnels qui am\u00e9liorent la vie quotidienne.<\/p><p>Pourquoi les clients nous choisissent-ils ?<\/p><ul><li>Des installateurs d'\u00e9clairage intelligent tr\u00e8s exp\u00e9riment\u00e9s<\/li><li>Travail propre, soign\u00e9 et respectueux dans les propri\u00e9t\u00e9s de luxe et les immeubles class\u00e9s.<\/li><li>Enti\u00e8rement assur\u00e9 et enregistr\u00e9 aupr\u00e8s de la NICEIC<\/li><li>La confiance des d\u00e9corateurs d'int\u00e9rieur et des architectes<\/li><li>Un service personnalis\u00e9 et amical du d\u00e9but \u00e0 la fin<\/li><li>Un suivi fiable et un soutien \u00e0 l'expansion<\/li><\/ul><p>Nous savons que les maisons de Kensington sont aussi diverses que ses habitants, et nous concevrons votre syst\u00e8me Hue pour qu'il refl\u00e8te votre style de vie et vos go\u00fbts.<\/p><h2>R\u00e9servez votre installation Philips Hue \u00e0 Kensington<\/h2><p>Am\u00e9liorez votre maison avec un \u00e9clairage intelligent et de qualit\u00e9. Contactez Pretty Wired d\u00e8s aujourd'hui, votre installateur Philips Hue local \u00e0 Kensington, pour obtenir un devis personnalis\u00e9 et des conseils d'expert.<\/p>\t\t\t\t\t\t\t\t<\/div>\n\t\t\t\t<\/div>\n\t\t\t\t<div class=\"elementor-element elementor-element-5a48056 btn-arrow elementor-icon-list--layout-traditional elementor-list-item-link-full_width elementor-invisible elementor-widget elementor-widget-icon-list\" data-id=\"5a48056\" data-element_type=\"widget\" data-settings=\"{&quot;_animation&quot;:&quot;fadeInLeft&quot;}\" data-widget_type=\"icon-list.default\">\n\t\t\t\t<div class=\"elementor-widget-container\">\n\t\t\t\t\t\t\t<ul class=\"elementor-icon-list-items\">\n\t\t\t\t\t\t\t<li class=\"elementor-icon-list-item\">\n\t\t\t\t\t\t\t\t\t\t\t<a href=\"\/fr\/nous-contacter\/\">\n\n\t\t\t\t\t\t\t\t\t\t\t\t<span class=\"elementor-icon-list-icon\">\n\t\t\t\t\t\t\t<svg xmlns=\"http:\/\/www.w3.org\/2000\/svg\" width=\"116\" height=\"28\" viewbox=\"0 0 116 28\" fill=\"none\"><path d=\"M80.0001 26L110 14L80.0001 2\" stroke=\"#34586A\" stroke-width=\"4\"><\/path><line x1=\"106.667\" y1=\"14\" x2=\"2.23054e-05\" y2=\"14\" stroke=\"#34586A\" stroke-width=\"4\"><\/line><\/svg>\t\t\t\t\t\t<\/span>\n\t\t\t\t\t\t\t\t\t\t<span class=\"elementor-icon-list-text\">Contacter l'\u00e9quipe<\/span>\n\t\t\t\t\t\t\t\t\t\t\t<\/a>\n\t\t\t\t\t\t\t\t\t<\/li>\n\t\t\t\t\t\t<\/ul>\n\t\t\t\t\t\t<\/div>\n\t\t\t\t<\/div>\n\t\t\t\t<\/div>\n\t\t\t\t<div class=\"elementor-element elementor-element-bbea24e elementor-absolute elementor-widget elementor-widget-image\" data-id=\"bbea24e\" data-element_type=\"widget\" data-settings=\"{&quot;_position&quot;:&quot;absolute&quot;}\" data-widget_type=\"image.default\">\n\t\t\t\t<div class=\"elementor-widget-container\">\n\t\t\t\t\t\t\t\t\t\t\t\t\t\t\t<img decoding=\"async\" width=\"1213\" height=\"800\" src=\"https:\/\/www.prettywired.co.uk\/wp-content\/uploads\/2023\/08\/Linework_body_v3.svg\" class=\"attachment-full size-full wp-image-478\" alt=\"\" \/>\t\t\t\t\t\t\t\t\t\t\t\t\t\t\t<\/div>\n\t\t\t\t<\/div>\n\t\t\t\t\t<\/div>\n\t\t\t\t<\/section>\n\t\t<section class=\"elementor-element elementor-element-5c41269 e-flex e-con-boxed e-con e-parent\" data-id=\"5c41269\" data-element_type=\"container\" data-settings=\"{&quot;background_background&quot;:&quot;gradient&quot;}\">\n\t\t\t\t\t<div class=\"e-con-inner\">\n\t\t\t\t<div class=\"elementor-element elementor-element-22f4407b elementor-widget elementor-widget-template\" data-id=\"22f4407b\" data-element_type=\"widget\" data-widget_type=\"template.default\">\n\t\t\t\t<div class=\"elementor-widget-container\">\n\t\t\t\t\t\t\t<div class=\"elementor-template\">\n\t\t\t\t\t<div data-elementor-type=\"section\" data-elementor-id=\"241\" class=\"elementor elementor-241\" data-elementor-post-type=\"elementor_library\">\n\t\t\t<div class=\"elementor-element elementor-element-6254d86 e-flex e-con-boxed elementor-invisible e-con e-parent\" data-id=\"6254d86\" data-element_type=\"container\" data-settings=\"{&quot;background_background&quot;:&quot;classic&quot;,&quot;animation&quot;:&quot;fadeInUp&quot;}\">\n\t\t\t\t\t<div class=\"e-con-inner\">\n\t\t<div class=\"elementor-element elementor-element-590f031 e-con-full e-flex e-con e-child\" data-id=\"590f031\" data-element_type=\"container\">\n\t\t\t\t<div class=\"elementor-element elementor-element-020ca65 elementor-widget elementor-widget-image\" data-id=\"020ca65\" data-element_type=\"widget\" data-widget_type=\"image.default\">\n\t\t\t\t<div class=\"elementor-widget-container\">\n\t\t\t\t\t\t\t\t\t\t\t\t\t\t\t<img loading=\"lazy\" decoding=\"async\" width=\"291\" height=\"458\" src=\"https:\/\/www.prettywired.co.uk\/wp-content\/uploads\/2023\/07\/pw-hero-lightbulb.svg\" class=\"attachment-full size-full wp-image-46\" alt=\"Ampoule P W\" \/>\t\t\t\t\t\t\t\t\t\t\t\t\t\t\t<\/div>\n\t\t\t\t<\/div>\n\t\t\t\t<\/div>\n\t\t<div class=\"elementor-element elementor-element-109ea9f e-con-full e-flex e-con e-child\" data-id=\"109ea9f\" data-element_type=\"container\">\n\t\t\t\t<div class=\"elementor-element elementor-element-25d9cf0 elementor-widget elementor-widget-heading\" data-id=\"25d9cf0\" data-element_type=\"widget\" data-widget_type=\"heading.default\">\n\t\t\t\t<div class=\"elementor-widget-container\">\n\t\t\t\t\t<h2 class=\"elementor-heading-title elementor-size-default\">Comment pouvons-nous vous aider ?<\/h2>\t\t\t\t<\/div>\n\t\t\t\t<\/div>\n\t\t\t\t<div class=\"elementor-element elementor-element-9ad1056 elementor-widget elementor-widget-text-editor\" data-id=\"9ad1056\" data-element_type=\"widget\" data-widget_type=\"text-editor.default\">\n\t\t\t\t<div class=\"elementor-widget-container\">\n\t\t\t\t\t\t\t\t\t<p><span style=\"white-space-collapse: preserve;\">Vous pensez que nous pourrions \u00eatre le partenaire id\u00e9al pour votre projet ? <\/span><span style=\"white-space-collapse: preserve;\">Appelez l'\u00e9quipe d\u00e8s aujourd'hui et nous vous dirons comment nous pouvons vous aider.<br \/><\/span><\/p>\t\t\t\t\t\t\t\t<\/div>\n\t\t\t\t<\/div>\n\t\t\t\t<div class=\"elementor-element elementor-element-2569b50 elementor-widget elementor-widget-button\" data-id=\"2569b50\" data-element_type=\"widget\" data-widget_type=\"button.default\">\n\t\t\t\t<div class=\"elementor-widget-container\">\n\t\t\t\t\t\t\t\t\t<div class=\"elementor-button-wrapper\">\n\t\t\t\t\t<a class=\"elementor-button elementor-button-link elementor-size-sm\" href=\"\/fr\/nous-contacter\/\">\n\t\t\t\t\t\t<span class=\"elementor-button-content-wrapper\">\n\t\t\t\t\t\t\t\t\t<span class=\"elementor-button-text\">Prendre contact<\/span>\n\t\t\t\t\t<\/span>\n\t\t\t\t\t<\/a>\n\t\t\t\t<\/div>\n\t\t\t\t\t\t\t\t<\/div>\n\t\t\t\t<\/div>\n\t\t\t\t<\/div>\n\t\t\t\t\t<\/div>\n\t\t\t\t<\/div>\n\t\t\t\t<\/div>\n\t\t\t\t<\/div>\n\t\t\t\t\t\t<\/div>\n\t\t\t\t<\/div>\n\t\t\t\t\t<\/div>\n\t\t\t\t<\/section>\n\t\t\t\t<\/div>","protected":false},"excerpt":{"rendered":"<p>Phillips Hue Installer Kensington Installateurs Philips Hue certifi\u00e9s \u00e0 Kensington Installation d'\u00e9clairage intelligent par des experts Vous cherchez un installateur Philips Hue de confiance \u00e0 Kensington ? Chez Pretty Wired, nous apportons un \u00e9clairage intelligent \u00e0 votre maison gr\u00e2ce \u00e0 une installation professionnelle, une configuration sur mesure et une int\u00e9gration transparente. Que vous viviez dans un appartement moderne ou une maison de ville d'\u00e9poque, nos experts [...]<\/p>","protected":false},"author":1,"featured_media":0,"parent":0,"menu_order":0,"comment_status":"closed","ping_status":"closed","template":"","meta":{"footnotes":""},"class_list":["post-502402","page","type-page","status-publish","hentry"],"_links":{"self":[{"href":"https:\/\/www.prettywired.co.uk\/fr\/wp-json\/wp\/v2\/pages\/502402","targetHints":{"allow":["GET"]}}],"collection":[{"href":"https:\/\/www.prettywired.co.uk\/fr\/wp-json\/wp\/v2\/pages"}],"about":[{"href":"https:\/\/www.prettywired.co.uk\/fr\/wp-json\/wp\/v2\/types\/page"}],"author":[{"embeddable":true,"href":"https:\/\/www.prettywired.co.uk\/fr\/wp-json\/wp\/v2\/users\/1"}],"replies":[{"embeddable":true,"href":"https:\/\/www.prettywired.co.uk\/fr\/wp-json\/wp\/v2\/comments?post=502402"}],"version-history":[{"count":16,"href":"https:\/\/www.prettywired.co.uk\/fr\/wp-json\/wp\/v2\/pages\/502402\/revisions"}],"predecessor-version":[{"id":502418,"href":"https:\/\/www.prettywired.co.uk\/fr\/wp-json\/wp\/v2\/pages\/502402\/revisions\/502418"}],"wp:attachment":[{"href":"https:\/\/www.prettywired.co.uk\/fr\/wp-json\/wp\/v2\/media?parent=502402"}],"curies":[{"name":"wp","href":"https:\/\/api.w.org\/{rel}","templated":true}]}}