{"id":502366,"date":"2025-06-12T10:19:28","date_gmt":"2025-06-12T10:19:28","guid":{"rendered":"https:\/\/www.prettywired.co.uk\/?page_id=502366"},"modified":"2025-06-12T10:19:28","modified_gmt":"2025-06-12T10:19:28","slug":"installateur-phillips-hue-surrey","status":"publish","type":"page","link":"https:\/\/www.prettywired.co.uk\/fr\/installateur-phillips-hue-surrey\/","title":{"rendered":"Phillips Hue Installer Surrey"},"content":{"rendered":"<div data-elementor-type=\"wp-page\" data-elementor-id=\"502366\" class=\"elementor elementor-502366\" data-elementor-post-type=\"page\">\n\t\t\t\t<section class=\"elementor-element elementor-element-4c7157b5 padding-hero e-flex e-con-boxed e-con e-parent\" data-id=\"4c7157b5\" data-element_type=\"container\" data-settings=\"{&quot;background_background&quot;:&quot;classic&quot;}\">\n\t\t\t\t\t<div class=\"e-con-inner\">\n\t\t\t\t<div class=\"elementor-element elementor-element-2cd40231 elementor-widget elementor-widget-heading\" data-id=\"2cd40231\" data-element_type=\"widget\" data-widget_type=\"heading.default\">\n\t\t\t\t<div class=\"elementor-widget-container\">\n\t\t\t\t\t<h1 class=\"elementor-heading-title elementor-size-default\"> Phillips Hue Installer Surrey<\/h1>\t\t\t\t<\/div>\n\t\t\t\t<\/div>\n\t\t\t\t<div class=\"elementor-element elementor-element-6b07e00f elementor-widget elementor-widget-text-editor\" data-id=\"6b07e00f\" data-element_type=\"widget\" data-widget_type=\"text-editor.default\">\n\t\t\t\t<div class=\"elementor-widget-container\">\n\t\t\t\t\t\t\t\t\t<h3>Installateurs certifi\u00e9s Philips Hue \u00e0 Surrey<\/h3>\t\t\t\t\t\t\t\t<\/div>\n\t\t\t\t<\/div>\n\t\t\t\t\t<\/div>\n\t\t\t\t<\/section>\n\t\t<section class=\"elementor-element elementor-element-5c993d84 padding-top-bottom e-flex e-con-boxed e-con e-parent\" data-id=\"5c993d84\" data-element_type=\"container\">\n\t\t\t\t\t<div class=\"e-con-inner\">\n\t\t\t\t<div class=\"elementor-element elementor-element-720f55cf elementor-widget elementor-widget-text-editor\" data-id=\"720f55cf\" data-element_type=\"widget\" data-widget_type=\"text-editor.default\">\n\t\t\t\t<div class=\"elementor-widget-container\">\n\t\t\t\t\t\t\t\t\t<h2>L'\u00e9clairage intelligent install\u00e9 par des experts<\/h2>\t\t\t\t\t\t\t\t<\/div>\n\t\t\t\t<\/div>\n\t\t\t\t<div class=\"elementor-element elementor-element-52838f43 elementor-widget elementor-widget-text-editor\" data-id=\"52838f43\" data-element_type=\"widget\" data-widget_type=\"text-editor.default\">\n\t\t\t\t<div class=\"elementor-widget-container\">\n\t\t\t\t\t\t\t\t\t<p>Vous recherchez un installateur professionnel Philips Hue \u00e0 Surrey ? Chez Pretty Wired, nous simplifions l'\u00e9clairage intelligent. Notre \u00e9quipe d'experts est sp\u00e9cialis\u00e9e dans l'installation, la configuration et l'int\u00e9gration de <a href=\"https:\/\/www.prettywired.co.uk\/fr\/marques\/philips-hue\/\">Philips Hue<\/a> Nous installons des syst\u00e8mes d'\u00e9clairage dans les maisons et les entreprises du Surrey. Qu'il s'agisse de moderniser une seule pi\u00e8ce ou de planifier un syst\u00e8me domestique intelligent complet, nous vous aiderons \u00e0 obtenir un \u00e9clairage \u00e9poustouflant et flexible, facile \u00e0 contr\u00f4ler et personnalisable en fonction de votre style de vie.<\/p><p>Avec l'\u00e9clairage intelligent, l'ambiance est \u00e0 port\u00e9e de main ou de commande vocale, et avec Pretty Wired, l'installation est rapide, transparente et adapt\u00e9e \u00e0 vos besoins.<\/p>\t\t\t\t\t\t\t\t<\/div>\n\t\t\t\t<\/div>\n\t\t\t\t\t<\/div>\n\t\t\t\t<\/section>\n\t\t<section class=\"elementor-element elementor-element-73911955 padding-top-bottom e-flex e-con-boxed e-con e-parent\" data-id=\"73911955\" data-element_type=\"container\" data-settings=\"{&quot;background_background&quot;:&quot;classic&quot;}\">\n\t\t\t\t\t<div class=\"e-con-inner\">\n\t\t<div class=\"elementor-element elementor-element-4127dd92 e-con-full e-flex e-con e-child\" data-id=\"4127dd92\" data-element_type=\"container\">\n\t\t\t\t<div class=\"elementor-element elementor-element-23fb4bb4 elementor-widget elementor-widget-image\" data-id=\"23fb4bb4\" data-element_type=\"widget\" data-widget_type=\"image.default\">\n\t\t\t\t<div class=\"elementor-widget-container\">\n\t\t\t\t\t\t\t\t\t\t\t\t\t\t\t<img fetchpriority=\"high\" decoding=\"async\" width=\"768\" height=\"1024\" src=\"https:\/\/www.prettywired.co.uk\/wp-content\/uploads\/2025\/06\/phillips-hue-lighting1-copy-768x1024.jpg\" class=\"attachment-large size-large wp-image-502371\" alt=\"Installation d&#039;\u00e9clairage - Pretty Wired\" srcset=\"https:\/\/www.prettywired.co.uk\/wp-content\/uploads\/2025\/06\/phillips-hue-lighting1-copy-768x1024.jpg 768w, https:\/\/www.prettywired.co.uk\/wp-content\/uploads\/2025\/06\/phillips-hue-lighting1-copy-225x300.jpg 225w, https:\/\/www.prettywired.co.uk\/wp-content\/uploads\/2025\/06\/phillips-hue-lighting1-copy-9x12.jpg 9w, https:\/\/www.prettywired.co.uk\/wp-content\/uploads\/2025\/06\/phillips-hue-lighting1-copy.jpg 1024w\" sizes=\"(max-width: 768px) 100vw, 768px\" \/>\t\t\t\t\t\t\t\t\t\t\t\t\t\t\t<\/div>\n\t\t\t\t<\/div>\n\t\t\t\t<\/div>\n\t\t<div class=\"elementor-element elementor-element-26bc829 e-con-full e-flex e-con e-child\" data-id=\"26bc829\" data-element_type=\"container\">\n\t\t\t\t<div class=\"elementor-element elementor-element-1d5ce8ce elementor-widget elementor-widget-heading\" data-id=\"1d5ce8ce\" data-element_type=\"widget\" data-widget_type=\"heading.default\">\n\t\t\t\t<div class=\"elementor-widget-container\">\n\t\t\t\t\t<h2 class=\"elementor-heading-title elementor-size-default\">Qu'est-ce que Philips Hue et pourquoi le choisir ?\n<\/h2>\t\t\t\t<\/div>\n\t\t\t\t<\/div>\n\t\t\t\t<div class=\"elementor-element elementor-element-891368b elementor-widget elementor-widget-text-editor\" data-id=\"891368b\" data-element_type=\"widget\" data-widget_type=\"text-editor.default\">\n\t\t\t\t<div class=\"elementor-widget-container\">\n\t\t\t\t\t\t\t\t\t<p>Philips Hue est l'un des syst\u00e8mes d'\u00e9clairage intelligent les plus avanc\u00e9s et les plus conviviaux du march\u00e9. Il vous permet de contr\u00f4ler l'\u00e9clairage via un smartphone, une tablette, un assistant vocal ou une automatisation programm\u00e9e. Cr\u00e9ez l'ambiance parfaite avec des ampoules \u00e0 couleur changeante, des options de gradation et des pr\u00e9r\u00e9glages de sc\u00e8nes, tout en \u00e9conomisant de l'\u00e9nergie.<\/p><p>Avec un <a href=\"https:\/\/www.philips-hue.com\/en-gb\" target=\"_blank\" rel=\"noopener\">Philips Hue<\/a> vous pouvez le faire :<\/p><ul><li>Contr\u00f4lez vos lumi\u00e8res \u00e0 distance ou \u00e0 l'aide d'assistants vocaux comme Alexa, Google Assistant ou Siri.<\/li><li>R\u00e9gler les horaires d'\u00e9clairage en fonction de votre routine<\/li><li>Synchroniser les lumi\u00e8res avec la musique, les films ou les jeux pour des exp\u00e9riences immersives<\/li><li>Cr\u00e9er des \"zones\" d'\u00e9clairage dans les maisons \u00e0 aire ouverte<\/li><li>Renforcer la s\u00e9curit\u00e9 domestique gr\u00e2ce \u00e0 la simulation de pr\u00e9sence intelligente<\/li><li>Efficacit\u00e9 \u00e9nerg\u00e9tique et longue dur\u00e9e de vie des ampoules LED<\/li><\/ul>\t\t\t\t\t\t\t\t<\/div>\n\t\t\t\t<\/div>\n\t\t\t\t<div class=\"elementor-element elementor-element-2eb3786e btn-arrow elementor-icon-list--layout-traditional elementor-list-item-link-full_width elementor-invisible elementor-widget elementor-widget-icon-list\" data-id=\"2eb3786e\" data-element_type=\"widget\" data-settings=\"{&quot;_animation&quot;:&quot;fadeInLeft&quot;}\" data-widget_type=\"icon-list.default\">\n\t\t\t\t<div class=\"elementor-widget-container\">\n\t\t\t\t\t\t\t<ul class=\"elementor-icon-list-items\">\n\t\t\t\t\t\t\t<li class=\"elementor-icon-list-item\">\n\t\t\t\t\t\t\t\t\t\t\t<a href=\"\/fr\/nous-contacter\/\">\n\n\t\t\t\t\t\t\t\t\t\t\t\t<span class=\"elementor-icon-list-icon\">\n\t\t\t\t\t\t\t<svg xmlns=\"http:\/\/www.w3.org\/2000\/svg\" width=\"116\" height=\"28\" viewbox=\"0 0 116 28\" fill=\"none\"><path d=\"M80.0001 26L110 14L80.0001 2\" stroke=\"#34586A\" stroke-width=\"4\"><\/path><line x1=\"106.667\" y1=\"14\" x2=\"2.23054e-05\" y2=\"14\" stroke=\"#34586A\" stroke-width=\"4\"><\/line><\/svg>\t\t\t\t\t\t<\/span>\n\t\t\t\t\t\t\t\t\t\t<span class=\"elementor-icon-list-text\">Contacter l'\u00e9quipe<\/span>\n\t\t\t\t\t\t\t\t\t\t\t<\/a>\n\t\t\t\t\t\t\t\t\t<\/li>\n\t\t\t\t\t\t<\/ul>\n\t\t\t\t\t\t<\/div>\n\t\t\t\t<\/div>\n\t\t\t\t<\/div>\n\t\t\t\t<div class=\"elementor-element elementor-element-449b007b elementor-absolute elementor-widget elementor-widget-image\" data-id=\"449b007b\" data-element_type=\"widget\" data-settings=\"{&quot;_position&quot;:&quot;absolute&quot;}\" data-widget_type=\"image.default\">\n\t\t\t\t<div class=\"elementor-widget-container\">\n\t\t\t\t\t\t\t\t\t\t\t\t\t\t\t<img decoding=\"async\" width=\"1213\" height=\"800\" src=\"https:\/\/www.prettywired.co.uk\/wp-content\/uploads\/2023\/08\/Linework_body_v3.svg\" class=\"attachment-full size-full wp-image-478\" alt=\"\" \/>\t\t\t\t\t\t\t\t\t\t\t\t\t\t\t<\/div>\n\t\t\t\t<\/div>\n\t\t\t\t\t<\/div>\n\t\t\t\t<\/section>\n\t\t<div class=\"elementor-element elementor-element-66e9eb7c e-flex e-con-boxed e-con e-parent\" data-id=\"66e9eb7c\" data-element_type=\"container\">\n\t\t\t\t\t<div class=\"e-con-inner\">\n\t\t<section class=\"elementor-element elementor-element-48dd609d padding-top-bottom e-flex e-con-boxed e-con e-child\" data-id=\"48dd609d\" data-element_type=\"container\">\n\t\t\t\t\t<div class=\"e-con-inner\">\n\t\t<div class=\"elementor-element elementor-element-5b6c1b82 e-con-full e-flex e-con e-child\" data-id=\"5b6c1b82\" data-element_type=\"container\">\n\t\t\t\t<div class=\"elementor-element elementor-element-12e18c19 elementor-widget elementor-widget-text-editor\" data-id=\"12e18c19\" data-element_type=\"widget\" data-widget_type=\"text-editor.default\">\n\t\t\t\t<div class=\"elementor-widget-container\">\n\t\t\t\t\t\t\t\t\t<h2>Installation professionnelle de Philips Hue \u00e0 Surrey<\/h2><p>Bien que les produits Philips Hue soient con\u00e7us pour \u00eatre faciles \u00e0 utiliser, de nombreux propri\u00e9taires pr\u00e9f\u00e8rent faire appel \u00e0 un installateur professionnel pour garantir une installation transparente, en particulier lorsqu'il s'agit de combiner plusieurs zones d'\u00e9clairage ou de s'int\u00e9grer \u00e0 un syst\u00e8me de maison intelligente plus large.<\/p><p>Notre service d'installation Philips Hue, bas\u00e9 \u00e0 Surrey, comprend les \u00e9l\u00e9ments suivants<\/p><ul><li>Conseils sur les produits et conception de syst\u00e8mes<\/li><li>Installation d'interrupteurs et d'ampoules sans fil<\/li><li>Configuration du pont Hue, de l'application et des routines d'automatisation<\/li><li>Int\u00e9gration des assistants vocaux (Alexa, Google, Apple HomeKit)<\/li><li>Variateurs de lumi\u00e8re et d\u00e9tecteurs de mouvement intelligents<\/li><li>Optimisation du r\u00e9seau pour un contr\u00f4le fiable<\/li><li>Programmation des sc\u00e8nes d'\u00e9clairage et des routines<\/li><li>Soutien continu et extension du syst\u00e8me<\/li><\/ul><p>Nous vous aiderons \u00e0 \u00e9viter les probl\u00e8mes d'installation les plus courants et \u00e0 configurer votre syst\u00e8me Hue pour qu'il fonctionne parfaitement avec votre Wi-Fi, l'agencement de votre maison et votre style de vie.<\/p>\t\t\t\t\t\t\t\t<\/div>\n\t\t\t\t<\/div>\n\t\t\t\t<\/div>\n\t\t<div class=\"elementor-element elementor-element-17b147a0 e-con-full e-flex e-con e-child\" data-id=\"17b147a0\" data-element_type=\"container\">\n\t\t\t\t<div class=\"elementor-element elementor-element-62bbcba7 elementor-widget elementor-widget-image\" data-id=\"62bbcba7\" data-element_type=\"widget\" data-widget_type=\"image.default\">\n\t\t\t\t<div class=\"elementor-widget-container\">\n\t\t\t\t\t\t\t\t\t\t\t\t\t\t\t<img decoding=\"async\" width=\"800\" height=\"600\" src=\"https:\/\/www.prettywired.co.uk\/wp-content\/uploads\/2025\/06\/phillips-hue-lighting4-copy.jpg\" class=\"attachment-large size-large wp-image-502374\" alt=\"\" srcset=\"https:\/\/www.prettywired.co.uk\/wp-content\/uploads\/2025\/06\/phillips-hue-lighting4-copy.jpg 1024w, https:\/\/www.prettywired.co.uk\/wp-content\/uploads\/2025\/06\/phillips-hue-lighting4-copy-300x225.jpg 300w, https:\/\/www.prettywired.co.uk\/wp-content\/uploads\/2025\/06\/phillips-hue-lighting4-copy-768x576.jpg 768w, https:\/\/www.prettywired.co.uk\/wp-content\/uploads\/2025\/06\/phillips-hue-lighting4-copy-16x12.jpg 16w\" sizes=\"(max-width: 800px) 100vw, 800px\" \/>\t\t\t\t\t\t\t\t\t\t\t\t\t\t\t<\/div>\n\t\t\t\t<\/div>\n\t\t\t\t<\/div>\n\t\t\t\t\t<\/div>\n\t\t\t\t<\/section>\n\t\t\t\t\t<\/div>\n\t\t\t\t<\/div>\n\t\t<section class=\"elementor-element elementor-element-a9e8ea padding-top-bottom e-flex e-con-boxed e-con e-parent\" data-id=\"a9e8ea\" data-element_type=\"container\" data-settings=\"{&quot;background_background&quot;:&quot;classic&quot;}\">\n\t\t\t\t\t<div class=\"e-con-inner\">\n\t\t<div class=\"elementor-element elementor-element-572e9f20 e-con-full e-flex e-con e-child\" data-id=\"572e9f20\" data-element_type=\"container\">\n\t\t\t\t<div class=\"elementor-element elementor-element-82a97e0 elementor-widget elementor-widget-image\" data-id=\"82a97e0\" data-element_type=\"widget\" data-widget_type=\"image.default\">\n\t\t\t\t<div class=\"elementor-widget-container\">\n\t\t\t\t\t\t\t\t\t\t\t\t\t\t\t<img loading=\"lazy\" decoding=\"async\" width=\"1024\" height=\"1365\" src=\"https:\/\/www.prettywired.co.uk\/wp-content\/uploads\/2025\/06\/phillips-hue-lighting3.jpg\" class=\"attachment-full size-full wp-image-502373\" alt=\"\" srcset=\"https:\/\/www.prettywired.co.uk\/wp-content\/uploads\/2025\/06\/phillips-hue-lighting3.jpg 1024w, https:\/\/www.prettywired.co.uk\/wp-content\/uploads\/2025\/06\/phillips-hue-lighting3-225x300.jpg 225w, https:\/\/www.prettywired.co.uk\/wp-content\/uploads\/2025\/06\/phillips-hue-lighting3-768x1024.jpg 768w, https:\/\/www.prettywired.co.uk\/wp-content\/uploads\/2025\/06\/phillips-hue-lighting3-9x12.jpg 9w\" sizes=\"(max-width: 1024px) 100vw, 1024px\" \/>\t\t\t\t\t\t\t\t\t\t\t\t\t\t\t<\/div>\n\t\t\t\t<\/div>\n\t\t\t\t<\/div>\n\t\t<div class=\"elementor-element elementor-element-20d4bfcf e-con-full e-flex e-con e-child\" data-id=\"20d4bfcf\" data-element_type=\"container\">\n\t\t\t\t<div class=\"elementor-element elementor-element-65b5cdd5 elementor-widget elementor-widget-heading\" data-id=\"65b5cdd5\" data-element_type=\"widget\" data-widget_type=\"heading.default\">\n\t\t\t\t<div class=\"elementor-widget-container\">\n\t\t\t\t\t<h2 class=\"elementor-heading-title elementor-size-default\">Pourquoi choisir Pretty Wired ?<\/h2>\t\t\t\t<\/div>\n\t\t\t\t<\/div>\n\t\t\t\t<div class=\"elementor-element elementor-element-ccc648 elementor-widget elementor-widget-text-editor\" data-id=\"ccc648\" data-element_type=\"widget\" data-widget_type=\"text-editor.default\">\n\t\t\t\t<div class=\"elementor-widget-container\">\n\t\t\t\t\t\t\t\t\t<p>Chez Pretty Wired, nous ne sommes pas seulement des \u00e9lectriciens, mais aussi des sp\u00e9cialistes des technologies domestiques intelligentes. Nous savons comment tirer le meilleur parti de vos appareils intelligents et nous sommes passionn\u00e9s par l'obtention de magnifiques r\u00e9sultats d'\u00e9clairage qui transforment les espaces quotidiens.<\/p><p>Les clients du Surrey nous font confiance pour les raisons suivantes<\/p><ul><li>Nous sommes des installateurs exp\u00e9riment\u00e9s d'\u00e9clairage intelligent<\/li><li>Nous proposons des installations propres et discr\u00e8tes, avec un minimum de perturbations.<\/li><li>Nous fournissons un service de bout en bout, de la planification \u00e0 l'assistance apr\u00e8s l'installation.<\/li><li>Nous sommes pleinement qualifi\u00e9s, assur\u00e9s et au fait des derni\u00e8res technologies.<\/li><li>Nous sommes sympathiques, fiables et faciles \u00e0 travailler.<\/li><\/ul><p>Nous sommes au service des propri\u00e9taires, des bailleurs, des d\u00e9corateurs d'int\u00e9rieur et des promoteurs immobiliers dans tout le Surrey.<\/p><h3>R\u00e9servez votre installation Philips Hue \u00e0 Surrey<\/h3><p>Pr\u00eat \u00e0 embellir votre maison avec un \u00e9clairage intelligent aussi esth\u00e9tique que performant ? <a href=\"https:\/\/www.prettywired.co.uk\/fr\/nous-contacter\/\">Contact<\/a> Contactez Pretty Wired d\u00e8s aujourd'hui pour parler \u00e0 un installateur Philips Hue dans le Surrey. Nous vous guiderons dans vos choix, vous fournirons un devis clair et veillerons \u00e0 ce que tout soit install\u00e9 dans les r\u00e8gles de l'art.<\/p>\t\t\t\t\t\t\t\t<\/div>\n\t\t\t\t<\/div>\n\t\t\t\t<div class=\"elementor-element elementor-element-5a48056 btn-arrow elementor-icon-list--layout-traditional elementor-list-item-link-full_width elementor-invisible elementor-widget elementor-widget-icon-list\" data-id=\"5a48056\" data-element_type=\"widget\" data-settings=\"{&quot;_animation&quot;:&quot;fadeInLeft&quot;}\" data-widget_type=\"icon-list.default\">\n\t\t\t\t<div class=\"elementor-widget-container\">\n\t\t\t\t\t\t\t<ul class=\"elementor-icon-list-items\">\n\t\t\t\t\t\t\t<li class=\"elementor-icon-list-item\">\n\t\t\t\t\t\t\t\t\t\t\t<a href=\"\/fr\/nous-contacter\/\">\n\n\t\t\t\t\t\t\t\t\t\t\t\t<span class=\"elementor-icon-list-icon\">\n\t\t\t\t\t\t\t<svg xmlns=\"http:\/\/www.w3.org\/2000\/svg\" width=\"116\" height=\"28\" viewbox=\"0 0 116 28\" fill=\"none\"><path d=\"M80.0001 26L110 14L80.0001 2\" stroke=\"#34586A\" stroke-width=\"4\"><\/path><line x1=\"106.667\" y1=\"14\" x2=\"2.23054e-05\" y2=\"14\" stroke=\"#34586A\" stroke-width=\"4\"><\/line><\/svg>\t\t\t\t\t\t<\/span>\n\t\t\t\t\t\t\t\t\t\t<span class=\"elementor-icon-list-text\">Contacter l'\u00e9quipe<\/span>\n\t\t\t\t\t\t\t\t\t\t\t<\/a>\n\t\t\t\t\t\t\t\t\t<\/li>\n\t\t\t\t\t\t<\/ul>\n\t\t\t\t\t\t<\/div>\n\t\t\t\t<\/div>\n\t\t\t\t<\/div>\n\t\t\t\t<div class=\"elementor-element elementor-element-bbea24e elementor-absolute elementor-widget elementor-widget-image\" data-id=\"bbea24e\" data-element_type=\"widget\" data-settings=\"{&quot;_position&quot;:&quot;absolute&quot;}\" data-widget_type=\"image.default\">\n\t\t\t\t<div class=\"elementor-widget-container\">\n\t\t\t\t\t\t\t\t\t\t\t\t\t\t\t<img decoding=\"async\" width=\"1213\" height=\"800\" src=\"https:\/\/www.prettywired.co.uk\/wp-content\/uploads\/2023\/08\/Linework_body_v3.svg\" class=\"attachment-full size-full wp-image-478\" alt=\"\" \/>\t\t\t\t\t\t\t\t\t\t\t\t\t\t\t<\/div>\n\t\t\t\t<\/div>\n\t\t\t\t\t<\/div>\n\t\t\t\t<\/section>\n\t\t<section class=\"elementor-element elementor-element-5c41269 e-flex e-con-boxed e-con e-parent\" data-id=\"5c41269\" data-element_type=\"container\" data-settings=\"{&quot;background_background&quot;:&quot;gradient&quot;}\">\n\t\t\t\t\t<div class=\"e-con-inner\">\n\t\t\t\t<div class=\"elementor-element elementor-element-22f4407b elementor-widget elementor-widget-template\" data-id=\"22f4407b\" data-element_type=\"widget\" data-widget_type=\"template.default\">\n\t\t\t\t<div class=\"elementor-widget-container\">\n\t\t\t\t\t\t\t<div class=\"elementor-template\">\n\t\t\t\t\t<div data-elementor-type=\"section\" data-elementor-id=\"241\" class=\"elementor elementor-241\" data-elementor-post-type=\"elementor_library\">\n\t\t\t<div class=\"elementor-element elementor-element-6254d86 e-flex e-con-boxed elementor-invisible e-con e-parent\" data-id=\"6254d86\" data-element_type=\"container\" data-settings=\"{&quot;background_background&quot;:&quot;classic&quot;,&quot;animation&quot;:&quot;fadeInUp&quot;}\">\n\t\t\t\t\t<div class=\"e-con-inner\">\n\t\t<div class=\"elementor-element elementor-element-590f031 e-con-full e-flex e-con e-child\" data-id=\"590f031\" data-element_type=\"container\">\n\t\t\t\t<div class=\"elementor-element elementor-element-020ca65 elementor-widget elementor-widget-image\" data-id=\"020ca65\" data-element_type=\"widget\" data-widget_type=\"image.default\">\n\t\t\t\t<div class=\"elementor-widget-container\">\n\t\t\t\t\t\t\t\t\t\t\t\t\t\t\t<img loading=\"lazy\" decoding=\"async\" width=\"291\" height=\"458\" src=\"https:\/\/www.prettywired.co.uk\/wp-content\/uploads\/2023\/07\/pw-hero-lightbulb.svg\" class=\"attachment-full size-full wp-image-46\" alt=\"Ampoule P W\" \/>\t\t\t\t\t\t\t\t\t\t\t\t\t\t\t<\/div>\n\t\t\t\t<\/div>\n\t\t\t\t<\/div>\n\t\t<div class=\"elementor-element elementor-element-109ea9f e-con-full e-flex e-con e-child\" data-id=\"109ea9f\" data-element_type=\"container\">\n\t\t\t\t<div class=\"elementor-element elementor-element-25d9cf0 elementor-widget elementor-widget-heading\" data-id=\"25d9cf0\" data-element_type=\"widget\" data-widget_type=\"heading.default\">\n\t\t\t\t<div class=\"elementor-widget-container\">\n\t\t\t\t\t<h2 class=\"elementor-heading-title elementor-size-default\">Comment pouvons-nous vous aider ?<\/h2>\t\t\t\t<\/div>\n\t\t\t\t<\/div>\n\t\t\t\t<div class=\"elementor-element elementor-element-9ad1056 elementor-widget elementor-widget-text-editor\" data-id=\"9ad1056\" data-element_type=\"widget\" data-widget_type=\"text-editor.default\">\n\t\t\t\t<div class=\"elementor-widget-container\">\n\t\t\t\t\t\t\t\t\t<p><span style=\"white-space-collapse: preserve;\">Vous pensez que nous pourrions \u00eatre le partenaire id\u00e9al pour votre projet ? <\/span><span style=\"white-space-collapse: preserve;\">Appelez l'\u00e9quipe d\u00e8s aujourd'hui et nous vous dirons comment nous pouvons vous aider.<br \/><\/span><\/p>\t\t\t\t\t\t\t\t<\/div>\n\t\t\t\t<\/div>\n\t\t\t\t<div class=\"elementor-element elementor-element-2569b50 elementor-widget elementor-widget-button\" data-id=\"2569b50\" data-element_type=\"widget\" data-widget_type=\"button.default\">\n\t\t\t\t<div class=\"elementor-widget-container\">\n\t\t\t\t\t\t\t\t\t<div class=\"elementor-button-wrapper\">\n\t\t\t\t\t<a class=\"elementor-button elementor-button-link elementor-size-sm\" href=\"\/fr\/nous-contacter\/\">\n\t\t\t\t\t\t<span class=\"elementor-button-content-wrapper\">\n\t\t\t\t\t\t\t\t\t<span class=\"elementor-button-text\">Prendre contact<\/span>\n\t\t\t\t\t<\/span>\n\t\t\t\t\t<\/a>\n\t\t\t\t<\/div>\n\t\t\t\t\t\t\t\t<\/div>\n\t\t\t\t<\/div>\n\t\t\t\t<\/div>\n\t\t\t\t\t<\/div>\n\t\t\t\t<\/div>\n\t\t\t\t<\/div>\n\t\t\t\t<\/div>\n\t\t\t\t\t\t<\/div>\n\t\t\t\t<\/div>\n\t\t\t\t\t<\/div>\n\t\t\t\t<\/section>\n\t\t\t\t<\/div>","protected":false},"excerpt":{"rendered":"<p>Phillips Hue Installer Surrey Installateurs certifi\u00e9s Philips Hue \u00e0 Surrey \u00c9clairage intelligent install\u00e9 par des experts Vous cherchez un installateur professionnel Philips Hue \u00e0 Surrey ? Chez Pretty Wired, nous simplifions l'\u00e9clairage intelligent. Notre \u00e9quipe d'experts est sp\u00e9cialis\u00e9e dans l'installation, la configuration et l'int\u00e9gration des syst\u00e8mes d'\u00e9clairage Philips Hue dans les maisons et les entreprises de Surrey. Que vous soyez [...]<\/p>","protected":false},"author":1,"featured_media":0,"parent":0,"menu_order":0,"comment_status":"closed","ping_status":"closed","template":"","meta":{"footnotes":""},"class_list":["post-502366","page","type-page","status-publish","hentry"],"_links":{"self":[{"href":"https:\/\/www.prettywired.co.uk\/fr\/wp-json\/wp\/v2\/pages\/502366","targetHints":{"allow":["GET"]}}],"collection":[{"href":"https:\/\/www.prettywired.co.uk\/fr\/wp-json\/wp\/v2\/pages"}],"about":[{"href":"https:\/\/www.prettywired.co.uk\/fr\/wp-json\/wp\/v2\/types\/page"}],"author":[{"embeddable":true,"href":"https:\/\/www.prettywired.co.uk\/fr\/wp-json\/wp\/v2\/users\/1"}],"replies":[{"embeddable":true,"href":"https:\/\/www.prettywired.co.uk\/fr\/wp-json\/wp\/v2\/comments?post=502366"}],"version-history":[{"count":12,"href":"https:\/\/www.prettywired.co.uk\/fr\/wp-json\/wp\/v2\/pages\/502366\/revisions"}],"predecessor-version":[{"id":502391,"href":"https:\/\/www.prettywired.co.uk\/fr\/wp-json\/wp\/v2\/pages\/502366\/revisions\/502391"}],"wp:attachment":[{"href":"https:\/\/www.prettywired.co.uk\/fr\/wp-json\/wp\/v2\/media?parent=502366"}],"curies":[{"name":"wp","href":"https:\/\/api.w.org\/{rel}","templated":true}]}}