{"id":502345,"date":"2025-06-02T15:34:40","date_gmt":"2025-06-02T15:34:40","guid":{"rendered":"https:\/\/www.prettywired.co.uk\/?page_id=502345"},"modified":"2025-06-02T15:40:16","modified_gmt":"2025-06-02T15:40:16","slug":"installateur-sonos-chelsea","status":"publish","type":"page","link":"https:\/\/www.prettywired.co.uk\/fr\/installateur-sonos-chelsea\/","title":{"rendered":"Installateur Sonos Chelsea"},"content":{"rendered":"<div data-elementor-type=\"wp-page\" data-elementor-id=\"502345\" class=\"elementor elementor-502345\" data-elementor-post-type=\"page\">\n\t\t\t\t<section class=\"elementor-element elementor-element-4c7157b5 padding-hero e-flex e-con-boxed e-con e-parent\" data-id=\"4c7157b5\" data-element_type=\"container\" data-settings=\"{&quot;background_background&quot;:&quot;classic&quot;}\">\n\t\t\t\t\t<div class=\"e-con-inner\">\n\t\t\t\t<div class=\"elementor-element elementor-element-2cd40231 elementor-widget elementor-widget-heading\" data-id=\"2cd40231\" data-element_type=\"widget\" data-widget_type=\"heading.default\">\n\t\t\t\t<div class=\"elementor-widget-container\">\n\t\t\t\t\t<h1 class=\"elementor-heading-title elementor-size-default\">Installateur Sonos Chelsea<\/h1>\t\t\t\t<\/div>\n\t\t\t\t<\/div>\n\t\t\t\t<div class=\"elementor-element elementor-element-6b07e00f elementor-widget elementor-widget-text-editor\" data-id=\"6b07e00f\" data-element_type=\"widget\" data-widget_type=\"text-editor.default\">\n\t\t\t\t<div class=\"elementor-widget-container\">\n\t\t\t\t\t\t\t\t\t<h3>Installateurs Sonos certifi\u00e9s \u00e0 Chelsea<\/h3>\t\t\t\t\t\t\t\t<\/div>\n\t\t\t\t<\/div>\n\t\t\t\t\t<\/div>\n\t\t\t\t<\/section>\n\t\t<section class=\"elementor-element elementor-element-5c993d84 padding-top-bottom e-flex e-con-boxed e-con e-parent\" data-id=\"5c993d84\" data-element_type=\"container\">\n\t\t\t\t\t<div class=\"e-con-inner\">\n\t\t\t\t<div class=\"elementor-element elementor-element-720f55cf elementor-widget elementor-widget-text-editor\" data-id=\"720f55cf\" data-element_type=\"widget\" data-widget_type=\"text-editor.default\">\n\t\t\t\t<div class=\"elementor-widget-container\">\n\t\t\t\t\t\t\t\t\t<h2>Solutions audio sans fil intelligentes \u00e0 Chelsea<\/h2>\t\t\t\t\t\t\t\t<\/div>\n\t\t\t\t<\/div>\n\t\t\t\t<div class=\"elementor-element elementor-element-52838f43 elementor-widget elementor-widget-text-editor\" data-id=\"52838f43\" data-element_type=\"widget\" data-widget_type=\"text-editor.default\">\n\t\t\t\t<div class=\"elementor-widget-container\">\n\t\t\t\t\t\t\t\t\t<p>Transformez votre maison avec des produits exceptionnels <a href=\"https:\/\/www.prettywired.co.uk\/fr\/marques\/installateur-sonos-londres\/\">Sonos<\/a> audio, install\u00e9 professionnellement par Pretty Wired \u00e0 Chelsea. Que vous souhaitiez de la musique en continu dans toute votre maison, un syst\u00e8me de haut-parleurs sans fil puissant ou un syst\u00e8me audio encastr\u00e9 discret, notre \u00e9quipe d'experts est l\u00e0 pour vous aider.<\/p><p>Nous sommes sp\u00e9cialis\u00e9s dans la cr\u00e9ation de syst\u00e8mes audio sans fil fluides, \u00e9l\u00e9gants et enti\u00e8rement int\u00e9gr\u00e9s, adapt\u00e9s \u00e0 votre style de vie. Avec des ann\u00e9es d'exp\u00e9rience et une passion pour le son, Pretty Wired fournit une installation Sonos experte \u00e0 Chelsea pour assurer une exp\u00e9rience sans faille du d\u00e9but \u00e0 la fin.<\/p>\t\t\t\t\t\t\t\t<\/div>\n\t\t\t\t<\/div>\n\t\t\t\t\t<\/div>\n\t\t\t\t<\/section>\n\t\t<section class=\"elementor-element elementor-element-73911955 padding-top-bottom e-flex e-con-boxed e-con e-parent\" data-id=\"73911955\" data-element_type=\"container\" data-settings=\"{&quot;background_background&quot;:&quot;classic&quot;}\">\n\t\t\t\t\t<div class=\"e-con-inner\">\n\t\t<div class=\"elementor-element elementor-element-4127dd92 e-con-full e-flex e-con e-child\" data-id=\"4127dd92\" data-element_type=\"container\">\n\t\t\t\t<div class=\"elementor-element elementor-element-23fb4bb4 elementor-widget elementor-widget-image\" data-id=\"23fb4bb4\" data-element_type=\"widget\" data-widget_type=\"image.default\">\n\t\t\t\t<div class=\"elementor-widget-container\">\n\t\t\t\t\t\t\t\t\t\t\t\t\t\t\t<img fetchpriority=\"high\" decoding=\"async\" width=\"800\" height=\"509\" src=\"https:\/\/www.prettywired.co.uk\/wp-content\/uploads\/2025\/05\/shadowsonosspeaker-1024x652.jpg\" class=\"attachment-large size-large wp-image-502282\" alt=\"\" srcset=\"https:\/\/www.prettywired.co.uk\/wp-content\/uploads\/2025\/05\/shadowsonosspeaker-1024x652.jpg 1024w, https:\/\/www.prettywired.co.uk\/wp-content\/uploads\/2025\/05\/shadowsonosspeaker-300x191.jpg 300w, https:\/\/www.prettywired.co.uk\/wp-content\/uploads\/2025\/05\/shadowsonosspeaker-768x489.jpg 768w, https:\/\/www.prettywired.co.uk\/wp-content\/uploads\/2025\/05\/shadowsonosspeaker-1536x978.jpg 1536w, https:\/\/www.prettywired.co.uk\/wp-content\/uploads\/2025\/05\/shadowsonosspeaker-2048x1304.jpg 2048w, https:\/\/www.prettywired.co.uk\/wp-content\/uploads\/2025\/05\/shadowsonosspeaker-18x12.jpg 18w\" sizes=\"(max-width: 800px) 100vw, 800px\" \/>\t\t\t\t\t\t\t\t\t\t\t\t\t\t\t<\/div>\n\t\t\t\t<\/div>\n\t\t\t\t<\/div>\n\t\t<div class=\"elementor-element elementor-element-26bc829 e-con-full e-flex e-con e-child\" data-id=\"26bc829\" data-element_type=\"container\">\n\t\t\t\t<div class=\"elementor-element elementor-element-1d5ce8ce elementor-widget elementor-widget-heading\" data-id=\"1d5ce8ce\" data-element_type=\"widget\" data-widget_type=\"heading.default\">\n\t\t\t\t<div class=\"elementor-widget-container\">\n\t\t\t\t\t<h2 class=\"elementor-heading-title elementor-size-default\">Pourquoi choisir les services Sonos \u00e0 Chelsea<\/h2>\t\t\t\t<\/div>\n\t\t\t\t<\/div>\n\t\t\t\t<div class=\"elementor-element elementor-element-891368b elementor-widget elementor-widget-text-editor\" data-id=\"891368b\" data-element_type=\"widget\" data-widget_type=\"text-editor.default\">\n\t\t\t\t<div class=\"elementor-widget-container\">\n\t\t\t\t\t\t\t\t\t<p>Sonos est un leader du march\u00e9 des syst\u00e8mes audio sans fil, et ce pour de bonnes raisons. Avec une gamme de fonctions intelligentes et des performances de premier ordre, les syst\u00e8mes Sonos sont la solution id\u00e9ale pour les propri\u00e9taires de Chelsea qui veulent un son de qualit\u00e9 sup\u00e9rieure sans compromis.<\/p><p>Voici ce qui distingue Sonos :<\/p><ul><li><strong>Audio multi-pi\u00e8ces<\/strong> - Diffusez la m\u00eame musique dans toute la maison ou des chansons diff\u00e9rentes dans les diff\u00e9rentes pi\u00e8ces, le tout contr\u00f4l\u00e9 \u00e0 partir d'une seule application.<\/li><li><strong>Confort sans fil<\/strong> - Profitez d'un son de haute qualit\u00e9 sans vous encombrer de c\u00e2bles emm\u00eal\u00e9s ou de fils apparents.<\/li><li><strong>Pr\u00eat pour la maison intelligente<\/strong> - Fonctionne avec Amazon Alexa, Google Assistant et Apple AirPlay pour un contr\u00f4le vocal et bas\u00e9 sur une application.<\/li><li><strong>Optimisation du son Trueplay<\/strong> - Votre syst\u00e8me Sonos s'adapte automatiquement \u00e0 l'acoustique de chaque pi\u00e8ce, pour une clart\u00e9 parfaite.<\/li><li><strong>Modulaire et \u00e9volutif<\/strong> - Commencez avec un seul haut-parleur et \u00e9largissez votre installation au fur et \u00e0 mesure de l'\u00e9volution de vos besoins.<\/li><\/ul>\t\t\t\t\t\t\t\t<\/div>\n\t\t\t\t<\/div>\n\t\t\t\t<div class=\"elementor-element elementor-element-2eb3786e btn-arrow elementor-icon-list--layout-traditional elementor-list-item-link-full_width elementor-invisible elementor-widget elementor-widget-icon-list\" data-id=\"2eb3786e\" data-element_type=\"widget\" data-settings=\"{&quot;_animation&quot;:&quot;fadeInLeft&quot;}\" data-widget_type=\"icon-list.default\">\n\t\t\t\t<div class=\"elementor-widget-container\">\n\t\t\t\t\t\t\t<ul class=\"elementor-icon-list-items\">\n\t\t\t\t\t\t\t<li class=\"elementor-icon-list-item\">\n\t\t\t\t\t\t\t\t\t\t\t<a href=\"\/fr\/nous-contacter\/\">\n\n\t\t\t\t\t\t\t\t\t\t\t\t<span class=\"elementor-icon-list-icon\">\n\t\t\t\t\t\t\t<svg xmlns=\"http:\/\/www.w3.org\/2000\/svg\" width=\"116\" height=\"28\" viewbox=\"0 0 116 28\" fill=\"none\"><path d=\"M80.0001 26L110 14L80.0001 2\" stroke=\"#34586A\" stroke-width=\"4\"><\/path><line x1=\"106.667\" y1=\"14\" x2=\"2.23054e-05\" y2=\"14\" stroke=\"#34586A\" stroke-width=\"4\"><\/line><\/svg>\t\t\t\t\t\t<\/span>\n\t\t\t\t\t\t\t\t\t\t<span class=\"elementor-icon-list-text\">Contacter l'\u00e9quipe<\/span>\n\t\t\t\t\t\t\t\t\t\t\t<\/a>\n\t\t\t\t\t\t\t\t\t<\/li>\n\t\t\t\t\t\t<\/ul>\n\t\t\t\t\t\t<\/div>\n\t\t\t\t<\/div>\n\t\t\t\t<\/div>\n\t\t\t\t<div class=\"elementor-element elementor-element-449b007b elementor-absolute elementor-widget elementor-widget-image\" data-id=\"449b007b\" data-element_type=\"widget\" data-settings=\"{&quot;_position&quot;:&quot;absolute&quot;}\" data-widget_type=\"image.default\">\n\t\t\t\t<div class=\"elementor-widget-container\">\n\t\t\t\t\t\t\t\t\t\t\t\t\t\t\t<img decoding=\"async\" width=\"1213\" height=\"800\" src=\"https:\/\/www.prettywired.co.uk\/wp-content\/uploads\/2023\/08\/Linework_body_v3.svg\" class=\"attachment-full size-full wp-image-478\" alt=\"\" \/>\t\t\t\t\t\t\t\t\t\t\t\t\t\t\t<\/div>\n\t\t\t\t<\/div>\n\t\t\t\t\t<\/div>\n\t\t\t\t<\/section>\n\t\t<div class=\"elementor-element elementor-element-66e9eb7c e-flex e-con-boxed e-con e-parent\" data-id=\"66e9eb7c\" data-element_type=\"container\">\n\t\t\t\t\t<div class=\"e-con-inner\">\n\t\t<section class=\"elementor-element elementor-element-48dd609d padding-top-bottom e-flex e-con-boxed e-con e-child\" data-id=\"48dd609d\" data-element_type=\"container\">\n\t\t\t\t\t<div class=\"e-con-inner\">\n\t\t<div class=\"elementor-element elementor-element-5b6c1b82 e-con-full e-flex e-con e-child\" data-id=\"5b6c1b82\" data-element_type=\"container\">\n\t\t\t\t<div class=\"elementor-element elementor-element-12e18c19 elementor-widget elementor-widget-text-editor\" data-id=\"12e18c19\" data-element_type=\"widget\" data-widget_type=\"text-editor.default\">\n\t\t\t\t<div class=\"elementor-widget-container\">\n\t\t\t\t\t\t\t\t\t<h2>La maison de Chelsea sur\u00e9lev\u00e9e gr\u00e2ce \u00e0 Sonos<\/h2><p>Sonos offre un son exceptionnel, mais seulement s'il est install\u00e9 correctement. C'est l\u00e0 que Pretty Wired intervient. Nous sommes des installateurs Sonos de confiance \u00e0 Chelsea, avec la r\u00e9putation de fournir des r\u00e9sultats de haute qualit\u00e9 qui sonnent aussi bien qu'ils en ont l'air.<\/p><p>Notre service d'installation comprend<\/p><ul><li><strong>Conception audio sur mesure<\/strong> - Nous \u00e9valuons votre maison et recommandons les meilleurs types d'enceintes et leur emplacement pour des r\u00e9sultats optimaux.<\/li><li><strong>Une installation et une int\u00e9gration sans faille<\/strong> - De la configuration du r\u00e9seau \u00e0 la synchronisation des applications et \u00e0 l'int\u00e9gration des assistants intelligents, nous veillons \u00e0 ce que tous les d\u00e9tails soient couverts.<\/li><li><strong>Solutions discr\u00e8tes<\/strong> - Vous pr\u00e9f\u00e9rez des enceintes qui se fondent dans le d\u00e9cor ? Nous proposons l'installation de haut-parleurs dans les murs et au plafond pour une finition \u00e9l\u00e9gante et subtile.<\/li><li><strong>Suivi et soutien<\/strong> - Besoin d'aide pour les futures mises \u00e0 jour ou le d\u00e9pannage ? Nous sommes \u00e0 votre disposition.<\/li><\/ul>\t\t\t\t\t\t\t\t<\/div>\n\t\t\t\t<\/div>\n\t\t\t\t<\/div>\n\t\t<div class=\"elementor-element elementor-element-17b147a0 e-con-full e-flex e-con e-child\" data-id=\"17b147a0\" data-element_type=\"container\">\n\t\t\t\t<div class=\"elementor-element elementor-element-62bbcba7 elementor-widget elementor-widget-image\" data-id=\"62bbcba7\" data-element_type=\"widget\" data-widget_type=\"image.default\">\n\t\t\t\t<div class=\"elementor-widget-container\">\n\t\t\t\t\t\t\t\t\t\t\t\t\t\t\t<img decoding=\"async\" width=\"800\" height=\"534\" src=\"https:\/\/www.prettywired.co.uk\/wp-content\/uploads\/2025\/05\/iphonesonos-1024x683.jpg\" class=\"attachment-large size-large wp-image-502281\" alt=\"\" srcset=\"https:\/\/www.prettywired.co.uk\/wp-content\/uploads\/2025\/05\/iphonesonos-1024x683.jpg 1024w, https:\/\/www.prettywired.co.uk\/wp-content\/uploads\/2025\/05\/iphonesonos-300x200.jpg 300w, https:\/\/www.prettywired.co.uk\/wp-content\/uploads\/2025\/05\/iphonesonos-768x512.jpg 768w, https:\/\/www.prettywired.co.uk\/wp-content\/uploads\/2025\/05\/iphonesonos-1536x1024.jpg 1536w, https:\/\/www.prettywired.co.uk\/wp-content\/uploads\/2025\/05\/iphonesonos-2048x1365.jpg 2048w, https:\/\/www.prettywired.co.uk\/wp-content\/uploads\/2025\/05\/iphonesonos-18x12.jpg 18w\" sizes=\"(max-width: 800px) 100vw, 800px\" \/>\t\t\t\t\t\t\t\t\t\t\t\t\t\t\t<\/div>\n\t\t\t\t<\/div>\n\t\t\t\t<\/div>\n\t\t\t\t\t<\/div>\n\t\t\t\t<\/section>\n\t\t\t\t\t<\/div>\n\t\t\t\t<\/div>\n\t\t<section class=\"elementor-element elementor-element-a9e8ea padding-top-bottom e-flex e-con-boxed e-con e-parent\" data-id=\"a9e8ea\" data-element_type=\"container\" data-settings=\"{&quot;background_background&quot;:&quot;classic&quot;}\">\n\t\t\t\t\t<div class=\"e-con-inner\">\n\t\t<div class=\"elementor-element elementor-element-572e9f20 e-con-full e-flex e-con e-child\" data-id=\"572e9f20\" data-element_type=\"container\">\n\t\t\t\t<div class=\"elementor-element elementor-element-82a97e0 elementor-widget elementor-widget-image\" data-id=\"82a97e0\" data-element_type=\"widget\" data-widget_type=\"image.default\">\n\t\t\t\t<div class=\"elementor-widget-container\">\n\t\t\t\t\t\t\t\t\t\t\t\t\t\t\t<img loading=\"lazy\" decoding=\"async\" width=\"2087\" height=\"2560\" src=\"https:\/\/www.prettywired.co.uk\/wp-content\/uploads\/2025\/05\/sonosspeakershadow-scaled.jpg\" class=\"attachment-full size-full wp-image-502286\" alt=\"\" srcset=\"https:\/\/www.prettywired.co.uk\/wp-content\/uploads\/2025\/05\/sonosspeakershadow-scaled.jpg 2087w, https:\/\/www.prettywired.co.uk\/wp-content\/uploads\/2025\/05\/sonosspeakershadow-245x300.jpg 245w, https:\/\/www.prettywired.co.uk\/wp-content\/uploads\/2025\/05\/sonosspeakershadow-835x1024.jpg 835w, https:\/\/www.prettywired.co.uk\/wp-content\/uploads\/2025\/05\/sonosspeakershadow-768x942.jpg 768w, https:\/\/www.prettywired.co.uk\/wp-content\/uploads\/2025\/05\/sonosspeakershadow-1252x1536.jpg 1252w, https:\/\/www.prettywired.co.uk\/wp-content\/uploads\/2025\/05\/sonosspeakershadow-1669x2048.jpg 1669w, https:\/\/www.prettywired.co.uk\/wp-content\/uploads\/2025\/05\/sonosspeakershadow-10x12.jpg 10w\" sizes=\"(max-width: 2087px) 100vw, 2087px\" \/>\t\t\t\t\t\t\t\t\t\t\t\t\t\t\t<\/div>\n\t\t\t\t<\/div>\n\t\t\t\t<\/div>\n\t\t<div class=\"elementor-element elementor-element-20d4bfcf e-con-full e-flex e-con e-child\" data-id=\"20d4bfcf\" data-element_type=\"container\">\n\t\t\t\t<div class=\"elementor-element elementor-element-65b5cdd5 elementor-widget elementor-widget-heading\" data-id=\"65b5cdd5\" data-element_type=\"widget\" data-widget_type=\"heading.default\">\n\t\t\t\t<div class=\"elementor-widget-container\">\n\t\t\t\t\t<h2 class=\"elementor-heading-title elementor-size-default\">Am\u00e9liorez votre maison avec Sonos Audio<\/h2>\t\t\t\t<\/div>\n\t\t\t\t<\/div>\n\t\t\t\t<div class=\"elementor-element elementor-element-ccc648 elementor-widget elementor-widget-text-editor\" data-id=\"ccc648\" data-element_type=\"widget\" data-widget_type=\"text-editor.default\">\n\t\t\t\t<div class=\"elementor-widget-container\">\n\t\t\t\t\t\t\t\t\t<p>Un syst\u00e8me Sonos install\u00e9 par des professionnels am\u00e9liore la fa\u00e7on dont vous profitez de la musique, de la radio et des podcasts \u00e0 la maison. Que vous vous d\u00e9tendiez, que vous receviez ou que vous travailliez \u00e0 la maison, Sonos apporte un son riche et immersif dans votre vie quotidienne, sans effort et avec \u00e9l\u00e9gance.<\/p><p>Vous cherchez un installateur Sonos fiable \u00e0 Chelsea ? Faites confiance \u00e0 Pretty Wired pour des conseils amicaux, une installation pr\u00e9cise et des solutions intelligentes adapt\u00e9es \u00e0 votre espace.<\/p>\t\t\t\t\t\t\t\t<\/div>\n\t\t\t\t<\/div>\n\t\t\t\t<div class=\"elementor-element elementor-element-5a48056 btn-arrow elementor-icon-list--layout-traditional elementor-list-item-link-full_width elementor-invisible elementor-widget elementor-widget-icon-list\" data-id=\"5a48056\" data-element_type=\"widget\" data-settings=\"{&quot;_animation&quot;:&quot;fadeInLeft&quot;}\" data-widget_type=\"icon-list.default\">\n\t\t\t\t<div class=\"elementor-widget-container\">\n\t\t\t\t\t\t\t<ul class=\"elementor-icon-list-items\">\n\t\t\t\t\t\t\t<li class=\"elementor-icon-list-item\">\n\t\t\t\t\t\t\t\t\t\t\t<a href=\"\/fr\/nous-contacter\/\">\n\n\t\t\t\t\t\t\t\t\t\t\t\t<span class=\"elementor-icon-list-icon\">\n\t\t\t\t\t\t\t<svg xmlns=\"http:\/\/www.w3.org\/2000\/svg\" width=\"116\" height=\"28\" viewbox=\"0 0 116 28\" fill=\"none\"><path d=\"M80.0001 26L110 14L80.0001 2\" stroke=\"#34586A\" stroke-width=\"4\"><\/path><line x1=\"106.667\" y1=\"14\" x2=\"2.23054e-05\" y2=\"14\" stroke=\"#34586A\" stroke-width=\"4\"><\/line><\/svg>\t\t\t\t\t\t<\/span>\n\t\t\t\t\t\t\t\t\t\t<span class=\"elementor-icon-list-text\">Contacter l'\u00e9quipe<\/span>\n\t\t\t\t\t\t\t\t\t\t\t<\/a>\n\t\t\t\t\t\t\t\t\t<\/li>\n\t\t\t\t\t\t<\/ul>\n\t\t\t\t\t\t<\/div>\n\t\t\t\t<\/div>\n\t\t\t\t<\/div>\n\t\t\t\t<div class=\"elementor-element elementor-element-bbea24e elementor-absolute elementor-widget elementor-widget-image\" data-id=\"bbea24e\" data-element_type=\"widget\" data-settings=\"{&quot;_position&quot;:&quot;absolute&quot;}\" data-widget_type=\"image.default\">\n\t\t\t\t<div class=\"elementor-widget-container\">\n\t\t\t\t\t\t\t\t\t\t\t\t\t\t\t<img decoding=\"async\" width=\"1213\" height=\"800\" src=\"https:\/\/www.prettywired.co.uk\/wp-content\/uploads\/2023\/08\/Linework_body_v3.svg\" class=\"attachment-full size-full wp-image-478\" alt=\"\" \/>\t\t\t\t\t\t\t\t\t\t\t\t\t\t\t<\/div>\n\t\t\t\t<\/div>\n\t\t\t\t\t<\/div>\n\t\t\t\t<\/section>\n\t\t<section class=\"elementor-element elementor-element-5c41269 e-flex e-con-boxed e-con e-parent\" data-id=\"5c41269\" data-element_type=\"container\" data-settings=\"{&quot;background_background&quot;:&quot;gradient&quot;}\">\n\t\t\t\t\t<div class=\"e-con-inner\">\n\t\t\t\t<div class=\"elementor-element elementor-element-22f4407b elementor-widget elementor-widget-template\" data-id=\"22f4407b\" data-element_type=\"widget\" data-widget_type=\"template.default\">\n\t\t\t\t<div class=\"elementor-widget-container\">\n\t\t\t\t\t\t\t<div class=\"elementor-template\">\n\t\t\t\t\t<div data-elementor-type=\"section\" data-elementor-id=\"241\" class=\"elementor elementor-241\" data-elementor-post-type=\"elementor_library\">\n\t\t\t<div class=\"elementor-element elementor-element-6254d86 e-flex e-con-boxed elementor-invisible e-con e-parent\" data-id=\"6254d86\" data-element_type=\"container\" data-settings=\"{&quot;background_background&quot;:&quot;classic&quot;,&quot;animation&quot;:&quot;fadeInUp&quot;}\">\n\t\t\t\t\t<div class=\"e-con-inner\">\n\t\t<div class=\"elementor-element elementor-element-590f031 e-con-full e-flex e-con e-child\" data-id=\"590f031\" data-element_type=\"container\">\n\t\t\t\t<div class=\"elementor-element elementor-element-020ca65 elementor-widget elementor-widget-image\" data-id=\"020ca65\" data-element_type=\"widget\" data-widget_type=\"image.default\">\n\t\t\t\t<div class=\"elementor-widget-container\">\n\t\t\t\t\t\t\t\t\t\t\t\t\t\t\t<img loading=\"lazy\" decoding=\"async\" width=\"291\" height=\"458\" src=\"https:\/\/www.prettywired.co.uk\/wp-content\/uploads\/2023\/07\/pw-hero-lightbulb.svg\" class=\"attachment-full size-full wp-image-46\" alt=\"Ampoule P W\" \/>\t\t\t\t\t\t\t\t\t\t\t\t\t\t\t<\/div>\n\t\t\t\t<\/div>\n\t\t\t\t<\/div>\n\t\t<div class=\"elementor-element elementor-element-109ea9f e-con-full e-flex e-con e-child\" data-id=\"109ea9f\" data-element_type=\"container\">\n\t\t\t\t<div class=\"elementor-element elementor-element-25d9cf0 elementor-widget elementor-widget-heading\" data-id=\"25d9cf0\" data-element_type=\"widget\" data-widget_type=\"heading.default\">\n\t\t\t\t<div class=\"elementor-widget-container\">\n\t\t\t\t\t<h2 class=\"elementor-heading-title elementor-size-default\">Comment pouvons-nous vous aider ?<\/h2>\t\t\t\t<\/div>\n\t\t\t\t<\/div>\n\t\t\t\t<div class=\"elementor-element elementor-element-9ad1056 elementor-widget elementor-widget-text-editor\" data-id=\"9ad1056\" data-element_type=\"widget\" data-widget_type=\"text-editor.default\">\n\t\t\t\t<div class=\"elementor-widget-container\">\n\t\t\t\t\t\t\t\t\t<p><span style=\"white-space-collapse: preserve;\">Vous pensez que nous pourrions \u00eatre le partenaire id\u00e9al pour votre projet ? <\/span><span style=\"white-space-collapse: preserve;\">Appelez l'\u00e9quipe d\u00e8s aujourd'hui et nous vous dirons comment nous pouvons vous aider.<br \/><\/span><\/p>\t\t\t\t\t\t\t\t<\/div>\n\t\t\t\t<\/div>\n\t\t\t\t<div class=\"elementor-element elementor-element-2569b50 elementor-widget elementor-widget-button\" data-id=\"2569b50\" data-element_type=\"widget\" data-widget_type=\"button.default\">\n\t\t\t\t<div class=\"elementor-widget-container\">\n\t\t\t\t\t\t\t\t\t<div class=\"elementor-button-wrapper\">\n\t\t\t\t\t<a class=\"elementor-button elementor-button-link elementor-size-sm\" href=\"\/fr\/nous-contacter\/\">\n\t\t\t\t\t\t<span class=\"elementor-button-content-wrapper\">\n\t\t\t\t\t\t\t\t\t<span class=\"elementor-button-text\">Prendre contact<\/span>\n\t\t\t\t\t<\/span>\n\t\t\t\t\t<\/a>\n\t\t\t\t<\/div>\n\t\t\t\t\t\t\t\t<\/div>\n\t\t\t\t<\/div>\n\t\t\t\t<\/div>\n\t\t\t\t\t<\/div>\n\t\t\t\t<\/div>\n\t\t\t\t<\/div>\n\t\t\t\t<\/div>\n\t\t\t\t\t\t<\/div>\n\t\t\t\t<\/div>\n\t\t\t\t\t<\/div>\n\t\t\t\t<\/section>\n\t\t\t\t<\/div>","protected":false},"excerpt":{"rendered":"<p>Installateur Sonos Chelsea Installateurs Sonos certifi\u00e9s \u00e0 Chelsea Solutions audio sans fil intelligentes \u00e0 Chelsea Transformez votre maison avec un syst\u00e8me audio Sonos exceptionnel, install\u00e9 professionnellement par Pretty Wired \u00e0 Chelsea. Que vous souhaitiez de la musique en continu dans toute votre maison, un syst\u00e8me de haut-parleurs sans fil puissant ou un syst\u00e8me audio mural discret, notre \u00e9quipe d'experts est l\u00e0 pour vous aider. Nous sommes sp\u00e9cialis\u00e9s dans [...]<\/p>","protected":false},"author":1,"featured_media":0,"parent":0,"menu_order":0,"comment_status":"closed","ping_status":"closed","template":"","meta":{"footnotes":""},"class_list":["post-502345","page","type-page","status-publish","hentry"],"_links":{"self":[{"href":"https:\/\/www.prettywired.co.uk\/fr\/wp-json\/wp\/v2\/pages\/502345","targetHints":{"allow":["GET"]}}],"collection":[{"href":"https:\/\/www.prettywired.co.uk\/fr\/wp-json\/wp\/v2\/pages"}],"about":[{"href":"https:\/\/www.prettywired.co.uk\/fr\/wp-json\/wp\/v2\/types\/page"}],"author":[{"embeddable":true,"href":"https:\/\/www.prettywired.co.uk\/fr\/wp-json\/wp\/v2\/users\/1"}],"replies":[{"embeddable":true,"href":"https:\/\/www.prettywired.co.uk\/fr\/wp-json\/wp\/v2\/comments?post=502345"}],"version-history":[{"count":9,"href":"https:\/\/www.prettywired.co.uk\/fr\/wp-json\/wp\/v2\/pages\/502345\/revisions"}],"predecessor-version":[{"id":502354,"href":"https:\/\/www.prettywired.co.uk\/fr\/wp-json\/wp\/v2\/pages\/502345\/revisions\/502354"}],"wp:attachment":[{"href":"https:\/\/www.prettywired.co.uk\/fr\/wp-json\/wp\/v2\/media?parent=502345"}],"curies":[{"name":"wp","href":"https:\/\/api.w.org\/{rel}","templated":true}]}}