{"id":502333,"date":"2025-06-02T11:50:49","date_gmt":"2025-06-02T11:50:49","guid":{"rendered":"https:\/\/www.prettywired.co.uk\/?page_id=502333"},"modified":"2025-06-02T11:50:49","modified_gmt":"2025-06-02T11:50:49","slug":"installateur-sonos-londres","status":"publish","type":"page","link":"https:\/\/www.prettywired.co.uk\/fr\/installateur-sonos-londres\/","title":{"rendered":"Installateur Sonos Londres"},"content":{"rendered":"<div data-elementor-type=\"wp-page\" data-elementor-id=\"502333\" class=\"elementor elementor-502333\" data-elementor-post-type=\"page\">\n\t\t\t\t<section class=\"elementor-element elementor-element-4c7157b5 padding-hero e-flex e-con-boxed e-con e-parent\" data-id=\"4c7157b5\" data-element_type=\"container\" data-settings=\"{&quot;background_background&quot;:&quot;classic&quot;}\">\n\t\t\t\t\t<div class=\"e-con-inner\">\n\t\t\t\t<div class=\"elementor-element elementor-element-2cd40231 elementor-widget elementor-widget-heading\" data-id=\"2cd40231\" data-element_type=\"widget\" data-widget_type=\"heading.default\">\n\t\t\t\t<div class=\"elementor-widget-container\">\n\t\t\t\t\t<h1 class=\"elementor-heading-title elementor-size-default\">Installateur Sonos Londres<\/h1>\t\t\t\t<\/div>\n\t\t\t\t<\/div>\n\t\t\t\t<div class=\"elementor-element elementor-element-6b07e00f elementor-widget elementor-widget-text-editor\" data-id=\"6b07e00f\" data-element_type=\"widget\" data-widget_type=\"text-editor.default\">\n\t\t\t\t<div class=\"elementor-widget-container\">\n\t\t\t\t\t\t\t\t\t<h3>Installateurs Sonos certifi\u00e9s \u00e0 Londres<\/h3>\t\t\t\t\t\t\t\t<\/div>\n\t\t\t\t<\/div>\n\t\t\t\t\t<\/div>\n\t\t\t\t<\/section>\n\t\t<section class=\"elementor-element elementor-element-5c993d84 padding-top-bottom e-flex e-con-boxed e-con e-parent\" data-id=\"5c993d84\" data-element_type=\"container\">\n\t\t\t\t\t<div class=\"e-con-inner\">\n\t\t\t\t<div class=\"elementor-element elementor-element-720f55cf elementor-widget elementor-widget-text-editor\" data-id=\"720f55cf\" data-element_type=\"widget\" data-widget_type=\"text-editor.default\">\n\t\t\t\t<div class=\"elementor-widget-container\">\n\t\t\t\t\t\t\t\t\t<h2>Installateurs Sonos exp\u00e9riment\u00e9s \u00e0 Londres<\/h2>\t\t\t\t\t\t\t\t<\/div>\n\t\t\t\t<\/div>\n\t\t\t\t<div class=\"elementor-element elementor-element-52838f43 elementor-widget elementor-widget-text-editor\" data-id=\"52838f43\" data-element_type=\"widget\" data-widget_type=\"text-editor.default\">\n\t\t\t\t<div class=\"elementor-widget-container\">\n\t\t\t\t\t\t\t\t\t<p>\u00c0 la recherche d'un<a href=\"https:\/\/www.prettywired.co.uk\/fr\/marques\/installateur-sonos-londres\/\"> Sonos<\/a> Vous avez besoin d'un installateur \u00e0 Londres pour cr\u00e9er l'exp\u00e9rience audio parfaite \u00e0 la maison ? Que vous souhaitiez un syst\u00e8me de haut-parleurs multi-pi\u00e8ces ou l'int\u00e9gration transparente d'une maison intelligente, Pretty Wired propose des services d'installation experts dans toute la capitale. Notre \u00e9quipe de professionnels s'assure que votre syst\u00e8me Sonos est install\u00e9 pour des performances, une connectivit\u00e9 et une facilit\u00e9 d'utilisation optimales, vous offrant ainsi une exp\u00e9rience sonore de haute qualit\u00e9 et sans tracas.<\/p>\t\t\t\t\t\t\t\t<\/div>\n\t\t\t\t<\/div>\n\t\t\t\t\t<\/div>\n\t\t\t\t<\/section>\n\t\t<section class=\"elementor-element elementor-element-73911955 padding-top-bottom e-flex e-con-boxed e-con e-parent\" data-id=\"73911955\" data-element_type=\"container\" data-settings=\"{&quot;background_background&quot;:&quot;classic&quot;}\">\n\t\t\t\t\t<div class=\"e-con-inner\">\n\t\t<div class=\"elementor-element elementor-element-4127dd92 e-con-full e-flex e-con e-child\" data-id=\"4127dd92\" data-element_type=\"container\">\n\t\t\t\t<div class=\"elementor-element elementor-element-23fb4bb4 elementor-widget elementor-widget-image\" data-id=\"23fb4bb4\" data-element_type=\"widget\" data-widget_type=\"image.default\">\n\t\t\t\t<div class=\"elementor-widget-container\">\n\t\t\t\t\t\t\t\t\t\t\t\t\t\t\t<img fetchpriority=\"high\" decoding=\"async\" width=\"800\" height=\"600\" src=\"https:\/\/www.prettywired.co.uk\/wp-content\/uploads\/2025\/05\/sonosspeakerpov-1024x768.jpg\" class=\"attachment-large size-large wp-image-502285\" alt=\"\" srcset=\"https:\/\/www.prettywired.co.uk\/wp-content\/uploads\/2025\/05\/sonosspeakerpov-1024x768.jpg 1024w, https:\/\/www.prettywired.co.uk\/wp-content\/uploads\/2025\/05\/sonosspeakerpov-300x225.jpg 300w, https:\/\/www.prettywired.co.uk\/wp-content\/uploads\/2025\/05\/sonosspeakerpov-768x576.jpg 768w, https:\/\/www.prettywired.co.uk\/wp-content\/uploads\/2025\/05\/sonosspeakerpov-1536x1152.jpg 1536w, https:\/\/www.prettywired.co.uk\/wp-content\/uploads\/2025\/05\/sonosspeakerpov-2048x1536.jpg 2048w, https:\/\/www.prettywired.co.uk\/wp-content\/uploads\/2025\/05\/sonosspeakerpov-16x12.jpg 16w\" sizes=\"(max-width: 800px) 100vw, 800px\" \/>\t\t\t\t\t\t\t\t\t\t\t\t\t\t\t<\/div>\n\t\t\t\t<\/div>\n\t\t\t\t<\/div>\n\t\t<div class=\"elementor-element elementor-element-26bc829 e-con-full e-flex e-con e-child\" data-id=\"26bc829\" data-element_type=\"container\">\n\t\t\t\t<div class=\"elementor-element elementor-element-1d5ce8ce elementor-widget elementor-widget-heading\" data-id=\"1d5ce8ce\" data-element_type=\"widget\" data-widget_type=\"heading.default\">\n\t\t\t\t<div class=\"elementor-widget-container\">\n\t\t\t\t\t<h2 class=\"elementor-heading-title elementor-size-default\">Pourquoi choisir Sonos pour votre maison ?\n<\/h2>\t\t\t\t<\/div>\n\t\t\t\t<\/div>\n\t\t\t\t<div class=\"elementor-element elementor-element-891368b elementor-widget elementor-widget-text-editor\" data-id=\"891368b\" data-element_type=\"widget\" data-widget_type=\"text-editor.default\">\n\t\t\t\t<div class=\"elementor-widget-container\">\n\t\t\t\t\t\t\t\t\t<p>Sonos est un leader du march\u00e9 de l'audio domestique sans fil, offrant une qualit\u00e9 sonore exceptionnelle et un contr\u00f4le sans effort. Il est parfait pour les maisons modernes et les espaces de divertissement, offrant :<\/p><p>Nos services d'installation comprennent<\/p><ul><li><strong>Audio multi-pi\u00e8ces<\/strong> - Diffusez de la musique dans des pi\u00e8ces individuelles ou synchronisez tout ensemble.<\/li><li><strong>Design \u00e9l\u00e9gant et sans fil<\/strong> - Profitez d'un son de qualit\u00e9 sup\u00e9rieure sans c\u00e2bles encombrants.<\/li><li><strong>Int\u00e9gration de la maison intelligente<\/strong> - Compatible avec Alexa, Google Assistant et Apple AirPlay pour un contr\u00f4le vocal et par application.<\/li><li><strong>Pr\u00e9cision du son avec Trueplay<\/strong> - Sonos s'adapte \u00e0 votre espace pour une qualit\u00e9 audio optimale.<\/li><li><strong>Syst\u00e8me extensible<\/strong> - Commencez avec un seul haut-parleur et d\u00e9veloppez un r\u00e9seau audio domestique complet.<\/li><\/ul>\t\t\t\t\t\t\t\t<\/div>\n\t\t\t\t<\/div>\n\t\t\t\t<div class=\"elementor-element elementor-element-2eb3786e btn-arrow elementor-icon-list--layout-traditional elementor-list-item-link-full_width elementor-invisible elementor-widget elementor-widget-icon-list\" data-id=\"2eb3786e\" data-element_type=\"widget\" data-settings=\"{&quot;_animation&quot;:&quot;fadeInLeft&quot;}\" data-widget_type=\"icon-list.default\">\n\t\t\t\t<div class=\"elementor-widget-container\">\n\t\t\t\t\t\t\t<ul class=\"elementor-icon-list-items\">\n\t\t\t\t\t\t\t<li class=\"elementor-icon-list-item\">\n\t\t\t\t\t\t\t\t\t\t\t<a href=\"\/fr\/nous-contacter\/\">\n\n\t\t\t\t\t\t\t\t\t\t\t\t<span class=\"elementor-icon-list-icon\">\n\t\t\t\t\t\t\t<svg xmlns=\"http:\/\/www.w3.org\/2000\/svg\" width=\"116\" height=\"28\" viewbox=\"0 0 116 28\" fill=\"none\"><path d=\"M80.0001 26L110 14L80.0001 2\" stroke=\"#34586A\" stroke-width=\"4\"><\/path><line x1=\"106.667\" y1=\"14\" x2=\"2.23054e-05\" y2=\"14\" stroke=\"#34586A\" stroke-width=\"4\"><\/line><\/svg>\t\t\t\t\t\t<\/span>\n\t\t\t\t\t\t\t\t\t\t<span class=\"elementor-icon-list-text\">Contacter l'\u00e9quipe<\/span>\n\t\t\t\t\t\t\t\t\t\t\t<\/a>\n\t\t\t\t\t\t\t\t\t<\/li>\n\t\t\t\t\t\t<\/ul>\n\t\t\t\t\t\t<\/div>\n\t\t\t\t<\/div>\n\t\t\t\t<\/div>\n\t\t\t\t<div class=\"elementor-element elementor-element-449b007b elementor-absolute elementor-widget elementor-widget-image\" data-id=\"449b007b\" data-element_type=\"widget\" data-settings=\"{&quot;_position&quot;:&quot;absolute&quot;}\" data-widget_type=\"image.default\">\n\t\t\t\t<div class=\"elementor-widget-container\">\n\t\t\t\t\t\t\t\t\t\t\t\t\t\t\t<img decoding=\"async\" width=\"1213\" height=\"800\" src=\"https:\/\/www.prettywired.co.uk\/wp-content\/uploads\/2023\/08\/Linework_body_v3.svg\" class=\"attachment-full size-full wp-image-478\" alt=\"\" \/>\t\t\t\t\t\t\t\t\t\t\t\t\t\t\t<\/div>\n\t\t\t\t<\/div>\n\t\t\t\t\t<\/div>\n\t\t\t\t<\/section>\n\t\t<div class=\"elementor-element elementor-element-66e9eb7c e-flex e-con-boxed e-con e-parent\" data-id=\"66e9eb7c\" data-element_type=\"container\">\n\t\t\t\t\t<div class=\"e-con-inner\">\n\t\t<section class=\"elementor-element elementor-element-48dd609d padding-top-bottom e-flex e-con-boxed e-con e-child\" data-id=\"48dd609d\" data-element_type=\"container\">\n\t\t\t\t\t<div class=\"e-con-inner\">\n\t\t<div class=\"elementor-element elementor-element-5b6c1b82 e-con-full e-flex e-con e-child\" data-id=\"5b6c1b82\" data-element_type=\"container\">\n\t\t\t\t<div class=\"elementor-element elementor-element-12e18c19 elementor-widget elementor-widget-text-editor\" data-id=\"12e18c19\" data-element_type=\"widget\" data-widget_type=\"text-editor.default\">\n\t\t\t\t<div class=\"elementor-widget-container\">\n\t\t\t\t\t\t\t\t\t<h2>Installation professionnelle de Sonos \u00e0 Londres<\/h2><p>L'installation d'un syst\u00e8me Sonos ne se limite pas \u00e0 la mise en place de haut-parleurs : il s'agit de cr\u00e9er une exp\u00e9rience audio immersive adapt\u00e9e \u00e0 votre maison. Chez Pretty Wired, nous proposons une installation Sonos experte \u00e0 Londres, en veillant \u00e0 ce que chaque composant soit positionn\u00e9 et configur\u00e9 pour une qualit\u00e9 sonore optimale.<\/p><p>Nos services d'installation comprennent<\/p><ul><li><strong>Planification audio sur mesure<\/strong> - Nous \u00e9valuons votre espace pour concevoir l'installation Sonos id\u00e9ale.<\/li><li><strong>Installation et int\u00e9gration sans faille<\/strong> - Install\u00e9 professionnellement avec votre r\u00e9seau Wi-Fi et vos appareils domestiques intelligents.<\/li><li><strong> Suivi et soutien<\/strong> - Mises \u00e0 jour du logiciel, d\u00e9pannage et am\u00e9liorations du syst\u00e8me pour assurer le bon fonctionnement de votre syst\u00e8me audio.<\/li><\/ul>\t\t\t\t\t\t\t\t<\/div>\n\t\t\t\t<\/div>\n\t\t\t\t<\/div>\n\t\t<div class=\"elementor-element elementor-element-17b147a0 e-con-full e-flex e-con e-child\" data-id=\"17b147a0\" data-element_type=\"container\">\n\t\t\t\t<div class=\"elementor-element elementor-element-62bbcba7 elementor-widget elementor-widget-image\" data-id=\"62bbcba7\" data-element_type=\"widget\" data-widget_type=\"image.default\">\n\t\t\t\t<div class=\"elementor-widget-container\">\n\t\t\t\t\t\t\t\t\t\t\t\t\t\t\t<img decoding=\"async\" width=\"800\" height=\"534\" src=\"https:\/\/www.prettywired.co.uk\/wp-content\/uploads\/2025\/05\/iphonesonos-1024x683.jpg\" class=\"attachment-large size-large wp-image-502281\" alt=\"\" srcset=\"https:\/\/www.prettywired.co.uk\/wp-content\/uploads\/2025\/05\/iphonesonos-1024x683.jpg 1024w, https:\/\/www.prettywired.co.uk\/wp-content\/uploads\/2025\/05\/iphonesonos-300x200.jpg 300w, https:\/\/www.prettywired.co.uk\/wp-content\/uploads\/2025\/05\/iphonesonos-768x512.jpg 768w, https:\/\/www.prettywired.co.uk\/wp-content\/uploads\/2025\/05\/iphonesonos-1536x1024.jpg 1536w, https:\/\/www.prettywired.co.uk\/wp-content\/uploads\/2025\/05\/iphonesonos-2048x1365.jpg 2048w, https:\/\/www.prettywired.co.uk\/wp-content\/uploads\/2025\/05\/iphonesonos-18x12.jpg 18w\" sizes=\"(max-width: 800px) 100vw, 800px\" \/>\t\t\t\t\t\t\t\t\t\t\t\t\t\t\t<\/div>\n\t\t\t\t<\/div>\n\t\t\t\t<\/div>\n\t\t\t\t\t<\/div>\n\t\t\t\t<\/section>\n\t\t\t\t\t<\/div>\n\t\t\t\t<\/div>\n\t\t<section class=\"elementor-element elementor-element-a9e8ea padding-top-bottom e-flex e-con-boxed e-con e-parent\" data-id=\"a9e8ea\" data-element_type=\"container\" data-settings=\"{&quot;background_background&quot;:&quot;classic&quot;}\">\n\t\t\t\t\t<div class=\"e-con-inner\">\n\t\t<div class=\"elementor-element elementor-element-572e9f20 e-con-full e-flex e-con e-child\" data-id=\"572e9f20\" data-element_type=\"container\">\n\t\t\t\t<div class=\"elementor-element elementor-element-82a97e0 elementor-widget elementor-widget-image\" data-id=\"82a97e0\" data-element_type=\"widget\" data-widget_type=\"image.default\">\n\t\t\t\t<div class=\"elementor-widget-container\">\n\t\t\t\t\t\t\t\t\t\t\t\t\t\t\t<img loading=\"lazy\" decoding=\"async\" width=\"2087\" height=\"2560\" src=\"https:\/\/www.prettywired.co.uk\/wp-content\/uploads\/2025\/05\/sonosspeakershadow-scaled.jpg\" class=\"attachment-full size-full wp-image-502286\" alt=\"\" srcset=\"https:\/\/www.prettywired.co.uk\/wp-content\/uploads\/2025\/05\/sonosspeakershadow-scaled.jpg 2087w, https:\/\/www.prettywired.co.uk\/wp-content\/uploads\/2025\/05\/sonosspeakershadow-245x300.jpg 245w, https:\/\/www.prettywired.co.uk\/wp-content\/uploads\/2025\/05\/sonosspeakershadow-835x1024.jpg 835w, https:\/\/www.prettywired.co.uk\/wp-content\/uploads\/2025\/05\/sonosspeakershadow-768x942.jpg 768w, https:\/\/www.prettywired.co.uk\/wp-content\/uploads\/2025\/05\/sonosspeakershadow-1252x1536.jpg 1252w, https:\/\/www.prettywired.co.uk\/wp-content\/uploads\/2025\/05\/sonosspeakershadow-1669x2048.jpg 1669w, https:\/\/www.prettywired.co.uk\/wp-content\/uploads\/2025\/05\/sonosspeakershadow-10x12.jpg 10w\" sizes=\"(max-width: 2087px) 100vw, 2087px\" \/>\t\t\t\t\t\t\t\t\t\t\t\t\t\t\t<\/div>\n\t\t\t\t<\/div>\n\t\t\t\t<\/div>\n\t\t<div class=\"elementor-element elementor-element-20d4bfcf e-con-full e-flex e-con e-child\" data-id=\"20d4bfcf\" data-element_type=\"container\">\n\t\t\t\t<div class=\"elementor-element elementor-element-65b5cdd5 elementor-widget elementor-widget-heading\" data-id=\"65b5cdd5\" data-element_type=\"widget\" data-widget_type=\"heading.default\">\n\t\t\t\t<div class=\"elementor-widget-container\">\n\t\t\t\t\t<h2 class=\"elementor-heading-title elementor-size-default\">Am\u00e9liorez votre maison avec Sonos Audio<\/h2>\t\t\t\t<\/div>\n\t\t\t\t<\/div>\n\t\t\t\t<div class=\"elementor-element elementor-element-ccc648 elementor-widget elementor-widget-text-editor\" data-id=\"ccc648\" data-element_type=\"widget\" data-widget_type=\"text-editor.default\">\n\t\t\t\t<div class=\"elementor-widget-container\">\n\t\t\t\t\t\t\t\t\t<p>Une installation professionnelle <a href=\"https:\/\/www.sonos.com\/en-gb\/home\" target=\"_blank\" rel=\"noopener\">Sonos<\/a> apporte un son riche et immersif dans chaque recoin de votre maison. Que vous vous d\u00e9tendiez dans votre salon, que vous organisiez un d\u00eener ou que vous regardiez un film, Sonos offre un son clair et puissant, adapt\u00e9 \u00e0 votre environnement.<\/p><p>Des discr\u00e8tes enceintes encastr\u00e9es au plafond aux barres de son et caissons de basse haute performance, nous veillons \u00e0 ce que votre syst\u00e8me s'int\u00e8gre parfaitement \u00e0 votre maison tout en offrant une qualit\u00e9 audio in\u00e9gal\u00e9e. Notre service expert d'installation de Sonos \u00e0 Londres vous garantit les meilleures performances sans aucune complication technique.<\/p><p>Vous cherchez un installateur Sonos de confiance \u00e0 Londres ? Contactez Pretty Wired pour des conseils professionnels et une installation experte.<\/p>\t\t\t\t\t\t\t\t<\/div>\n\t\t\t\t<\/div>\n\t\t\t\t<div class=\"elementor-element elementor-element-5a48056 btn-arrow elementor-icon-list--layout-traditional elementor-list-item-link-full_width elementor-invisible elementor-widget elementor-widget-icon-list\" data-id=\"5a48056\" data-element_type=\"widget\" data-settings=\"{&quot;_animation&quot;:&quot;fadeInLeft&quot;}\" data-widget_type=\"icon-list.default\">\n\t\t\t\t<div class=\"elementor-widget-container\">\n\t\t\t\t\t\t\t<ul class=\"elementor-icon-list-items\">\n\t\t\t\t\t\t\t<li class=\"elementor-icon-list-item\">\n\t\t\t\t\t\t\t\t\t\t\t<a href=\"\/fr\/nous-contacter\/\">\n\n\t\t\t\t\t\t\t\t\t\t\t\t<span class=\"elementor-icon-list-icon\">\n\t\t\t\t\t\t\t<svg xmlns=\"http:\/\/www.w3.org\/2000\/svg\" width=\"116\" height=\"28\" viewbox=\"0 0 116 28\" fill=\"none\"><path d=\"M80.0001 26L110 14L80.0001 2\" stroke=\"#34586A\" stroke-width=\"4\"><\/path><line x1=\"106.667\" y1=\"14\" x2=\"2.23054e-05\" y2=\"14\" stroke=\"#34586A\" stroke-width=\"4\"><\/line><\/svg>\t\t\t\t\t\t<\/span>\n\t\t\t\t\t\t\t\t\t\t<span class=\"elementor-icon-list-text\">Contacter l'\u00e9quipe<\/span>\n\t\t\t\t\t\t\t\t\t\t\t<\/a>\n\t\t\t\t\t\t\t\t\t<\/li>\n\t\t\t\t\t\t<\/ul>\n\t\t\t\t\t\t<\/div>\n\t\t\t\t<\/div>\n\t\t\t\t<\/div>\n\t\t\t\t<div class=\"elementor-element elementor-element-bbea24e elementor-absolute elementor-widget elementor-widget-image\" data-id=\"bbea24e\" data-element_type=\"widget\" data-settings=\"{&quot;_position&quot;:&quot;absolute&quot;}\" data-widget_type=\"image.default\">\n\t\t\t\t<div class=\"elementor-widget-container\">\n\t\t\t\t\t\t\t\t\t\t\t\t\t\t\t<img decoding=\"async\" width=\"1213\" height=\"800\" src=\"https:\/\/www.prettywired.co.uk\/wp-content\/uploads\/2023\/08\/Linework_body_v3.svg\" class=\"attachment-full size-full wp-image-478\" alt=\"\" \/>\t\t\t\t\t\t\t\t\t\t\t\t\t\t\t<\/div>\n\t\t\t\t<\/div>\n\t\t\t\t\t<\/div>\n\t\t\t\t<\/section>\n\t\t<section class=\"elementor-element elementor-element-5c41269 e-flex e-con-boxed e-con e-parent\" data-id=\"5c41269\" data-element_type=\"container\" data-settings=\"{&quot;background_background&quot;:&quot;gradient&quot;}\">\n\t\t\t\t\t<div class=\"e-con-inner\">\n\t\t\t\t<div class=\"elementor-element elementor-element-22f4407b elementor-widget elementor-widget-template\" data-id=\"22f4407b\" data-element_type=\"widget\" data-widget_type=\"template.default\">\n\t\t\t\t<div class=\"elementor-widget-container\">\n\t\t\t\t\t\t\t<div class=\"elementor-template\">\n\t\t\t\t\t<div data-elementor-type=\"section\" data-elementor-id=\"241\" class=\"elementor elementor-241\" data-elementor-post-type=\"elementor_library\">\n\t\t\t<div class=\"elementor-element elementor-element-6254d86 e-flex e-con-boxed elementor-invisible e-con e-parent\" data-id=\"6254d86\" data-element_type=\"container\" data-settings=\"{&quot;background_background&quot;:&quot;classic&quot;,&quot;animation&quot;:&quot;fadeInUp&quot;}\">\n\t\t\t\t\t<div class=\"e-con-inner\">\n\t\t<div class=\"elementor-element elementor-element-590f031 e-con-full e-flex e-con e-child\" data-id=\"590f031\" data-element_type=\"container\">\n\t\t\t\t<div class=\"elementor-element elementor-element-020ca65 elementor-widget elementor-widget-image\" data-id=\"020ca65\" data-element_type=\"widget\" data-widget_type=\"image.default\">\n\t\t\t\t<div class=\"elementor-widget-container\">\n\t\t\t\t\t\t\t\t\t\t\t\t\t\t\t<img loading=\"lazy\" decoding=\"async\" width=\"291\" height=\"458\" src=\"https:\/\/www.prettywired.co.uk\/wp-content\/uploads\/2023\/07\/pw-hero-lightbulb.svg\" class=\"attachment-full size-full wp-image-46\" alt=\"Ampoule P W\" \/>\t\t\t\t\t\t\t\t\t\t\t\t\t\t\t<\/div>\n\t\t\t\t<\/div>\n\t\t\t\t<\/div>\n\t\t<div class=\"elementor-element elementor-element-109ea9f e-con-full e-flex e-con e-child\" data-id=\"109ea9f\" data-element_type=\"container\">\n\t\t\t\t<div class=\"elementor-element elementor-element-25d9cf0 elementor-widget elementor-widget-heading\" data-id=\"25d9cf0\" data-element_type=\"widget\" data-widget_type=\"heading.default\">\n\t\t\t\t<div class=\"elementor-widget-container\">\n\t\t\t\t\t<h2 class=\"elementor-heading-title elementor-size-default\">Comment pouvons-nous vous aider ?<\/h2>\t\t\t\t<\/div>\n\t\t\t\t<\/div>\n\t\t\t\t<div class=\"elementor-element elementor-element-9ad1056 elementor-widget elementor-widget-text-editor\" data-id=\"9ad1056\" data-element_type=\"widget\" data-widget_type=\"text-editor.default\">\n\t\t\t\t<div class=\"elementor-widget-container\">\n\t\t\t\t\t\t\t\t\t<p><span style=\"white-space-collapse: preserve;\">Vous pensez que nous pourrions \u00eatre le partenaire id\u00e9al pour votre projet ? <\/span><span style=\"white-space-collapse: preserve;\">Appelez l'\u00e9quipe d\u00e8s aujourd'hui et nous vous dirons comment nous pouvons vous aider.<br \/><\/span><\/p>\t\t\t\t\t\t\t\t<\/div>\n\t\t\t\t<\/div>\n\t\t\t\t<div class=\"elementor-element elementor-element-2569b50 elementor-widget elementor-widget-button\" data-id=\"2569b50\" data-element_type=\"widget\" data-widget_type=\"button.default\">\n\t\t\t\t<div class=\"elementor-widget-container\">\n\t\t\t\t\t\t\t\t\t<div class=\"elementor-button-wrapper\">\n\t\t\t\t\t<a class=\"elementor-button elementor-button-link elementor-size-sm\" href=\"\/fr\/nous-contacter\/\">\n\t\t\t\t\t\t<span class=\"elementor-button-content-wrapper\">\n\t\t\t\t\t\t\t\t\t<span class=\"elementor-button-text\">Prendre contact<\/span>\n\t\t\t\t\t<\/span>\n\t\t\t\t\t<\/a>\n\t\t\t\t<\/div>\n\t\t\t\t\t\t\t\t<\/div>\n\t\t\t\t<\/div>\n\t\t\t\t<\/div>\n\t\t\t\t\t<\/div>\n\t\t\t\t<\/div>\n\t\t\t\t<\/div>\n\t\t\t\t<\/div>\n\t\t\t\t\t\t<\/div>\n\t\t\t\t<\/div>\n\t\t\t\t\t<\/div>\n\t\t\t\t<\/section>\n\t\t\t\t<\/div>","protected":false},"excerpt":{"rendered":"<p>Installateur Sonos \u00e0 Londres Installateurs Sonos certifi\u00e9s \u00e0 Londres Installateurs Sonos exp\u00e9riment\u00e9s \u00e0 Londres Vous recherchez un installateur Sonos \u00e0 Londres pour cr\u00e9er l'exp\u00e9rience audio domestique parfaite ? Que vous souhaitiez un syst\u00e8me de haut-parleurs multi-pi\u00e8ces ou l'int\u00e9gration transparente d'une maison intelligente, Pretty Wired propose des services d'installation experts dans toute la capitale. Notre \u00e9quipe professionnelle s'assure que votre Sonos [...]<\/p>","protected":false},"author":1,"featured_media":0,"parent":0,"menu_order":0,"comment_status":"closed","ping_status":"closed","template":"","meta":{"footnotes":""},"class_list":["post-502333","page","type-page","status-publish","hentry"],"_links":{"self":[{"href":"https:\/\/www.prettywired.co.uk\/fr\/wp-json\/wp\/v2\/pages\/502333","targetHints":{"allow":["GET"]}}],"collection":[{"href":"https:\/\/www.prettywired.co.uk\/fr\/wp-json\/wp\/v2\/pages"}],"about":[{"href":"https:\/\/www.prettywired.co.uk\/fr\/wp-json\/wp\/v2\/types\/page"}],"author":[{"embeddable":true,"href":"https:\/\/www.prettywired.co.uk\/fr\/wp-json\/wp\/v2\/users\/1"}],"replies":[{"embeddable":true,"href":"https:\/\/www.prettywired.co.uk\/fr\/wp-json\/wp\/v2\/comments?post=502333"}],"version-history":[{"count":11,"href":"https:\/\/www.prettywired.co.uk\/fr\/wp-json\/wp\/v2\/pages\/502333\/revisions"}],"predecessor-version":[{"id":502344,"href":"https:\/\/www.prettywired.co.uk\/fr\/wp-json\/wp\/v2\/pages\/502333\/revisions\/502344"}],"wp:attachment":[{"href":"https:\/\/www.prettywired.co.uk\/fr\/wp-json\/wp\/v2\/media?parent=502333"}],"curies":[{"name":"wp","href":"https:\/\/api.w.org\/{rel}","templated":true}]}}