{"id":502276,"date":"2025-05-15T11:51:40","date_gmt":"2025-05-15T11:51:40","guid":{"rendered":"https:\/\/www.prettywired.co.uk\/?page_id=502276"},"modified":"2025-05-15T11:51:40","modified_gmt":"2025-05-15T11:51:40","slug":"installateur-sonos-clapham","status":"publish","type":"page","link":"https:\/\/www.prettywired.co.uk\/fr\/installateur-sonos-clapham\/","title":{"rendered":"Installateur Sonos Clapham"},"content":{"rendered":"<div data-elementor-type=\"wp-page\" data-elementor-id=\"502276\" class=\"elementor elementor-502276\" data-elementor-post-type=\"page\">\n\t\t\t\t<section class=\"elementor-element elementor-element-4c7157b5 padding-hero e-flex e-con-boxed e-con e-parent\" data-id=\"4c7157b5\" data-element_type=\"container\" data-settings=\"{&quot;background_background&quot;:&quot;classic&quot;}\">\n\t\t\t\t\t<div class=\"e-con-inner\">\n\t\t\t\t<div class=\"elementor-element elementor-element-2cd40231 elementor-widget elementor-widget-heading\" data-id=\"2cd40231\" data-element_type=\"widget\" data-widget_type=\"heading.default\">\n\t\t\t\t<div class=\"elementor-widget-container\">\n\t\t\t\t\t<h1 class=\"elementor-heading-title elementor-size-default\">Installateur Sonos Clapham<\/h1>\t\t\t\t<\/div>\n\t\t\t\t<\/div>\n\t\t\t\t<div class=\"elementor-element elementor-element-6b07e00f elementor-widget elementor-widget-text-editor\" data-id=\"6b07e00f\" data-element_type=\"widget\" data-widget_type=\"text-editor.default\">\n\t\t\t\t<div class=\"elementor-widget-container\">\n\t\t\t\t\t\t\t\t\t<p>Installateurs Sonos certifi\u00e9s \u00e0 Clapham<\/p>\t\t\t\t\t\t\t\t<\/div>\n\t\t\t\t<\/div>\n\t\t\t\t\t<\/div>\n\t\t\t\t<\/section>\n\t\t<section class=\"elementor-element elementor-element-5c993d84 padding-top-bottom e-flex e-con-boxed e-con e-parent\" data-id=\"5c993d84\" data-element_type=\"container\">\n\t\t\t\t\t<div class=\"e-con-inner\">\n\t\t\t\t<div class=\"elementor-element elementor-element-720f55cf elementor-widget elementor-widget-text-editor\" data-id=\"720f55cf\" data-element_type=\"widget\" data-widget_type=\"text-editor.default\">\n\t\t\t\t<div class=\"elementor-widget-container\">\n\t\t\t\t\t\t\t\t\t<h2>Solutions audio multi-pi\u00e8ces haut de gamme<\/h2>\t\t\t\t\t\t\t\t<\/div>\n\t\t\t\t<\/div>\n\t\t\t\t<div class=\"elementor-element elementor-element-52838f43 elementor-widget elementor-widget-text-editor\" data-id=\"52838f43\" data-element_type=\"widget\" data-widget_type=\"text-editor.default\">\n\t\t\t\t<div class=\"elementor-widget-container\">\n\t\t\t\t\t\t\t\t\t<p>Vous souhaitez moderniser votre maison avec un son de haute qualit\u00e9 et sans faille ? En tant qu'expert <a href=\"https:\/\/www.prettywired.co.uk\/fr\/marques\/installateur-sonos-londres\/\">Installateurs Sonos<\/a> \u00e0 Clapham, nous fournissons des solutions audio sur mesure qui apportent une musique cristalline, des films et bien plus encore dans chaque pi\u00e8ce. Que vous recherchiez une installation de haut-parleurs sans fil, un son home cin\u00e9ma ou un syst\u00e8me audio pour toute la maison, Pretty Wired vous garantit une installation professionnelle et une int\u00e9gration sans effort.<\/p>\t\t\t\t\t\t\t\t<\/div>\n\t\t\t\t<\/div>\n\t\t\t\t\t<\/div>\n\t\t\t\t<\/section>\n\t\t<section class=\"elementor-element elementor-element-73911955 padding-top-bottom e-flex e-con-boxed e-con e-parent\" data-id=\"73911955\" data-element_type=\"container\" data-settings=\"{&quot;background_background&quot;:&quot;classic&quot;}\">\n\t\t\t\t\t<div class=\"e-con-inner\">\n\t\t<div class=\"elementor-element elementor-element-4127dd92 e-con-full e-flex e-con e-child\" data-id=\"4127dd92\" data-element_type=\"container\">\n\t\t\t\t<div class=\"elementor-element elementor-element-23fb4bb4 elementor-widget elementor-widget-image\" data-id=\"23fb4bb4\" data-element_type=\"widget\" data-widget_type=\"image.default\">\n\t\t\t\t<div class=\"elementor-widget-container\">\n\t\t\t\t\t\t\t\t\t\t\t\t\t\t\t<img fetchpriority=\"high\" decoding=\"async\" width=\"800\" height=\"523\" src=\"https:\/\/www.prettywired.co.uk\/wp-content\/uploads\/2025\/05\/sonos-speaker-1024x669.jpg\" class=\"attachment-large size-large wp-image-502283\" alt=\"les appareils domestiques intelligents peuvent-ils \u00eatre pirat\u00e9s ?\" srcset=\"https:\/\/www.prettywired.co.uk\/wp-content\/uploads\/2025\/05\/sonos-speaker-1024x669.jpg 1024w, https:\/\/www.prettywired.co.uk\/wp-content\/uploads\/2025\/05\/sonos-speaker-300x196.jpg 300w, https:\/\/www.prettywired.co.uk\/wp-content\/uploads\/2025\/05\/sonos-speaker-768x501.jpg 768w, https:\/\/www.prettywired.co.uk\/wp-content\/uploads\/2025\/05\/sonos-speaker-1536x1003.jpg 1536w, https:\/\/www.prettywired.co.uk\/wp-content\/uploads\/2025\/05\/sonos-speaker-2048x1337.jpg 2048w, https:\/\/www.prettywired.co.uk\/wp-content\/uploads\/2025\/05\/sonos-speaker-18x12.jpg 18w\" sizes=\"(max-width: 800px) 100vw, 800px\" \/>\t\t\t\t\t\t\t\t\t\t\t\t\t\t\t<\/div>\n\t\t\t\t<\/div>\n\t\t\t\t<\/div>\n\t\t<div class=\"elementor-element elementor-element-26bc829 e-con-full e-flex e-con e-child\" data-id=\"26bc829\" data-element_type=\"container\">\n\t\t\t\t<div class=\"elementor-element elementor-element-1d5ce8ce elementor-widget elementor-widget-heading\" data-id=\"1d5ce8ce\" data-element_type=\"widget\" data-widget_type=\"heading.default\">\n\t\t\t\t<div class=\"elementor-widget-container\">\n\t\t\t\t\t<h2 class=\"elementor-heading-title elementor-size-default\">Pourquoi choisir Sonos pour votre maison ?<\/h2>\t\t\t\t<\/div>\n\t\t\t\t<\/div>\n\t\t\t\t<div class=\"elementor-element elementor-element-891368b elementor-widget elementor-widget-text-editor\" data-id=\"891368b\" data-element_type=\"widget\" data-widget_type=\"text-editor.default\">\n\t\t\t\t<div class=\"elementor-widget-container\">\n\t\t\t\t\t\t\t\t\t<p><a href=\"https:\/\/www.sonos.com\/en-gb\/home\" target=\"_blank\" rel=\"noopener\">Sonos<\/a> est un leader dans le domaine de l'audio domestique sans fil, offrant un son immersif de haute fid\u00e9lit\u00e9 avec un contr\u00f4le facile. Les principaux avantages sont les suivants :<\/p><ul><li><strong>Audio sans fil et multi-pi\u00e8ces<\/strong> - Profitez de la musique dans toutes les pi\u00e8ces sans vous encombrer de c\u00e2bles.<\/li><li><strong>Compatibilit\u00e9 avec les maisons intelligentes<\/strong> - Fonctionne avec Alexa, Google Assistant et Apple AirPlay pour la commande vocale.<\/li><li><strong>Int\u00e9gration du cin\u00e9ma \u00e0 domicile<\/strong> - Associez les haut-parleurs Sonos \u00e0 votre t\u00e9l\u00e9viseur pour b\u00e9n\u00e9ficier d'un son surround puissant.<\/li><li><strong>Profils sonores personnalis\u00e9s<\/strong> - Optimisez le son pour chaque espace gr\u00e2ce \u00e0 la technologie Sonos Trueplay.<\/li><li><strong>Syst\u00e8me extensible<\/strong> - Commencez par un seul haut-parleur et d\u00e9veloppez votre installation au fil du temps.<\/li><\/ul>\t\t\t\t\t\t\t\t<\/div>\n\t\t\t\t<\/div>\n\t\t\t\t<div class=\"elementor-element elementor-element-2eb3786e btn-arrow elementor-icon-list--layout-traditional elementor-list-item-link-full_width elementor-invisible elementor-widget elementor-widget-icon-list\" data-id=\"2eb3786e\" data-element_type=\"widget\" data-settings=\"{&quot;_animation&quot;:&quot;fadeInLeft&quot;}\" data-widget_type=\"icon-list.default\">\n\t\t\t\t<div class=\"elementor-widget-container\">\n\t\t\t\t\t\t\t<ul class=\"elementor-icon-list-items\">\n\t\t\t\t\t\t\t<li class=\"elementor-icon-list-item\">\n\t\t\t\t\t\t\t\t\t\t\t<a href=\"\/fr\/nous-contacter\/\">\n\n\t\t\t\t\t\t\t\t\t\t\t\t<span class=\"elementor-icon-list-icon\">\n\t\t\t\t\t\t\t<svg xmlns=\"http:\/\/www.w3.org\/2000\/svg\" width=\"116\" height=\"28\" viewbox=\"0 0 116 28\" fill=\"none\"><path d=\"M80.0001 26L110 14L80.0001 2\" stroke=\"#34586A\" stroke-width=\"4\"><\/path><line x1=\"106.667\" y1=\"14\" x2=\"2.23054e-05\" y2=\"14\" stroke=\"#34586A\" stroke-width=\"4\"><\/line><\/svg>\t\t\t\t\t\t<\/span>\n\t\t\t\t\t\t\t\t\t\t<span class=\"elementor-icon-list-text\">Contacter l'\u00e9quipe<\/span>\n\t\t\t\t\t\t\t\t\t\t\t<\/a>\n\t\t\t\t\t\t\t\t\t<\/li>\n\t\t\t\t\t\t<\/ul>\n\t\t\t\t\t\t<\/div>\n\t\t\t\t<\/div>\n\t\t\t\t<\/div>\n\t\t\t\t<div class=\"elementor-element elementor-element-449b007b elementor-absolute elementor-widget elementor-widget-image\" data-id=\"449b007b\" data-element_type=\"widget\" data-settings=\"{&quot;_position&quot;:&quot;absolute&quot;}\" data-widget_type=\"image.default\">\n\t\t\t\t<div class=\"elementor-widget-container\">\n\t\t\t\t\t\t\t\t\t\t\t\t\t\t\t<img decoding=\"async\" width=\"1213\" height=\"800\" src=\"https:\/\/www.prettywired.co.uk\/wp-content\/uploads\/2023\/08\/Linework_body_v3.svg\" class=\"attachment-full size-full wp-image-478\" alt=\"\" \/>\t\t\t\t\t\t\t\t\t\t\t\t\t\t\t<\/div>\n\t\t\t\t<\/div>\n\t\t\t\t\t<\/div>\n\t\t\t\t<\/section>\n\t\t<div class=\"elementor-element elementor-element-66e9eb7c e-flex e-con-boxed e-con e-parent\" data-id=\"66e9eb7c\" data-element_type=\"container\">\n\t\t\t\t\t<div class=\"e-con-inner\">\n\t\t<section class=\"elementor-element elementor-element-48dd609d padding-top-bottom e-flex e-con-boxed e-con e-child\" data-id=\"48dd609d\" data-element_type=\"container\">\n\t\t\t\t\t<div class=\"e-con-inner\">\n\t\t<div class=\"elementor-element elementor-element-5b6c1b82 e-con-full e-flex e-con e-child\" data-id=\"5b6c1b82\" data-element_type=\"container\">\n\t\t\t\t<div class=\"elementor-element elementor-element-12e18c19 elementor-widget elementor-widget-text-editor\" data-id=\"12e18c19\" data-element_type=\"widget\" data-widget_type=\"text-editor.default\">\n\t\t\t\t<div class=\"elementor-widget-container\">\n\t\t\t\t\t\t\t\t\t<h2>Installation experte de Sonos \u00e0 Clapham<\/h2><p>Chez Pretty Wired, nous sommes sp\u00e9cialis\u00e9s dans les installations Sonos professionnelles \u00e0 Clapham, garantissant une installation sans faille et une qualit\u00e9 sonore sup\u00e9rieure. Notre \u00e9quipe fournit des conseils d'experts et un processus d'installation impeccable adapt\u00e9 \u00e0 votre maison.<\/p><p>Ce que nous offrons :<\/p><ul><li>Installation audio personnalis\u00e9e - Nous concevons un syst\u00e8me Sonos adapt\u00e9 \u00e0 votre espace et \u00e0 vos besoins.<\/li><li>Installation et configuration compl\u00e8tes - Int\u00e9gration transparente avec votre Wi-Fi domestique et vos appareils intelligents.<\/li><li>Solutions audio multi-pi\u00e8ces - Synchronisez les haut-parleurs pour une exp\u00e9rience sonore coh\u00e9rente.<\/li><li>Assistance permanente et mises \u00e0 jour - Nous sommes l\u00e0 pour le d\u00e9pannage et les am\u00e9liorations du syst\u00e8me.<\/li><\/ul>\t\t\t\t\t\t\t\t<\/div>\n\t\t\t\t<\/div>\n\t\t\t\t<\/div>\n\t\t<div class=\"elementor-element elementor-element-17b147a0 e-con-full e-flex e-con e-child\" data-id=\"17b147a0\" data-element_type=\"container\">\n\t\t\t\t<div class=\"elementor-element elementor-element-62bbcba7 elementor-widget elementor-widget-image\" data-id=\"62bbcba7\" data-element_type=\"widget\" data-widget_type=\"image.default\">\n\t\t\t\t<div class=\"elementor-widget-container\">\n\t\t\t\t\t\t\t\t\t\t\t\t\t\t\t<img decoding=\"async\" width=\"800\" height=\"600\" src=\"https:\/\/www.prettywired.co.uk\/wp-content\/uploads\/2025\/05\/sonosspeakerpov-1024x768.jpg\" class=\"attachment-large size-large wp-image-502285\" alt=\"\" srcset=\"https:\/\/www.prettywired.co.uk\/wp-content\/uploads\/2025\/05\/sonosspeakerpov-1024x768.jpg 1024w, https:\/\/www.prettywired.co.uk\/wp-content\/uploads\/2025\/05\/sonosspeakerpov-300x225.jpg 300w, https:\/\/www.prettywired.co.uk\/wp-content\/uploads\/2025\/05\/sonosspeakerpov-768x576.jpg 768w, https:\/\/www.prettywired.co.uk\/wp-content\/uploads\/2025\/05\/sonosspeakerpov-1536x1152.jpg 1536w, https:\/\/www.prettywired.co.uk\/wp-content\/uploads\/2025\/05\/sonosspeakerpov-2048x1536.jpg 2048w, https:\/\/www.prettywired.co.uk\/wp-content\/uploads\/2025\/05\/sonosspeakerpov-16x12.jpg 16w\" sizes=\"(max-width: 800px) 100vw, 800px\" \/>\t\t\t\t\t\t\t\t\t\t\t\t\t\t\t<\/div>\n\t\t\t\t<\/div>\n\t\t\t\t<\/div>\n\t\t\t\t\t<\/div>\n\t\t\t\t<\/section>\n\t\t\t\t\t<\/div>\n\t\t\t\t<\/div>\n\t\t<section class=\"elementor-element elementor-element-a9e8ea padding-top-bottom e-flex e-con-boxed e-con e-parent\" data-id=\"a9e8ea\" data-element_type=\"container\" data-settings=\"{&quot;background_background&quot;:&quot;classic&quot;}\">\n\t\t\t\t\t<div class=\"e-con-inner\">\n\t\t<div class=\"elementor-element elementor-element-572e9f20 e-con-full e-flex e-con e-child\" data-id=\"572e9f20\" data-element_type=\"container\">\n\t\t\t\t<div class=\"elementor-element elementor-element-82a97e0 elementor-widget elementor-widget-image\" data-id=\"82a97e0\" data-element_type=\"widget\" data-widget_type=\"image.default\">\n\t\t\t\t<div class=\"elementor-widget-container\">\n\t\t\t\t\t\t\t\t\t\t\t\t\t\t\t<img loading=\"lazy\" decoding=\"async\" width=\"2560\" height=\"1707\" src=\"https:\/\/www.prettywired.co.uk\/wp-content\/uploads\/2025\/05\/iphonesonos-scaled.jpg\" class=\"attachment-full size-full wp-image-502281\" alt=\"\" srcset=\"https:\/\/www.prettywired.co.uk\/wp-content\/uploads\/2025\/05\/iphonesonos-scaled.jpg 2560w, https:\/\/www.prettywired.co.uk\/wp-content\/uploads\/2025\/05\/iphonesonos-300x200.jpg 300w, https:\/\/www.prettywired.co.uk\/wp-content\/uploads\/2025\/05\/iphonesonos-1024x683.jpg 1024w, https:\/\/www.prettywired.co.uk\/wp-content\/uploads\/2025\/05\/iphonesonos-768x512.jpg 768w, https:\/\/www.prettywired.co.uk\/wp-content\/uploads\/2025\/05\/iphonesonos-1536x1024.jpg 1536w, https:\/\/www.prettywired.co.uk\/wp-content\/uploads\/2025\/05\/iphonesonos-2048x1365.jpg 2048w, https:\/\/www.prettywired.co.uk\/wp-content\/uploads\/2025\/05\/iphonesonos-18x12.jpg 18w\" sizes=\"(max-width: 2560px) 100vw, 2560px\" \/>\t\t\t\t\t\t\t\t\t\t\t\t\t\t\t<\/div>\n\t\t\t\t<\/div>\n\t\t\t\t<\/div>\n\t\t<div class=\"elementor-element elementor-element-20d4bfcf e-con-full e-flex e-con e-child\" data-id=\"20d4bfcf\" data-element_type=\"container\">\n\t\t\t\t<div class=\"elementor-element elementor-element-65b5cdd5 elementor-widget elementor-widget-heading\" data-id=\"65b5cdd5\" data-element_type=\"widget\" data-widget_type=\"heading.default\">\n\t\t\t\t<div class=\"elementor-widget-container\">\n\t\t\t\t\t<h2 class=\"elementor-heading-title elementor-size-default\">Modernisez votre maison de Clapham avec Sonos\n<\/h2>\t\t\t\t<\/div>\n\t\t\t\t<\/div>\n\t\t\t\t<div class=\"elementor-element elementor-element-ccc648 elementor-widget elementor-widget-text-editor\" data-id=\"ccc648\" data-element_type=\"widget\" data-widget_type=\"text-editor.default\">\n\t\t\t\t<div class=\"elementor-widget-container\">\n\t\t\t\t\t\t\t\t\t<p>Imaginez que vous puissiez diffuser votre musique pr\u00e9f\u00e9r\u00e9e dans toute votre maison \u00e0 l'aide d'une simple commande vocale. Avec un syst\u00e8me Sonos install\u00e9 par des professionnels, vous b\u00e9n\u00e9ficiez d'un son ininterrompu et de haute qualit\u00e9 \u00e0 port\u00e9e de main. Qu'il s'agisse de divertissement \u00e0 domicile, d'une salle d'\u00e9coute d\u00e9di\u00e9e ou d'un syst\u00e8me complet, nos services d'installation Sonos \u00e0 Clapham constituent la solution id\u00e9ale.<\/p>\t\t\t\t\t\t\t\t<\/div>\n\t\t\t\t<\/div>\n\t\t\t\t<div class=\"elementor-element elementor-element-5a48056 btn-arrow elementor-icon-list--layout-traditional elementor-list-item-link-full_width elementor-invisible elementor-widget elementor-widget-icon-list\" data-id=\"5a48056\" data-element_type=\"widget\" data-settings=\"{&quot;_animation&quot;:&quot;fadeInLeft&quot;}\" data-widget_type=\"icon-list.default\">\n\t\t\t\t<div class=\"elementor-widget-container\">\n\t\t\t\t\t\t\t<ul class=\"elementor-icon-list-items\">\n\t\t\t\t\t\t\t<li class=\"elementor-icon-list-item\">\n\t\t\t\t\t\t\t\t\t\t\t<a href=\"\/fr\/nous-contacter\/\">\n\n\t\t\t\t\t\t\t\t\t\t\t\t<span class=\"elementor-icon-list-icon\">\n\t\t\t\t\t\t\t<svg xmlns=\"http:\/\/www.w3.org\/2000\/svg\" width=\"116\" height=\"28\" viewbox=\"0 0 116 28\" fill=\"none\"><path d=\"M80.0001 26L110 14L80.0001 2\" stroke=\"#34586A\" stroke-width=\"4\"><\/path><line x1=\"106.667\" y1=\"14\" x2=\"2.23054e-05\" y2=\"14\" stroke=\"#34586A\" stroke-width=\"4\"><\/line><\/svg>\t\t\t\t\t\t<\/span>\n\t\t\t\t\t\t\t\t\t\t<span class=\"elementor-icon-list-text\">Contacter l'\u00e9quipe<\/span>\n\t\t\t\t\t\t\t\t\t\t\t<\/a>\n\t\t\t\t\t\t\t\t\t<\/li>\n\t\t\t\t\t\t<\/ul>\n\t\t\t\t\t\t<\/div>\n\t\t\t\t<\/div>\n\t\t\t\t<\/div>\n\t\t\t\t<div class=\"elementor-element elementor-element-bbea24e elementor-absolute elementor-widget elementor-widget-image\" data-id=\"bbea24e\" data-element_type=\"widget\" data-settings=\"{&quot;_position&quot;:&quot;absolute&quot;}\" data-widget_type=\"image.default\">\n\t\t\t\t<div class=\"elementor-widget-container\">\n\t\t\t\t\t\t\t\t\t\t\t\t\t\t\t<img decoding=\"async\" width=\"1213\" height=\"800\" src=\"https:\/\/www.prettywired.co.uk\/wp-content\/uploads\/2023\/08\/Linework_body_v3.svg\" class=\"attachment-full size-full wp-image-478\" alt=\"\" \/>\t\t\t\t\t\t\t\t\t\t\t\t\t\t\t<\/div>\n\t\t\t\t<\/div>\n\t\t\t\t\t<\/div>\n\t\t\t\t<\/section>\n\t\t<section class=\"elementor-element elementor-element-5c41269 e-flex e-con-boxed e-con e-parent\" data-id=\"5c41269\" data-element_type=\"container\" data-settings=\"{&quot;background_background&quot;:&quot;gradient&quot;}\">\n\t\t\t\t\t<div class=\"e-con-inner\">\n\t\t\t\t<div class=\"elementor-element elementor-element-22f4407b elementor-widget elementor-widget-template\" data-id=\"22f4407b\" data-element_type=\"widget\" data-widget_type=\"template.default\">\n\t\t\t\t<div class=\"elementor-widget-container\">\n\t\t\t\t\t\t\t<div class=\"elementor-template\">\n\t\t\t\t\t<div data-elementor-type=\"section\" data-elementor-id=\"241\" class=\"elementor elementor-241\" data-elementor-post-type=\"elementor_library\">\n\t\t\t<div class=\"elementor-element elementor-element-6254d86 e-flex e-con-boxed elementor-invisible e-con e-parent\" data-id=\"6254d86\" data-element_type=\"container\" data-settings=\"{&quot;background_background&quot;:&quot;classic&quot;,&quot;animation&quot;:&quot;fadeInUp&quot;}\">\n\t\t\t\t\t<div class=\"e-con-inner\">\n\t\t<div class=\"elementor-element elementor-element-590f031 e-con-full e-flex e-con e-child\" data-id=\"590f031\" data-element_type=\"container\">\n\t\t\t\t<div class=\"elementor-element elementor-element-020ca65 elementor-widget elementor-widget-image\" data-id=\"020ca65\" data-element_type=\"widget\" data-widget_type=\"image.default\">\n\t\t\t\t<div class=\"elementor-widget-container\">\n\t\t\t\t\t\t\t\t\t\t\t\t\t\t\t<img loading=\"lazy\" decoding=\"async\" width=\"291\" height=\"458\" src=\"https:\/\/www.prettywired.co.uk\/wp-content\/uploads\/2023\/07\/pw-hero-lightbulb.svg\" class=\"attachment-full size-full wp-image-46\" alt=\"Ampoule P W\" \/>\t\t\t\t\t\t\t\t\t\t\t\t\t\t\t<\/div>\n\t\t\t\t<\/div>\n\t\t\t\t<\/div>\n\t\t<div class=\"elementor-element elementor-element-109ea9f e-con-full e-flex e-con e-child\" data-id=\"109ea9f\" data-element_type=\"container\">\n\t\t\t\t<div class=\"elementor-element elementor-element-25d9cf0 elementor-widget elementor-widget-heading\" data-id=\"25d9cf0\" data-element_type=\"widget\" data-widget_type=\"heading.default\">\n\t\t\t\t<div class=\"elementor-widget-container\">\n\t\t\t\t\t<h2 class=\"elementor-heading-title elementor-size-default\">Comment pouvons-nous vous aider ?<\/h2>\t\t\t\t<\/div>\n\t\t\t\t<\/div>\n\t\t\t\t<div class=\"elementor-element elementor-element-9ad1056 elementor-widget elementor-widget-text-editor\" data-id=\"9ad1056\" data-element_type=\"widget\" data-widget_type=\"text-editor.default\">\n\t\t\t\t<div class=\"elementor-widget-container\">\n\t\t\t\t\t\t\t\t\t<p><span style=\"white-space-collapse: preserve;\">Vous pensez que nous pourrions \u00eatre le partenaire id\u00e9al pour votre projet ? <\/span><span style=\"white-space-collapse: preserve;\">Appelez l'\u00e9quipe d\u00e8s aujourd'hui et nous vous dirons comment nous pouvons vous aider.<br \/><\/span><\/p>\t\t\t\t\t\t\t\t<\/div>\n\t\t\t\t<\/div>\n\t\t\t\t<div class=\"elementor-element elementor-element-2569b50 elementor-widget elementor-widget-button\" data-id=\"2569b50\" data-element_type=\"widget\" data-widget_type=\"button.default\">\n\t\t\t\t<div class=\"elementor-widget-container\">\n\t\t\t\t\t\t\t\t\t<div class=\"elementor-button-wrapper\">\n\t\t\t\t\t<a class=\"elementor-button elementor-button-link elementor-size-sm\" href=\"\/fr\/nous-contacter\/\">\n\t\t\t\t\t\t<span class=\"elementor-button-content-wrapper\">\n\t\t\t\t\t\t\t\t\t<span class=\"elementor-button-text\">Prendre contact<\/span>\n\t\t\t\t\t<\/span>\n\t\t\t\t\t<\/a>\n\t\t\t\t<\/div>\n\t\t\t\t\t\t\t\t<\/div>\n\t\t\t\t<\/div>\n\t\t\t\t<\/div>\n\t\t\t\t\t<\/div>\n\t\t\t\t<\/div>\n\t\t\t\t<\/div>\n\t\t\t\t<\/div>\n\t\t\t\t\t\t<\/div>\n\t\t\t\t<\/div>\n\t\t\t\t\t<\/div>\n\t\t\t\t<\/section>\n\t\t\t\t<\/div>","protected":false},"excerpt":{"rendered":"<p>Installateur Sonos \u00e0 Clapham Installateurs Sonos certifi\u00e9s \u00e0 Clapham Solutions audio multi-pi\u00e8ces haut de gamme Vous souhaitez am\u00e9liorer votre maison avec un son transparent et de haute qualit\u00e9 ? En tant qu'installateurs Sonos experts \u00e0 Clapham, nous fournissons des solutions audio sur mesure qui apportent une musique cristalline, des films et bien plus encore dans chaque pi\u00e8ce. Que vous recherchiez une installation de haut-parleurs sans fil, un son home cin\u00e9ma ou une [...]<\/p>","protected":false},"author":1,"featured_media":0,"parent":0,"menu_order":0,"comment_status":"closed","ping_status":"closed","template":"","meta":{"footnotes":""},"class_list":["post-502276","page","type-page","status-publish","hentry"],"_links":{"self":[{"href":"https:\/\/www.prettywired.co.uk\/fr\/wp-json\/wp\/v2\/pages\/502276","targetHints":{"allow":["GET"]}}],"collection":[{"href":"https:\/\/www.prettywired.co.uk\/fr\/wp-json\/wp\/v2\/pages"}],"about":[{"href":"https:\/\/www.prettywired.co.uk\/fr\/wp-json\/wp\/v2\/types\/page"}],"author":[{"embeddable":true,"href":"https:\/\/www.prettywired.co.uk\/fr\/wp-json\/wp\/v2\/users\/1"}],"replies":[{"embeddable":true,"href":"https:\/\/www.prettywired.co.uk\/fr\/wp-json\/wp\/v2\/comments?post=502276"}],"version-history":[{"count":8,"href":"https:\/\/www.prettywired.co.uk\/fr\/wp-json\/wp\/v2\/pages\/502276\/revisions"}],"predecessor-version":[{"id":502291,"href":"https:\/\/www.prettywired.co.uk\/fr\/wp-json\/wp\/v2\/pages\/502276\/revisions\/502291"}],"wp:attachment":[{"href":"https:\/\/www.prettywired.co.uk\/fr\/wp-json\/wp\/v2\/media?parent=502276"}],"curies":[{"name":"wp","href":"https:\/\/api.w.org\/{rel}","templated":true}]}}