{"id":502270,"date":"2025-05-14T14:56:47","date_gmt":"2025-05-14T14:56:47","guid":{"rendered":"https:\/\/www.prettywired.co.uk\/?page_id=502270"},"modified":"2025-05-14T14:56:47","modified_gmt":"2025-05-14T14:56:47","slug":"rako-installateur-belgravia","status":"publish","type":"page","link":"https:\/\/www.prettywired.co.uk\/fr\/rako-installateur-belgravia\/","title":{"rendered":"Installateur Rako Belgravia"},"content":{"rendered":"<div data-elementor-type=\"wp-page\" data-elementor-id=\"502270\" class=\"elementor elementor-502270\" data-elementor-post-type=\"page\">\n\t\t\t\t<section class=\"elementor-element elementor-element-4c7157b5 padding-hero e-flex e-con-boxed e-con e-parent\" data-id=\"4c7157b5\" data-element_type=\"container\" data-settings=\"{&quot;background_background&quot;:&quot;classic&quot;}\">\n\t\t\t\t\t<div class=\"e-con-inner\">\n\t\t\t\t<div class=\"elementor-element elementor-element-2cd40231 elementor-widget elementor-widget-heading\" data-id=\"2cd40231\" data-element_type=\"widget\" data-widget_type=\"heading.default\">\n\t\t\t\t<div class=\"elementor-widget-container\">\n\t\t\t\t\t<h1 class=\"elementor-heading-title elementor-size-default\">Installateur Rako Belgravia<\/h1>\t\t\t\t<\/div>\n\t\t\t\t<\/div>\n\t\t\t\t<div class=\"elementor-element elementor-element-6b07e00f elementor-widget elementor-widget-text-editor\" data-id=\"6b07e00f\" data-element_type=\"widget\" data-widget_type=\"text-editor.default\">\n\t\t\t\t<div class=\"elementor-widget-container\">\n\t\t\t\t\t\t\t\t\t<p>Installateurs Rako certifi\u00e9s \u00e0 Belgravia<\/p>\t\t\t\t\t\t\t\t<\/div>\n\t\t\t\t<\/div>\n\t\t\t\t\t<\/div>\n\t\t\t\t<\/section>\n\t\t<section class=\"elementor-element elementor-element-5c993d84 padding-top-bottom e-flex e-con-boxed e-con e-parent\" data-id=\"5c993d84\" data-element_type=\"container\">\n\t\t\t\t\t<div class=\"e-con-inner\">\n\t\t\t\t<div class=\"elementor-element elementor-element-720f55cf elementor-widget elementor-widget-text-editor\" data-id=\"720f55cf\" data-element_type=\"widget\" data-widget_type=\"text-editor.default\">\n\t\t\t\t<div class=\"elementor-widget-container\">\n\t\t\t\t\t\t\t\t\t<h2>Solutions d'\u00e9clairage intelligentes pour votre maison<\/h2>\t\t\t\t\t\t\t\t<\/div>\n\t\t\t\t<\/div>\n\t\t\t\t<div class=\"elementor-element elementor-element-52838f43 elementor-widget elementor-widget-text-editor\" data-id=\"52838f43\" data-element_type=\"widget\" data-widget_type=\"text-editor.default\">\n\t\t\t\t<div class=\"elementor-widget-container\">\n\t\t\t\t\t\t\t\t\t<p>Am\u00e9liorez votre maison gr\u00e2ce \u00e0 un contr\u00f4le intelligent de l'\u00e9clairage. En tant qu'expert <a href=\"https:\/\/rakocontrols.com\/\" target=\"_blank\" rel=\"noopener\">Installateurs Rako<\/a> \u00e0 Belgravia, nous fournissons des solutions d'\u00e9clairage transparentes, \u00e9l\u00e9gantes et \u00e9conomes en \u00e9nergie, adapt\u00e9es \u00e0 vos besoins. Que vous recherchiez une gradation intelligente, un contr\u00f4le sans fil ou un syst\u00e8me domotique enti\u00e8rement int\u00e9gr\u00e9, Pretty Wired vous garantit une installation professionnelle pour un contr\u00f4le de l'\u00e9clairage sans effort.<\/p>\t\t\t\t\t\t\t\t<\/div>\n\t\t\t\t<\/div>\n\t\t\t\t\t<\/div>\n\t\t\t\t<\/section>\n\t\t<section class=\"elementor-element elementor-element-73911955 padding-top-bottom e-flex e-con-boxed e-con e-parent\" data-id=\"73911955\" data-element_type=\"container\" data-settings=\"{&quot;background_background&quot;:&quot;classic&quot;}\">\n\t\t\t\t\t<div class=\"e-con-inner\">\n\t\t<div class=\"elementor-element elementor-element-4127dd92 e-con-full e-flex e-con e-child\" data-id=\"4127dd92\" data-element_type=\"container\">\n\t\t\t\t<div class=\"elementor-element elementor-element-23fb4bb4 elementor-widget elementor-widget-image\" data-id=\"23fb4bb4\" data-element_type=\"widget\" data-widget_type=\"image.default\">\n\t\t\t\t<div class=\"elementor-widget-container\">\n\t\t\t\t\t\t\t\t\t\t\t\t\t\t\t<img fetchpriority=\"high\" decoding=\"async\" width=\"800\" height=\"533\" src=\"https:\/\/www.prettywired.co.uk\/wp-content\/uploads\/2023\/07\/IMG_6037_38_39_40_41_42_fused-1024x682.jpeg\" class=\"attachment-large size-large wp-image-203\" alt=\"One Canada Square\" srcset=\"https:\/\/www.prettywired.co.uk\/wp-content\/uploads\/2023\/07\/IMG_6037_38_39_40_41_42_fused-1024x682.jpeg 1024w, https:\/\/www.prettywired.co.uk\/wp-content\/uploads\/2023\/07\/IMG_6037_38_39_40_41_42_fused-300x200.jpeg 300w, https:\/\/www.prettywired.co.uk\/wp-content\/uploads\/2023\/07\/IMG_6037_38_39_40_41_42_fused-768x511.jpeg 768w, https:\/\/www.prettywired.co.uk\/wp-content\/uploads\/2023\/07\/IMG_6037_38_39_40_41_42_fused-1536x1023.jpeg 1536w, https:\/\/www.prettywired.co.uk\/wp-content\/uploads\/2023\/07\/IMG_6037_38_39_40_41_42_fused.jpeg 1900w\" sizes=\"(max-width: 800px) 100vw, 800px\" \/>\t\t\t\t\t\t\t\t\t\t\t\t\t\t\t<\/div>\n\t\t\t\t<\/div>\n\t\t\t\t<\/div>\n\t\t<div class=\"elementor-element elementor-element-26bc829 e-con-full e-flex e-con e-child\" data-id=\"26bc829\" data-element_type=\"container\">\n\t\t\t\t<div class=\"elementor-element elementor-element-1d5ce8ce elementor-widget elementor-widget-heading\" data-id=\"1d5ce8ce\" data-element_type=\"widget\" data-widget_type=\"heading.default\">\n\t\t\t\t<div class=\"elementor-widget-container\">\n\t\t\t\t\t<h2 class=\"elementor-heading-title elementor-size-default\">Pourquoi choisir Rako pour votre maison ?<\/h2>\t\t\t\t<\/div>\n\t\t\t\t<\/div>\n\t\t\t\t<div class=\"elementor-element elementor-element-891368b elementor-widget elementor-widget-text-editor\" data-id=\"891368b\" data-element_type=\"widget\" data-widget_type=\"text-editor.default\">\n\t\t\t\t<div class=\"elementor-widget-container\">\n\t\t\t\t\t\t\t\t\t<p>Rako est un leader dans la technologie de l'\u00e9clairage intelligent. Ses solutions sans fil et c\u00e2bl\u00e9es apportent commodit\u00e9, flexibilit\u00e9 et une touche de luxe \u00e0 votre maison. Les principaux avantages de l'\u00e9clairage Rako sont les suivants<\/p><ul><li>Sans fil et adaptable - Pas besoin de refaire le c\u00e2blage, parfait pour les maisons d'\u00e9poque et les propri\u00e9t\u00e9s modernes.<\/li><li>Int\u00e9gration \u00e0 la maison intelligente - Fonctionne avec Lutron, Sonos, Google Nest, Amazon Alexa, et plus encore pour une automatisation compl\u00e8te.<\/li><li>Des ambiances pour toutes les humeurs - Cr\u00e9ez des ambiances lumineuses personnalis\u00e9es pour vous d\u00e9tendre, vous divertir ou travailler.<\/li><li>Efficacit\u00e9 \u00e9nerg\u00e9tique - R\u00e9duisez la consommation d'\u00e9nergie gr\u00e2ce \u00e0 la gradation et \u00e0 la programmation intelligentes.<\/li><li>Syst\u00e8mes \u00e9volutifs - Commencez \u00e0 petite \u00e9chelle et \u00e9voluez vers un syst\u00e8me domotique complet.<\/li><\/ul>\t\t\t\t\t\t\t\t<\/div>\n\t\t\t\t<\/div>\n\t\t\t\t<div class=\"elementor-element elementor-element-2eb3786e btn-arrow elementor-icon-list--layout-traditional elementor-list-item-link-full_width elementor-invisible elementor-widget elementor-widget-icon-list\" data-id=\"2eb3786e\" data-element_type=\"widget\" data-settings=\"{&quot;_animation&quot;:&quot;fadeInLeft&quot;}\" data-widget_type=\"icon-list.default\">\n\t\t\t\t<div class=\"elementor-widget-container\">\n\t\t\t\t\t\t\t<ul class=\"elementor-icon-list-items\">\n\t\t\t\t\t\t\t<li class=\"elementor-icon-list-item\">\n\t\t\t\t\t\t\t\t\t\t\t<a href=\"\/fr\/nous-contacter\/\">\n\n\t\t\t\t\t\t\t\t\t\t\t\t<span class=\"elementor-icon-list-icon\">\n\t\t\t\t\t\t\t<svg xmlns=\"http:\/\/www.w3.org\/2000\/svg\" width=\"116\" height=\"28\" viewbox=\"0 0 116 28\" fill=\"none\"><path d=\"M80.0001 26L110 14L80.0001 2\" stroke=\"#34586A\" stroke-width=\"4\"><\/path><line x1=\"106.667\" y1=\"14\" x2=\"2.23054e-05\" y2=\"14\" stroke=\"#34586A\" stroke-width=\"4\"><\/line><\/svg>\t\t\t\t\t\t<\/span>\n\t\t\t\t\t\t\t\t\t\t<span class=\"elementor-icon-list-text\">Contacter l'\u00e9quipe<\/span>\n\t\t\t\t\t\t\t\t\t\t\t<\/a>\n\t\t\t\t\t\t\t\t\t<\/li>\n\t\t\t\t\t\t<\/ul>\n\t\t\t\t\t\t<\/div>\n\t\t\t\t<\/div>\n\t\t\t\t<\/div>\n\t\t\t\t<div class=\"elementor-element elementor-element-449b007b elementor-absolute elementor-widget elementor-widget-image\" data-id=\"449b007b\" data-element_type=\"widget\" data-settings=\"{&quot;_position&quot;:&quot;absolute&quot;}\" data-widget_type=\"image.default\">\n\t\t\t\t<div class=\"elementor-widget-container\">\n\t\t\t\t\t\t\t\t\t\t\t\t\t\t\t<img decoding=\"async\" width=\"1213\" height=\"800\" src=\"https:\/\/www.prettywired.co.uk\/wp-content\/uploads\/2023\/08\/Linework_body_v3.svg\" class=\"attachment-full size-full wp-image-478\" alt=\"\" \/>\t\t\t\t\t\t\t\t\t\t\t\t\t\t\t<\/div>\n\t\t\t\t<\/div>\n\t\t\t\t\t<\/div>\n\t\t\t\t<\/section>\n\t\t<div class=\"elementor-element elementor-element-66e9eb7c e-flex e-con-boxed e-con e-parent\" data-id=\"66e9eb7c\" data-element_type=\"container\">\n\t\t\t\t\t<div class=\"e-con-inner\">\n\t\t<section class=\"elementor-element elementor-element-48dd609d padding-top-bottom e-flex e-con-boxed e-con e-child\" data-id=\"48dd609d\" data-element_type=\"container\">\n\t\t\t\t\t<div class=\"e-con-inner\">\n\t\t<div class=\"elementor-element elementor-element-5b6c1b82 e-con-full e-flex e-con e-child\" data-id=\"5b6c1b82\" data-element_type=\"container\">\n\t\t\t\t<div class=\"elementor-element elementor-element-12e18c19 elementor-widget elementor-widget-text-editor\" data-id=\"12e18c19\" data-element_type=\"widget\" data-widget_type=\"text-editor.default\">\n\t\t\t\t<div class=\"elementor-widget-container\">\n\t\t\t\t\t\t\t\t\t<h2>Installation experte de Rako \u00e0 Belgravia<\/h2><p>Pretty Wired est sp\u00e9cialis\u00e9 dans les installations d'\u00e9clairage Rako \u00e0 Belgravia. Notre \u00e9quipe exp\u00e9riment\u00e9e vous fournira une installation parfaite afin que vous puissiez profiter d'une gestion facile et intuitive de l'\u00e9clairage avec un minimum de perturbations.<\/p><p>Nous travaillerons avec vous pour cr\u00e9er une conception d'\u00e9clairage personnalis\u00e9e, adapt\u00e9e \u00e0 l'agencement de votre maison et \u00e0 votre style de vie. Nous nous occupons de l'installation compl\u00e8te et de la programmation - du c\u00e2blage \u00e0 la configuration des sc\u00e8nes. Nous connecterons \u00e9galement Rako \u00e0 votre installation domotique existante et fournirons un support et une maintenance continus.<\/p>\t\t\t\t\t\t\t\t<\/div>\n\t\t\t\t<\/div>\n\t\t\t\t<\/div>\n\t\t<div class=\"elementor-element elementor-element-17b147a0 e-con-full e-flex e-con e-child\" data-id=\"17b147a0\" data-element_type=\"container\">\n\t\t\t\t<div class=\"elementor-element elementor-element-62bbcba7 elementor-widget elementor-widget-image\" data-id=\"62bbcba7\" data-element_type=\"widget\" data-widget_type=\"image.default\">\n\t\t\t\t<div class=\"elementor-widget-container\">\n\t\t\t\t\t\t\t\t\t\t\t\t\t\t\t<img decoding=\"async\" width=\"800\" height=\"533\" src=\"https:\/\/www.prettywired.co.uk\/wp-content\/uploads\/2023\/07\/IMG_6088-1024x682.jpeg\" class=\"attachment-large size-large wp-image-206\" alt=\"One Canada Square\" srcset=\"https:\/\/www.prettywired.co.uk\/wp-content\/uploads\/2023\/07\/IMG_6088-1024x682.jpeg 1024w, https:\/\/www.prettywired.co.uk\/wp-content\/uploads\/2023\/07\/IMG_6088-300x200.jpeg 300w, https:\/\/www.prettywired.co.uk\/wp-content\/uploads\/2023\/07\/IMG_6088-768x512.jpeg 768w, https:\/\/www.prettywired.co.uk\/wp-content\/uploads\/2023\/07\/IMG_6088-1536x1023.jpeg 1536w, https:\/\/www.prettywired.co.uk\/wp-content\/uploads\/2023\/07\/IMG_6088.jpeg 1900w\" sizes=\"(max-width: 800px) 100vw, 800px\" \/>\t\t\t\t\t\t\t\t\t\t\t\t\t\t\t<\/div>\n\t\t\t\t<\/div>\n\t\t\t\t<\/div>\n\t\t\t\t\t<\/div>\n\t\t\t\t<\/section>\n\t\t\t\t\t<\/div>\n\t\t\t\t<\/div>\n\t\t<section class=\"elementor-element elementor-element-a9e8ea padding-top-bottom e-flex e-con-boxed e-con e-parent\" data-id=\"a9e8ea\" data-element_type=\"container\" data-settings=\"{&quot;background_background&quot;:&quot;classic&quot;}\">\n\t\t\t\t\t<div class=\"e-con-inner\">\n\t\t<div class=\"elementor-element elementor-element-572e9f20 e-con-full e-flex e-con e-child\" data-id=\"572e9f20\" data-element_type=\"container\">\n\t\t\t\t<div class=\"elementor-element elementor-element-82a97e0 elementor-widget elementor-widget-image\" data-id=\"82a97e0\" data-element_type=\"widget\" data-widget_type=\"image.default\">\n\t\t\t\t<div class=\"elementor-widget-container\">\n\t\t\t\t\t\t\t\t\t\t\t\t\t\t\t<img loading=\"lazy\" decoding=\"async\" width=\"1266\" height=\"1900\" src=\"https:\/\/www.prettywired.co.uk\/wp-content\/uploads\/2023\/07\/IMG_6104.jpeg\" class=\"attachment-full size-full wp-image-207\" alt=\"One Canada Square\" srcset=\"https:\/\/www.prettywired.co.uk\/wp-content\/uploads\/2023\/07\/IMG_6104.jpeg 1266w, https:\/\/www.prettywired.co.uk\/wp-content\/uploads\/2023\/07\/IMG_6104-200x300.jpeg 200w, https:\/\/www.prettywired.co.uk\/wp-content\/uploads\/2023\/07\/IMG_6104-682x1024.jpeg 682w, https:\/\/www.prettywired.co.uk\/wp-content\/uploads\/2023\/07\/IMG_6104-768x1153.jpeg 768w, https:\/\/www.prettywired.co.uk\/wp-content\/uploads\/2023\/07\/IMG_6104-1023x1536.jpeg 1023w\" sizes=\"(max-width: 1266px) 100vw, 1266px\" \/>\t\t\t\t\t\t\t\t\t\t\t\t\t\t\t<\/div>\n\t\t\t\t<\/div>\n\t\t\t\t<\/div>\n\t\t<div class=\"elementor-element elementor-element-20d4bfcf e-con-full e-flex e-con e-child\" data-id=\"20d4bfcf\" data-element_type=\"container\">\n\t\t\t\t<div class=\"elementor-element elementor-element-65b5cdd5 elementor-widget elementor-widget-heading\" data-id=\"65b5cdd5\" data-element_type=\"widget\" data-widget_type=\"heading.default\">\n\t\t\t\t<div class=\"elementor-widget-container\">\n\t\t\t\t\t<h2 class=\"elementor-heading-title elementor-size-default\">Ce que nous offrons<\/h2>\t\t\t\t<\/div>\n\t\t\t\t<\/div>\n\t\t\t\t<div class=\"elementor-element elementor-element-ccc648 elementor-widget elementor-widget-text-editor\" data-id=\"ccc648\" data-element_type=\"widget\" data-widget_type=\"text-editor.default\">\n\t\t\t\t<div class=\"elementor-widget-container\">\n\t\t\t\t\t\t\t\t\t<ul><li>Conception d'\u00e9clairage sur mesure pour s'adapter \u00e0 votre maison et \u00e0 vos besoins.<\/li><li>Installation et programmation compl\u00e8tes. Nous nous occupons de tout, du c\u00e2blage \u00e0 la configuration des sc\u00e8nes.<\/li><li>Int\u00e9gration transparente \u00e0 la maison intelligente. Nous connectons Rako \u00e0 votre installation existante.<\/li><li>Assistance et maintenance continues. Nous sommes l\u00e0 pour vous aider avec les mises \u00e0 jour du syst\u00e8me et le d\u00e9pannage.<\/li><\/ul><h2>\u00c9levez votre maison de Belgravia avec l'\u00e9clairage de Rako<\/h2><p>Avec le contr\u00f4le avanc\u00e9 de l'\u00e9clairage de Rako, vous pouvez cr\u00e9er l'ambiance parfaite pour chaque occasion. Que vous ayez besoin d'une gradation discr\u00e8te pour un appartement de luxe, d'un \u00e9clairage de s\u00e9curit\u00e9 automatis\u00e9 ou d'une installation domotique compl\u00e8te, nos services d'installation Rako \u00e0 Belgravia vous apporteront la solution id\u00e9ale.<\/p>\t\t\t\t\t\t\t\t<\/div>\n\t\t\t\t<\/div>\n\t\t\t\t<div class=\"elementor-element elementor-element-5a48056 btn-arrow elementor-icon-list--layout-traditional elementor-list-item-link-full_width elementor-invisible elementor-widget elementor-widget-icon-list\" data-id=\"5a48056\" data-element_type=\"widget\" data-settings=\"{&quot;_animation&quot;:&quot;fadeInLeft&quot;}\" data-widget_type=\"icon-list.default\">\n\t\t\t\t<div class=\"elementor-widget-container\">\n\t\t\t\t\t\t\t<ul class=\"elementor-icon-list-items\">\n\t\t\t\t\t\t\t<li class=\"elementor-icon-list-item\">\n\t\t\t\t\t\t\t\t\t\t\t<a href=\"\/fr\/nous-contacter\/\">\n\n\t\t\t\t\t\t\t\t\t\t\t\t<span class=\"elementor-icon-list-icon\">\n\t\t\t\t\t\t\t<svg xmlns=\"http:\/\/www.w3.org\/2000\/svg\" width=\"116\" height=\"28\" viewbox=\"0 0 116 28\" fill=\"none\"><path d=\"M80.0001 26L110 14L80.0001 2\" stroke=\"#34586A\" stroke-width=\"4\"><\/path><line x1=\"106.667\" y1=\"14\" x2=\"2.23054e-05\" y2=\"14\" stroke=\"#34586A\" stroke-width=\"4\"><\/line><\/svg>\t\t\t\t\t\t<\/span>\n\t\t\t\t\t\t\t\t\t\t<span class=\"elementor-icon-list-text\">Contacter l'\u00e9quipe<\/span>\n\t\t\t\t\t\t\t\t\t\t\t<\/a>\n\t\t\t\t\t\t\t\t\t<\/li>\n\t\t\t\t\t\t<\/ul>\n\t\t\t\t\t\t<\/div>\n\t\t\t\t<\/div>\n\t\t\t\t<\/div>\n\t\t\t\t<div class=\"elementor-element elementor-element-bbea24e elementor-absolute elementor-widget elementor-widget-image\" data-id=\"bbea24e\" data-element_type=\"widget\" data-settings=\"{&quot;_position&quot;:&quot;absolute&quot;}\" data-widget_type=\"image.default\">\n\t\t\t\t<div class=\"elementor-widget-container\">\n\t\t\t\t\t\t\t\t\t\t\t\t\t\t\t<img decoding=\"async\" width=\"1213\" height=\"800\" src=\"https:\/\/www.prettywired.co.uk\/wp-content\/uploads\/2023\/08\/Linework_body_v3.svg\" class=\"attachment-full size-full wp-image-478\" alt=\"\" \/>\t\t\t\t\t\t\t\t\t\t\t\t\t\t\t<\/div>\n\t\t\t\t<\/div>\n\t\t\t\t\t<\/div>\n\t\t\t\t<\/section>\n\t\t<section class=\"elementor-element elementor-element-5c41269 e-flex e-con-boxed e-con e-parent\" data-id=\"5c41269\" data-element_type=\"container\" data-settings=\"{&quot;background_background&quot;:&quot;gradient&quot;}\">\n\t\t\t\t\t<div class=\"e-con-inner\">\n\t\t\t\t<div class=\"elementor-element elementor-element-22f4407b elementor-widget elementor-widget-template\" data-id=\"22f4407b\" data-element_type=\"widget\" data-widget_type=\"template.default\">\n\t\t\t\t<div class=\"elementor-widget-container\">\n\t\t\t\t\t\t\t<div class=\"elementor-template\">\n\t\t\t\t\t<div data-elementor-type=\"section\" data-elementor-id=\"241\" class=\"elementor elementor-241\" data-elementor-post-type=\"elementor_library\">\n\t\t\t<div class=\"elementor-element elementor-element-6254d86 e-flex e-con-boxed elementor-invisible e-con e-parent\" data-id=\"6254d86\" data-element_type=\"container\" data-settings=\"{&quot;background_background&quot;:&quot;classic&quot;,&quot;animation&quot;:&quot;fadeInUp&quot;}\">\n\t\t\t\t\t<div class=\"e-con-inner\">\n\t\t<div class=\"elementor-element elementor-element-590f031 e-con-full e-flex e-con e-child\" data-id=\"590f031\" data-element_type=\"container\">\n\t\t\t\t<div class=\"elementor-element elementor-element-020ca65 elementor-widget elementor-widget-image\" data-id=\"020ca65\" data-element_type=\"widget\" data-widget_type=\"image.default\">\n\t\t\t\t<div class=\"elementor-widget-container\">\n\t\t\t\t\t\t\t\t\t\t\t\t\t\t\t<img loading=\"lazy\" decoding=\"async\" width=\"291\" height=\"458\" src=\"https:\/\/www.prettywired.co.uk\/wp-content\/uploads\/2023\/07\/pw-hero-lightbulb.svg\" class=\"attachment-full size-full wp-image-46\" alt=\"Ampoule P W\" \/>\t\t\t\t\t\t\t\t\t\t\t\t\t\t\t<\/div>\n\t\t\t\t<\/div>\n\t\t\t\t<\/div>\n\t\t<div class=\"elementor-element elementor-element-109ea9f e-con-full e-flex e-con e-child\" data-id=\"109ea9f\" data-element_type=\"container\">\n\t\t\t\t<div class=\"elementor-element elementor-element-25d9cf0 elementor-widget elementor-widget-heading\" data-id=\"25d9cf0\" data-element_type=\"widget\" data-widget_type=\"heading.default\">\n\t\t\t\t<div class=\"elementor-widget-container\">\n\t\t\t\t\t<h2 class=\"elementor-heading-title elementor-size-default\">Comment pouvons-nous vous aider ?<\/h2>\t\t\t\t<\/div>\n\t\t\t\t<\/div>\n\t\t\t\t<div class=\"elementor-element elementor-element-9ad1056 elementor-widget elementor-widget-text-editor\" data-id=\"9ad1056\" data-element_type=\"widget\" data-widget_type=\"text-editor.default\">\n\t\t\t\t<div class=\"elementor-widget-container\">\n\t\t\t\t\t\t\t\t\t<p><span style=\"white-space-collapse: preserve;\">Vous pensez que nous pourrions \u00eatre le partenaire id\u00e9al pour votre projet ? <\/span><span style=\"white-space-collapse: preserve;\">Appelez l'\u00e9quipe d\u00e8s aujourd'hui et nous vous dirons comment nous pouvons vous aider.<br \/><\/span><\/p>\t\t\t\t\t\t\t\t<\/div>\n\t\t\t\t<\/div>\n\t\t\t\t<div class=\"elementor-element elementor-element-2569b50 elementor-widget elementor-widget-button\" data-id=\"2569b50\" data-element_type=\"widget\" data-widget_type=\"button.default\">\n\t\t\t\t<div class=\"elementor-widget-container\">\n\t\t\t\t\t\t\t\t\t<div class=\"elementor-button-wrapper\">\n\t\t\t\t\t<a class=\"elementor-button elementor-button-link elementor-size-sm\" href=\"\/fr\/nous-contacter\/\">\n\t\t\t\t\t\t<span class=\"elementor-button-content-wrapper\">\n\t\t\t\t\t\t\t\t\t<span class=\"elementor-button-text\">Prendre contact<\/span>\n\t\t\t\t\t<\/span>\n\t\t\t\t\t<\/a>\n\t\t\t\t<\/div>\n\t\t\t\t\t\t\t\t<\/div>\n\t\t\t\t<\/div>\n\t\t\t\t<\/div>\n\t\t\t\t\t<\/div>\n\t\t\t\t<\/div>\n\t\t\t\t<\/div>\n\t\t\t\t<\/div>\n\t\t\t\t\t\t<\/div>\n\t\t\t\t<\/div>\n\t\t\t\t\t<\/div>\n\t\t\t\t<\/section>\n\t\t\t\t<\/div>","protected":false},"excerpt":{"rendered":"<p>Installateur Rako Belgravia Installateurs Rako certifi\u00e9s \u00e0 Belgravia Des solutions d'\u00e9clairage intelligentes pour votre maison Am\u00e9liorez votre maison avec un contr\u00f4le intelligent de l'\u00e9clairage. En tant qu'installateurs experts Rako \u00e0 Belgravia, nous fournissons des solutions d'\u00e9clairage transparentes, \u00e9l\u00e9gantes et \u00e9co\u00e9nerg\u00e9tiques adapt\u00e9es \u00e0 vos besoins. Que vous recherchiez une gradation intelligente, un contr\u00f4le sans fil ou un syst\u00e8me domotique enti\u00e8rement int\u00e9gr\u00e9, Pretty [...]<\/p>","protected":false},"author":1,"featured_media":0,"parent":0,"menu_order":0,"comment_status":"closed","ping_status":"closed","template":"","meta":{"footnotes":""},"class_list":["post-502270","page","type-page","status-publish","hentry"],"_links":{"self":[{"href":"https:\/\/www.prettywired.co.uk\/fr\/wp-json\/wp\/v2\/pages\/502270","targetHints":{"allow":["GET"]}}],"collection":[{"href":"https:\/\/www.prettywired.co.uk\/fr\/wp-json\/wp\/v2\/pages"}],"about":[{"href":"https:\/\/www.prettywired.co.uk\/fr\/wp-json\/wp\/v2\/types\/page"}],"author":[{"embeddable":true,"href":"https:\/\/www.prettywired.co.uk\/fr\/wp-json\/wp\/v2\/users\/1"}],"replies":[{"embeddable":true,"href":"https:\/\/www.prettywired.co.uk\/fr\/wp-json\/wp\/v2\/comments?post=502270"}],"version-history":[{"count":5,"href":"https:\/\/www.prettywired.co.uk\/fr\/wp-json\/wp\/v2\/pages\/502270\/revisions"}],"predecessor-version":[{"id":502275,"href":"https:\/\/www.prettywired.co.uk\/fr\/wp-json\/wp\/v2\/pages\/502270\/revisions\/502275"}],"wp:attachment":[{"href":"https:\/\/www.prettywired.co.uk\/fr\/wp-json\/wp\/v2\/media?parent=502270"}],"curies":[{"name":"wp","href":"https:\/\/api.w.org\/{rel}","templated":true}]}}