{"id":502184,"date":"2025-03-24T12:54:50","date_gmt":"2025-03-24T12:54:50","guid":{"rendered":"https:\/\/www.prettywired.co.uk\/?page_id=502184"},"modified":"2025-07-23T11:43:47","modified_gmt":"2025-07-23T11:43:47","slug":"plan-du-site","status":"publish","type":"page","link":"https:\/\/www.prettywired.co.uk\/fr\/plan-du-site\/","title":{"rendered":"Plan du site"},"content":{"rendered":"<div class=\"wsp-container\"><h2 class=\"wsp-servicess-title\">Services<\/h2>\n<ul class=\"wsp-servicess-list\">\n<li><a href=\"https:\/\/www.prettywired.co.uk\/fr\/services\/systemes-dalarme-incendie\/\">Syst\u00e8mes d'alarme incendie<\/a><\/li>\n<li><a href=\"https:\/\/www.prettywired.co.uk\/fr\/services\/leclairage-de-secours\/\">\u00c9clairage de secours<\/a><\/li>\n<li><a href=\"https:\/\/www.prettywired.co.uk\/fr\/services\/services-dinstallations-commerciales\/\">Installations et services commerciaux<\/a><\/li>\n<li><a href=\"https:\/\/www.prettywired.co.uk\/fr\/services\/installation-dune-maison-intelligente\/\">Installation d'une maison intelligente<\/a><\/li>\n<li><a href=\"https:\/\/www.prettywired.co.uk\/fr\/services\/rapports-sur-letat-des-installations-electriques\/\">Rapports sur l'\u00e9tat des installations \u00e9lectriques<\/a><\/li>\n<li><a href=\"https:\/\/www.prettywired.co.uk\/fr\/services\/amelioration-de-la-conception-de-leclairage\/\">Conception et am\u00e9lioration de l'\u00e9clairage<\/a><\/li>\n<li><a href=\"https:\/\/www.prettywired.co.uk\/fr\/services\/remplacement-de-lunite-de-consommation\/\">Remplacement de l'unit\u00e9 consommateur\u00a0<\/a><\/li>\n<li><a href=\"https:\/\/www.prettywired.co.uk\/fr\/services\/installation-et-services-domestiques-residentiels\/\">Installation et services r\u00e9sidentiels et domestiques<\/a><\/li>\n<li><a href=\"https:\/\/www.prettywired.co.uk\/fr\/services\/maintenance-reactive-recherche-derreurs\/\">Maintenance r\u00e9active et recherche de pannes<\/a><\/li>\n<li><a href=\"https:\/\/www.prettywired.co.uk\/fr\/services\/bornes-de-recharge-pour-vehicules-electriques\/\">Points de recharge pour v\u00e9hicules \u00e9lectriques<\/a><\/li>\n<\/ul>\n<\/div>\n<div class=\"wsp-container\"><h2 class=\"wsp-posts-title\">Articles par cat\u00e9gorie<\/h2>\n<ul class=\"wsp-posts-list\">\n\t<li><strong class=\"wsp-category-title\">Cat\u00e9gorie : <a href=\"https:\/\/www.prettywired.co.uk\/fr\/category\/unites-de-consommation\/\">Unit\u00e9s de consommation<\/a><\/strong>\n<ul class=\"wsp-posts-list\">\t\t<li class=\"wsp-post\"><a href=\"https:\/\/www.prettywired.co.uk\/fr\/remplacement-de-lunite-de-consommation-uk-quand-est-il-temps-de-mettre-a-niveau-votre-boite-a-fusibles\/\">Consumer Unit Replacement UK : Quand est-il temps de remplacer votre bo\u00eete \u00e0 fusibles ?<\/a><\/li>\n\t\t<li class=\"wsp-post\"><a href=\"https:\/\/www.prettywired.co.uk\/fr\/garantir-la-securite-lors-du-remplacement-des-unites-de-consommation\/\">Garantir la s\u00e9curit\u00e9 lors du remplacement des appareils consommateurs<\/a><\/li>\n\t\t<li class=\"wsp-post\"><a href=\"https:\/\/www.prettywired.co.uk\/fr\/quel-est-le-meilleur-moment-pour-remplacer-un-tableau-de-fusibles\/\">Quel est le meilleur moment pour remplacer un tableau de fusibles ?<\/a><\/li>\n\t\t<li class=\"wsp-post\"><a href=\"https:\/\/www.prettywired.co.uk\/fr\/5-points-a-prendre-en-compte-lors-du-remplacement-dun-appareil-consommateur\/\">5 points \u00e0 prendre en compte lors du remplacement d'un appareil consommateur<\/a><\/li>\n<\/ul><\/li>\n\t<li><strong class=\"wsp-category-title\">Cat\u00e9gorie : <a href=\"https:\/\/www.prettywired.co.uk\/fr\/category\/les-defauts-electriques\/\">D\u00e9fauts \u00e9lectriques<\/a><\/strong>\n<ul class=\"wsp-posts-list\">\t\t<li class=\"wsp-post\"><a href=\"https:\/\/www.prettywired.co.uk\/fr\/procedure-ricr-ventilation-complete\/\">Proc\u00e9dure EICR : Ventilation compl\u00e8te<\/a><\/li>\n\t\t<li class=\"wsp-post\"><a href=\"https:\/\/www.prettywired.co.uk\/fr\/que-contient-la-liste-de-controle-dune-inspection-electrique\/\">Que contient une liste de contr\u00f4le pour l'inspection \u00e9lectrique ?<\/a><\/li>\n\t\t<li class=\"wsp-post\"><a href=\"https:\/\/www.prettywired.co.uk\/fr\/quest-ce-quun-certificat-eicr\/\">Qu'est-ce qu'un certificat ACRE ?<\/a><\/li>\n\t\t<li class=\"wsp-post\"><a href=\"https:\/\/www.prettywired.co.uk\/fr\/comment-identifier-les-defauts-electriques\/\">Comment identifier les d\u00e9fauts \u00e9lectriques<\/a><\/li>\n<\/ul><\/li>\n\t<li><strong class=\"wsp-category-title\">Cat\u00e9gorie : <a href=\"https:\/\/www.prettywired.co.uk\/fr\/category\/securite-electrique\/\">S\u00e9curit\u00e9 \u00e9lectrique<\/a><\/strong>\n<ul class=\"wsp-posts-list\">\t\t<li class=\"wsp-post\"><a href=\"https:\/\/www.prettywired.co.uk\/fr\/decembre-conseils-de-securite-electrique-pour-les-foyers-britanniques\/\">Conseils de s\u00e9curit\u00e9 \u00e9lectrique pour les foyers britanniques en d\u00e9cembre<\/a><\/li>\n\t\t<li class=\"wsp-post\"><a href=\"https:\/\/www.prettywired.co.uk\/fr\/7-renovations-electriques-qui-ameliorent-instantanement-la-securite-a-la-maison\/\">7 r\u00e9novations \u00e9lectriques qui am\u00e9liorent instantan\u00e9ment la s\u00e9curit\u00e9 \u00e0 la maison<\/a><\/li>\n\t\t<li class=\"wsp-post\"><a href=\"https:\/\/www.prettywired.co.uk\/fr\/5-erreurs-electriques-courantes-commises-par-les-proprietaires\/\">5 erreurs courantes en mati\u00e8re d'\u00e9lectricit\u00e9 commises par les propri\u00e9taires de maison<\/a><\/li>\n<\/ul><\/li>\n\t<li><strong class=\"wsp-category-title\">Cat\u00e9gorie : <a href=\"https:\/\/www.prettywired.co.uk\/fr\/category\/leclairage-de-secours\/\">\u00c9clairage de secours<\/a><\/strong>\n<ul class=\"wsp-posts-list\">\t\t<li class=\"wsp-post\"><a href=\"https:\/\/www.prettywired.co.uk\/fr\/test-de-leclairage-de-secours-guide-complet\/\">Test de l'\u00e9clairage de secours : Votre guide complet<\/a><\/li>\n<\/ul><\/li>\n\t<li><strong class=\"wsp-category-title\">Cat\u00e9gorie : <a href=\"https:\/\/www.prettywired.co.uk\/fr\/category\/chargement-des-vehicules-electriques\/\">Chargement des VE<\/a><\/strong>\n<ul class=\"wsp-posts-list\">\t\t<li class=\"wsp-post\"><a href=\"https:\/\/www.prettywired.co.uk\/fr\/puis-je-installer-mon-propre-point-de-charge-ev\/\">Puis-je installer mon propre point de charge pour VE ?<\/a><\/li>\n<\/ul><\/li>\n\t<li><strong class=\"wsp-category-title\">Cat\u00e9gorie : <a href=\"https:\/\/www.prettywired.co.uk\/fr\/category\/systemes-dalarme-incendie\/\">Syst\u00e8mes d'alarme incendie<\/a><\/strong>\n<ul class=\"wsp-posts-list\">\t\t<li class=\"wsp-post\"><a href=\"https:\/\/www.prettywired.co.uk\/fr\/conseils-pour-choisir-le-bon-systeme-dalarme-incendie\/\">Conseils pour choisir le bon syst\u00e8me d'alarme incendie<\/a><\/li>\n<\/ul><\/li>\n\t<li><strong class=\"wsp-category-title\">Cat\u00e9gorie : <a href=\"https:\/\/www.prettywired.co.uk\/fr\/category\/domotique\/\">Domotique<\/a><\/strong>\n<ul class=\"wsp-posts-list\">\t\t<li class=\"wsp-post\"><a href=\"https:\/\/www.prettywired.co.uk\/fr\/installation-domotique-top-5-des-choses-a-savoir\/\">Installation domotique : Les 5 principales choses \u00e0 savoir.<\/a><\/li>\n\t\t<li class=\"wsp-post\"><a href=\"https:\/\/www.prettywired.co.uk\/fr\/la-domotique-intelligente-un-guide-complet\/\">Domotique intelligente - Guide complet<\/a><\/li>\n<\/ul><\/li>\n\t<li><strong class=\"wsp-category-title\">Cat\u00e9gorie : <a href=\"https:\/\/www.prettywired.co.uk\/fr\/category\/eclairage-intelligent\/\">\u00c9clairage intelligent<\/a><\/strong>\n<ul class=\"wsp-posts-list\">\t\t<li class=\"wsp-post\"><a href=\"https:\/\/www.prettywired.co.uk\/fr\/rako-vs-philips-hue-quel-systeme-declairage-intelligent-pour-votre-maison\/\">Rako vs Philips Hue : Quel syst\u00e8me d'\u00e9clairage intelligent convient le mieux \u00e0 votre maison ?<\/a><\/li>\n<\/ul><\/li>\n<\/ul>\n<\/div>\n<div class=\"wsp-container\"><h2 class=\"wsp-brandss-title\">Marques<\/h2>\n<ul class=\"wsp-brandss-list\">\n<li><a href=\"https:\/\/www.prettywired.co.uk\/fr\/marques\/oulight\/\">Orlight<\/a><\/li>\n<li><a href=\"https:\/\/www.prettywired.co.uk\/fr\/marques\/zappi\/\">Zappi - myenergi<\/a><\/li>\n<li><a href=\"https:\/\/www.prettywired.co.uk\/fr\/marques\/podpoint\/\">Podpoint<\/a><\/li>\n<li><a href=\"https:\/\/www.prettywired.co.uk\/fr\/marques\/philips-hue\/\">Philips Hue<\/a><\/li>\n<li><a href=\"https:\/\/www.prettywired.co.uk\/fr\/marques\/eufy\/\">Eufy<\/a><\/li>\n<li><a href=\"https:\/\/www.prettywired.co.uk\/fr\/marques\/anneau\/\">Anneau<\/a><\/li>\n<li><a href=\"https:\/\/www.prettywired.co.uk\/fr\/marques\/nid-google\/\">Google Nest<\/a><\/li>\n<li><a href=\"https:\/\/www.prettywired.co.uk\/fr\/marques\/installateur-sonos-londres\/\">Sonos<\/a><\/li>\n<li><a href=\"https:\/\/www.prettywired.co.uk\/fr\/marques\/rako\/\">Rako<\/a><\/li>\n<li><a href=\"https:\/\/www.prettywired.co.uk\/fr\/marques\/lutron\/\">Lutron<\/a><\/li>\n<\/ul>\n<\/div>\n<div class=\"wsp-container\"><h2 class=\"wsp-pages-title\">Pages<\/h2>\n<ul class=\"wsp-pages-list\">\n<li class=\"page_item page-item-1629\"><a href=\"https:\/\/www.prettywired.co.uk\/fr\/electricien-commercial-a-clapham\/\">\u00c9lectricien commercial \u00e0 Clapham<\/a><\/li>\n<li class=\"page_item page-item-1648\"><a href=\"https:\/\/www.prettywired.co.uk\/fr\/electricien-commercial-a-londres\/\">\u00c9lectricien commercial \u00e0 Londres<\/a><\/li>\n<li class=\"page_item page-item-502770\"><a href=\"https:\/\/www.prettywired.co.uk\/fr\/remplacement-de-lunite-consommateur-clapham\/\">Remplacement de l'unit\u00e9 consommateur Clapham<\/a><\/li>\n<li class=\"page_item page-item-502764\"><a href=\"https:\/\/www.prettywired.co.uk\/fr\/remplacement-de-lunite-consommateur-kensington\/\">Remplacement de l'unit\u00e9 consommateur Kensington<\/a><\/li>\n<li class=\"page_item page-item-502751\"><a href=\"https:\/\/www.prettywired.co.uk\/fr\/remplacement-de-lunite-de-consommation-london\/\">Remplacement de l'unit\u00e9 consommateur London<\/a><\/li>\n<li class=\"page_item page-item-502776\"><a href=\"https:\/\/www.prettywired.co.uk\/fr\/remplacement-de-lunite-de-consommation-pres-de-chez-moi\/\">Remplacement de l'unit\u00e9 consommateur pr\u00e8s de chez moi<\/a><\/li>\n<li class=\"page_item page-item-502758\"><a href=\"https:\/\/www.prettywired.co.uk\/fr\/remplacement-de-lunite-consommateur-surrey\/\">Remplacement de l'unit\u00e9 consommateur Surrey<\/a><\/li>\n<li class=\"page_item page-item-502742\"><a href=\"https:\/\/www.prettywired.co.uk\/fr\/essais-et-inspections-electriques-chelsea\/\">Essais et inspections \u00e9lectriques Chelsea<\/a><\/li>\n<li class=\"page_item page-item-502723\"><a href=\"https:\/\/www.prettywired.co.uk\/fr\/essais-et-inspections-electriques-kensington\/\">Essais et inspections \u00e9lectriques Kensington<\/a><\/li>\n<li class=\"page_item page-item-502708\"><a href=\"https:\/\/www.prettywired.co.uk\/fr\/test-et-inspection-electrique-londonien\/\">Essais et inspections \u00e9lectriques Londres<\/a><\/li>\n<li class=\"page_item page-item-502732\"><a href=\"https:\/\/www.prettywired.co.uk\/fr\/essais-et-inspections-electriques-pres-de-chez-moi\/\">Essais et inspections \u00e9lectriques pr\u00e8s de chez moi<\/a><\/li>\n<li class=\"page_item page-item-502717\"><a href=\"https:\/\/www.prettywired.co.uk\/fr\/essais-et-inspections-electriques-surrey\/\">Essais et inspections \u00e9lectriques Surrey<\/a><\/li>\n<li class=\"page_item page-item-1661\"><a href=\"https:\/\/www.prettywired.co.uk\/fr\/electricien-dans-la-banlieue-de-paris\/\">\u00c9lectricien \u00e0 Belgravia<\/a><\/li>\n<li class=\"page_item page-item-1450\"><a href=\"https:\/\/www.prettywired.co.uk\/fr\/electricien-a-chelsea\/\">\u00c9lectricien \u00e0 Chelsea<\/a><\/li>\n<li class=\"page_item page-item-502225\"><a href=\"https:\/\/www.prettywired.co.uk\/fr\/electricien-a-clapham\/\">\u00c9lectricien \u00e0 Clapham<\/a><\/li>\n<li class=\"page_item page-item-502232\"><a href=\"https:\/\/www.prettywired.co.uk\/fr\/electricien-a-fulham\/\">\u00c9lectricien \u00e0 Fulham<\/a><\/li>\n<li class=\"page_item page-item-1475\"><a href=\"https:\/\/www.prettywired.co.uk\/fr\/electricien-a-kensington\/\">\u00c9lectricien \u00e0 Kensington<\/a><\/li>\n<li class=\"page_item page-item-502501\"><a href=\"https:\/\/www.prettywired.co.uk\/fr\/installation-de-chargeurs-ev-a-londres\/\">Installation de chargeurs pour v\u00e9hicules \u00e9lectriques \u00e0 Londres<\/a><\/li>\n<li class=\"page_item page-item-502534\"><a href=\"https:\/\/www.prettywired.co.uk\/fr\/installation-dun-chargeur-ev-pres-de-chez-moi\/\">Installation d'un chargeur de VE pr\u00e8s de chez moi<\/a><\/li>\n<li class=\"page_item page-item-1707\"><a href=\"https:\/\/www.prettywired.co.uk\/fr\/installation-dalarme-incendie-londres\/\">Installation d'alarme incendie \u00e0 Londres<\/a><\/li>\n<li class=\"page_item page-item-502567\"><a href=\"https:\/\/www.prettywired.co.uk\/fr\/installation-dun-chargeur-ev-domestique\/\">Installation d'un chargeur domestique<\/a><\/li>\n<li class=\"page_item page-item-501881\"><a href=\"https:\/\/www.prettywired.co.uk\/fr\/base-de-connaissances\/\">Base de connaissances<\/a><\/li>\n<li class=\"page_item page-item-502682\"><a href=\"https:\/\/www.prettywired.co.uk\/fr\/installation-declairage-a-clapham\/\">Installation d'\u00e9clairage \u00e0 Clapham<\/a><\/li>\n<li class=\"page_item page-item-502676\"><a href=\"https:\/\/www.prettywired.co.uk\/fr\/installation-declairage-a-earls-court\/\">Installation d'\u00e9clairage \u00e0 Earl's Court<\/a><\/li>\n<li class=\"page_item page-item-502688\"><a href=\"https:\/\/www.prettywired.co.uk\/fr\/installation-declairage-a-fulham\/\">Installation d'\u00e9clairage \u00e0 Fulham<\/a><\/li>\n<li class=\"page_item page-item-502702\"><a href=\"https:\/\/www.prettywired.co.uk\/fr\/installation-declairage-dans-le-surrey\/\">Installation d'\u00e9clairage \u00e0 Surrey<\/a><\/li>\n<li class=\"page_item page-item-502670\"><a href=\"https:\/\/www.prettywired.co.uk\/fr\/installation-declairage-a-westminster\/\">Installation d'\u00e9clairage \u00e0 Westminster<\/a><\/li>\n<li class=\"page_item page-item-502694\"><a href=\"https:\/\/www.prettywired.co.uk\/fr\/installation-declairage-a-wimbledon\/\">Installation d'\u00e9clairage \u00e0 Wimbledon<\/a><\/li>\n<li class=\"page_item page-item-502439\"><a href=\"https:\/\/www.prettywired.co.uk\/fr\/electricien-rf-lightwave\/\">\u00c9lectricien RF \u00e0 ondes lumineuses<\/a><\/li>\n<li class=\"page_item page-item-502419\"><a href=\"https:\/\/www.prettywired.co.uk\/fr\/installateur-rf-lightwave\/\">Installateur RF \u00e0 ondes lumineuses<\/a><\/li>\n<li class=\"page_item page-item-502433\"><a href=\"https:\/\/www.prettywired.co.uk\/fr\/installateur-rf-lightwave-londres\/\">Installateur RF ondes l\u00e9g\u00e8res Londres<\/a><\/li>\n<li class=\"page_item page-item-502175\"><a href=\"https:\/\/www.prettywired.co.uk\/fr\/installateur-lutron-belgravia\/\">Installateur Lutron Belgravia<\/a><\/li>\n<li class=\"page_item page-item-502145\"><a href=\"https:\/\/www.prettywired.co.uk\/fr\/installateur-lutron-chelsea\/\">Installateur Lutron Chelsea<\/a><\/li>\n<li class=\"page_item page-item-502115\"><a href=\"https:\/\/www.prettywired.co.uk\/fr\/installateur-lutron-clapham\/\">Installateur Lutron Clapham<\/a><\/li>\n<li class=\"page_item page-item-502125\"><a href=\"https:\/\/www.prettywired.co.uk\/fr\/installateur-lutron-fulham\/\">Installateur Lutron Fulham<\/a><\/li>\n<li class=\"page_item page-item-502159\"><a href=\"https:\/\/www.prettywired.co.uk\/fr\/installateur-lutron-kensington\/\">Installateur Lutron Kensington<\/a><\/li>\n<li class=\"page_item page-item-502132\"><a href=\"https:\/\/www.prettywired.co.uk\/fr\/installateur-lutron-london\/\">Installateur Lutron Londres<\/a><\/li>\n<li class=\"page_item page-item-1733\"><a href=\"https:\/\/www.prettywired.co.uk\/fr\/installation-dun-nid-a-londres\/\">Installation de Nest \u00e0 Londres<\/a><\/li>\n<li class=\"page_item page-item-502402\"><a href=\"https:\/\/www.prettywired.co.uk\/fr\/philips-hue-installer-kensington\/\">Installateur Philips Hue Kensington<\/a><\/li>\n<li class=\"page_item page-item-502392\"><a href=\"https:\/\/www.prettywired.co.uk\/fr\/installateur-phillips-hue-pres-de-chez-moi\/\">Phillips Hue Installer pr\u00e8s de chez moi<\/a><\/li>\n<li class=\"page_item page-item-502366\"><a href=\"https:\/\/www.prettywired.co.uk\/fr\/installateur-phillips-hue-surrey\/\">Phillips Hue Installer Surrey<\/a><\/li>\n<li class=\"page_item page-item-502490\"><a href=\"https:\/\/www.prettywired.co.uk\/fr\/installateurs-de-points-pods-dans-le-surrey\/\">Installateurs de points pods dans le Surrey<\/a><\/li>\n<li class=\"page_item page-item-502446\"><a href=\"https:\/\/www.prettywired.co.uk\/fr\/pod-point-installers-london\/\">Pod Point Installers London<\/a><\/li>\n<li class=\"page_item page-item-502480\"><a href=\"https:\/\/www.prettywired.co.uk\/fr\/pod-point-installers-near-me\/\">Pod Point Installers Near Me<\/a><\/li>\n<li class=\"page_item page-item-502270\"><a href=\"https:\/\/www.prettywired.co.uk\/fr\/rako-installateur-belgravia\/\">Installateur Rako Belgravia<\/a><\/li>\n<li class=\"page_item page-item-502252\"><a href=\"https:\/\/www.prettywired.co.uk\/fr\/rako-installateur-kensington\/\">Rako Installateur Kensington<\/a><\/li>\n<li class=\"page_item page-item-502184\"><a href=\"https:\/\/www.prettywired.co.uk\/fr\/plan-du-site\/\">Plan du site<\/a><\/li>\n<li class=\"page_item page-item-502826\"><a href=\"https:\/\/www.prettywired.co.uk\/fr\/installation-dune-maison-intelligente-chelsea\/\">Installateurs de maison intelligente Chelsea<\/a><\/li>\n<li class=\"page_item page-item-502815\"><a href=\"https:\/\/www.prettywired.co.uk\/fr\/installation-dune-maison-intelligente-clapham\/\">Installateurs de maisons intelligentes Clapham<\/a><\/li>\n<li class=\"page_item page-item-502809\"><a href=\"https:\/\/www.prettywired.co.uk\/fr\/installation-dune-maison-intelligente-kensington\/\">Installateurs de maisons intelligentes Kensington<\/a><\/li>\n<li class=\"page_item page-item-502785\"><a href=\"https:\/\/www.prettywired.co.uk\/fr\/installateurs-de-maisons-intelligentes-londoniens\/\">Installateurs de maisons intelligentes \u00e0 Londres<\/a><\/li>\n<li class=\"page_item page-item-502821\"><a href=\"https:\/\/www.prettywired.co.uk\/fr\/installateurs-de-maisons-intelligentes-pres-de-chez-moi\/\">Installateurs de maisons intelligentes pr\u00e8s de chez moi<\/a><\/li>\n<li class=\"page_item page-item-502800\"><a href=\"https:\/\/www.prettywired.co.uk\/fr\/installation-dune-maison-intelligente-dans-le-sud-de-la-france\/\">Smart Home Installers Surrey<\/a><\/li>\n<li class=\"page_item page-item-502355\"><a href=\"https:\/\/www.prettywired.co.uk\/fr\/installateur-sonos-battersea\/\">Installateur Sonos Battersea<\/a><\/li>\n<li class=\"page_item page-item-502345\"><a href=\"https:\/\/www.prettywired.co.uk\/fr\/installateur-sonos-chelsea\/\">Installateur Sonos Chelsea<\/a><\/li>\n<li class=\"page_item page-item-502276\"><a href=\"https:\/\/www.prettywired.co.uk\/fr\/installateur-sonos-clapham\/\">Installateur Sonos Clapham<\/a><\/li>\n<li class=\"page_item page-item-502292\"><a href=\"https:\/\/www.prettywired.co.uk\/fr\/installateur-sonos-fulham\/\">Installateur Sonos Fulham<\/a><\/li>\n<li class=\"page_item page-item-502333\"><a href=\"https:\/\/www.prettywired.co.uk\/fr\/installateur-sonos-londres\/\">Installateur Sonos Londres<\/a><\/li>\n<li class=\"page_item page-item-502301\"><a href=\"https:\/\/www.prettywired.co.uk\/fr\/installateur-sonos-pres-de-chez-moi\/\">Installateur Sonos pr\u00e8s de chez moi<\/a><\/li>\n<li class=\"page_item page-item-502546\"><a href=\"https:\/\/www.prettywired.co.uk\/fr\/installation-du-chargeur-zappi-ev\/\">Installation d'un chargeur Zappi EV<\/a><\/li>\n<li class=\"page_item page-item-502554\"><a href=\"https:\/\/www.prettywired.co.uk\/fr\/zappi-installation-london\/\">Zappi Installation London<\/a><\/li>\n<li class=\"page_item page-item-502515\"><a href=\"https:\/\/www.prettywired.co.uk\/fr\/installateur-zappi-pres-de-chez-moi\/\">Installateur Zappi pr\u00e8s de chez moi<\/a><\/li>\n<li class=\"page_item page-item-35\"><a href=\"https:\/\/www.prettywired.co.uk\/fr\/\">Page d'accueil<\/a><\/li>\n<li class=\"page_item page-item-412\"><a href=\"https:\/\/www.prettywired.co.uk\/fr\/a-propos-de-nous\/\">A propos de nous<\/a><\/li>\n<li class=\"page_item page-item-1811\"><a href=\"https:\/\/www.prettywired.co.uk\/fr\/installation-declairage-londonien\/\">Installation d'\u00e9clairage \u00e0 Londres<\/a><\/li>\n<li class=\"page_item page-item-607\"><a href=\"https:\/\/www.prettywired.co.uk\/fr\/marques\/\">Marques<\/a><\/li>\n<li class=\"page_item page-item-414\"><a href=\"https:\/\/www.prettywired.co.uk\/fr\/services\/\">Services<\/a><\/li>\n<li class=\"page_item page-item-647\"><a href=\"https:\/\/www.prettywired.co.uk\/fr\/projets\/\">Projets<\/a><\/li>\n<li class=\"page_item page-item-418\"><a href=\"https:\/\/www.prettywired.co.uk\/fr\/taux\/\">Tarifs<\/a><\/li>\n<li class=\"page_item page-item-420\"><a href=\"https:\/\/www.prettywired.co.uk\/fr\/blog\/\">Blog<\/a><\/li>\n<li class=\"page_item page-item-422\"><a href=\"https:\/\/www.prettywired.co.uk\/fr\/nous-contacter\/\">Contactez nous<\/a><\/li>\n<li class=\"page_item page-item-3\"><a href=\"https:\/\/www.prettywired.co.uk\/fr\/politique-de-confidentialite\/\">Politique de confidentialit\u00e9<\/a><\/li>\n<li class=\"page_item page-item-1312\"><a href=\"https:\/\/www.prettywired.co.uk\/fr\/politique-en-matiere-de-cookies\/\">Politique en mati\u00e8re de cookies (Royaume-Uni)<\/a><\/li>\n<li class=\"page_item page-item-1277\"><a href=\"https:\/\/www.prettywired.co.uk\/fr\/merci\/\">Merci de votre attention.<\/a><\/li>\n<\/ul>\n<\/div>\n<div class=\"wsp-container\"><h2 class=\"wsp-categories-title\">Cat\u00e9gories<\/h2>\n<ul class=\"wsp-categories-list\">\n\t<li><a href=\"https:\/\/www.prettywired.co.uk\/fr\/category\/unites-de-consommation\/\">Unit\u00e9s de consommation<\/a><\/li>\n\t<li><a href=\"https:\/\/www.prettywired.co.uk\/fr\/category\/les-defauts-electriques\/\">D\u00e9fauts \u00e9lectriques<\/a><\/li>\n\t<li><a href=\"https:\/\/www.prettywired.co.uk\/fr\/category\/securite-electrique\/\">S\u00e9curit\u00e9 \u00e9lectrique<\/a><\/li>\n\t<li><a href=\"https:\/\/www.prettywired.co.uk\/fr\/category\/leclairage-de-secours\/\">\u00c9clairage de secours<\/a><\/li>\n\t<li><a href=\"https:\/\/www.prettywired.co.uk\/fr\/category\/chargement-des-vehicules-electriques\/\">Chargement des VE<\/a><\/li>\n\t<li><a href=\"https:\/\/www.prettywired.co.uk\/fr\/category\/systemes-dalarme-incendie\/\">Syst\u00e8mes d'alarme incendie<\/a><\/li>\n\t<li><a href=\"https:\/\/www.prettywired.co.uk\/fr\/category\/domotique\/\">Domotique<\/a><\/li>\n\t<li><a href=\"https:\/\/www.prettywired.co.uk\/fr\/category\/eclairage-intelligent\/\">\u00c9clairage intelligent<\/a><\/li>\n<\/ul>\n<\/div>\n<p>&nbsp;<\/p>","protected":false},"excerpt":{"rendered":"<p>&nbsp;<\/p>","protected":false},"author":1,"featured_media":0,"parent":0,"menu_order":0,"comment_status":"closed","ping_status":"closed","template":"","meta":{"footnotes":""},"class_list":["post-502184","page","type-page","status-publish","hentry"],"_links":{"self":[{"href":"https:\/\/www.prettywired.co.uk\/fr\/wp-json\/wp\/v2\/pages\/502184","targetHints":{"allow":["GET"]}}],"collection":[{"href":"https:\/\/www.prettywired.co.uk\/fr\/wp-json\/wp\/v2\/pages"}],"about":[{"href":"https:\/\/www.prettywired.co.uk\/fr\/wp-json\/wp\/v2\/types\/page"}],"author":[{"embeddable":true,"href":"https:\/\/www.prettywired.co.uk\/fr\/wp-json\/wp\/v2\/users\/1"}],"replies":[{"embeddable":true,"href":"https:\/\/www.prettywired.co.uk\/fr\/wp-json\/wp\/v2\/comments?post=502184"}],"version-history":[{"count":5,"href":"https:\/\/www.prettywired.co.uk\/fr\/wp-json\/wp\/v2\/pages\/502184\/revisions"}],"predecessor-version":[{"id":502189,"href":"https:\/\/www.prettywired.co.uk\/fr\/wp-json\/wp\/v2\/pages\/502184\/revisions\/502189"}],"wp:attachment":[{"href":"https:\/\/www.prettywired.co.uk\/fr\/wp-json\/wp\/v2\/media?parent=502184"}],"curies":[{"name":"wp","href":"https:\/\/api.w.org\/{rel}","templated":true}]}}