{"id":502175,"date":"2025-03-20T11:30:07","date_gmt":"2025-03-20T11:30:07","guid":{"rendered":"https:\/\/www.prettywired.co.uk\/?page_id=502175"},"modified":"2025-03-20T11:30:07","modified_gmt":"2025-03-20T11:30:07","slug":"installateur-lutron-belgravia","status":"publish","type":"page","link":"https:\/\/www.prettywired.co.uk\/fr\/installateur-lutron-belgravia\/","title":{"rendered":"Installateur Lutron Belgravia"},"content":{"rendered":"<div data-elementor-type=\"wp-page\" data-elementor-id=\"502175\" class=\"elementor elementor-502175\" data-elementor-post-type=\"page\">\n\t\t\t\t<section class=\"elementor-element elementor-element-4c7157b5 padding-hero e-flex e-con-boxed e-con e-parent\" data-id=\"4c7157b5\" data-element_type=\"container\" data-settings=\"{&quot;background_background&quot;:&quot;classic&quot;}\">\n\t\t\t\t\t<div class=\"e-con-inner\">\n\t\t\t\t<div class=\"elementor-element elementor-element-2cd40231 elementor-widget elementor-widget-heading\" data-id=\"2cd40231\" data-element_type=\"widget\" data-widget_type=\"heading.default\">\n\t\t\t\t<div class=\"elementor-widget-container\">\n\t\t\t\t\t<h1 class=\"elementor-heading-title elementor-size-default\">Installateur Lutron Belgravia<\/h1>\t\t\t\t<\/div>\n\t\t\t\t<\/div>\n\t\t\t\t<div class=\"elementor-element elementor-element-6b07e00f elementor-widget elementor-widget-text-editor\" data-id=\"6b07e00f\" data-element_type=\"widget\" data-widget_type=\"text-editor.default\">\n\t\t\t\t<div class=\"elementor-widget-container\">\n\t\t\t\t\t\t\t\t\t<p>Installateurs Lutron certifi\u00e9s \u00e0 Belgravia<\/p>\t\t\t\t\t\t\t\t<\/div>\n\t\t\t\t<\/div>\n\t\t\t\t\t<\/div>\n\t\t\t\t<\/section>\n\t\t<section class=\"elementor-element elementor-element-5c993d84 padding-top-bottom e-flex e-con-boxed e-con e-parent\" data-id=\"5c993d84\" data-element_type=\"container\">\n\t\t\t\t\t<div class=\"e-con-inner\">\n\t\t\t\t<div class=\"elementor-element elementor-element-720f55cf elementor-widget elementor-widget-text-editor\" data-id=\"720f55cf\" data-element_type=\"widget\" data-widget_type=\"text-editor.default\">\n\t\t\t\t<div class=\"elementor-widget-container\">\n\t\t\t\t\t\t\t\t\t<h2>Installations Lutron sur mesure pour les propri\u00e9t\u00e9s de luxe de Belgravia<\/h2>\t\t\t\t\t\t\t\t<\/div>\n\t\t\t\t<\/div>\n\t\t\t\t<div class=\"elementor-element elementor-element-52838f43 elementor-widget elementor-widget-text-editor\" data-id=\"52838f43\" data-element_type=\"widget\" data-widget_type=\"text-editor.default\">\n\t\t\t\t<div class=\"elementor-widget-container\">\n\t\t\t\t\t\t\t\t\t<p>Que vous souhaitiez r\u00e9nover votre propri\u00e9t\u00e9 existante ou incorporer un syst\u00e8me de gestion de l'eau dans votre entreprise, vous avez besoin d'un syst\u00e8me de gestion des d\u00e9chets. <a href=\"https:\/\/www.prettywired.co.uk\/fr\/marques\/lutron\/\">Lutron<\/a> dans une nouvelle construction, Pretty Wired propose des services d'installation Lutron \u00e0 Belgravia pour faire entrer votre maison dans le futur gr\u00e2ce \u00e0 un contr\u00f4le de l'\u00e9clairage intelligent et transparent.<\/p>\t\t\t\t\t\t\t\t<\/div>\n\t\t\t\t<\/div>\n\t\t\t\t\t<\/div>\n\t\t\t\t<\/section>\n\t\t<section class=\"elementor-element elementor-element-73911955 padding-top-bottom e-flex e-con-boxed e-con e-parent\" data-id=\"73911955\" data-element_type=\"container\" data-settings=\"{&quot;background_background&quot;:&quot;classic&quot;}\">\n\t\t\t\t\t<div class=\"e-con-inner\">\n\t\t<div class=\"elementor-element elementor-element-4127dd92 e-con-full e-flex e-con e-child\" data-id=\"4127dd92\" data-element_type=\"container\">\n\t\t\t\t<div class=\"elementor-element elementor-element-23fb4bb4 elementor-widget elementor-widget-image\" data-id=\"23fb4bb4\" data-element_type=\"widget\" data-widget_type=\"image.default\">\n\t\t\t\t<div class=\"elementor-widget-container\">\n\t\t\t\t\t\t\t\t\t\t\t\t\t\t\t<img fetchpriority=\"high\" decoding=\"async\" width=\"800\" height=\"534\" src=\"https:\/\/www.prettywired.co.uk\/wp-content\/uploads\/2025\/03\/Heading-6-1024x683.png\" class=\"attachment-large size-large wp-image-502179\" alt=\"Installateur Lutron Belgravia\" srcset=\"https:\/\/www.prettywired.co.uk\/wp-content\/uploads\/2025\/03\/Heading-6-1024x683.png 1024w, https:\/\/www.prettywired.co.uk\/wp-content\/uploads\/2025\/03\/Heading-6-300x200.png 300w, https:\/\/www.prettywired.co.uk\/wp-content\/uploads\/2025\/03\/Heading-6-768x512.png 768w, https:\/\/www.prettywired.co.uk\/wp-content\/uploads\/2025\/03\/Heading-6-18x12.png 18w, https:\/\/www.prettywired.co.uk\/wp-content\/uploads\/2025\/03\/Heading-6.png 1199w\" sizes=\"(max-width: 800px) 100vw, 800px\" \/>\t\t\t\t\t\t\t\t\t\t\t\t\t\t\t<\/div>\n\t\t\t\t<\/div>\n\t\t\t\t<\/div>\n\t\t<div class=\"elementor-element elementor-element-26bc829 e-con-full e-flex e-con e-child\" data-id=\"26bc829\" data-element_type=\"container\">\n\t\t\t\t<div class=\"elementor-element elementor-element-1d5ce8ce elementor-widget elementor-widget-heading\" data-id=\"1d5ce8ce\" data-element_type=\"widget\" data-widget_type=\"heading.default\">\n\t\t\t\t<div class=\"elementor-widget-container\">\n\t\t\t\t\t<h2 class=\"elementor-heading-title elementor-size-default\">Pourquoi choisir Lutron pour votre maison de Belgravia ?\n\n<\/h2>\t\t\t\t<\/div>\n\t\t\t\t<\/div>\n\t\t\t\t<div class=\"elementor-element elementor-element-891368b elementor-widget elementor-widget-text-editor\" data-id=\"891368b\" data-element_type=\"widget\" data-widget_type=\"text-editor.default\">\n\t\t\t\t<div class=\"elementor-widget-container\">\n\t\t\t\t\t\t\t\t\t<p>Lutron est la r\u00e9f\u00e9rence en mati\u00e8re d'automatisation de l'\u00e9clairage intelligent, offrant des caract\u00e9ristiques qui s'harmonisent parfaitement avec l'habitat de luxe :<\/p><ul><li><strong>Contr\u00f4le de l'\u00e9clairage personnalis\u00e9<\/strong> - R\u00e9glez la luminosit\u00e9, la temp\u00e9rature de couleur et les niveaux de gradation en fonction de vos pr\u00e9f\u00e9rences.<\/li><li><strong>Un design discret et puissant<\/strong> - Les claviers, gradateurs et commandes intelligentes de Lutron s'int\u00e8grent parfaitement dans les int\u00e9rieurs haut de gamme.<\/li><li><strong>Int\u00e9gration de la maison intelligente<\/strong> - Fonctionne avec <a href=\"https:\/\/www.control4.com\/\" target=\"_blank\" rel=\"noopener\">Contr\u00f4le4<\/a>, <a href=\"https:\/\/www.crestron.com\/\" target=\"_blank\" rel=\"noopener\">Crestron<\/a>, <a href=\"https:\/\/www.amazon.co.uk\/b?ie=UTF8&amp;node=12728352031\" target=\"_blank\" rel=\"noopener\">Amazon Alexa<\/a>, <a href=\"https:\/\/www.prettywired.co.uk\/fr\/marques\/nid-google\/\">Google Nest<\/a>, <a href=\"https:\/\/www.prettywired.co.uk\/fr\/marques\/installateur-sonos-londres\/\">Sonos<\/a>et bien d'autres choses encore.<\/li><li><strong>S\u00e9curit\u00e9 renforc\u00e9e<\/strong> - Programmez l'\u00e9clairage pour simuler une occupation en votre absence.<\/li><li>Efficacit\u00e9 \u00e9nerg\u00e9tique - R\u00e9duire la consommation d'\u00e9lectricit\u00e9 sans compromettre l'esth\u00e9tique ou la fonctionnalit\u00e9.<\/li><\/ul>\t\t\t\t\t\t\t\t<\/div>\n\t\t\t\t<\/div>\n\t\t\t\t<div class=\"elementor-element elementor-element-2eb3786e btn-arrow elementor-icon-list--layout-traditional elementor-list-item-link-full_width elementor-invisible elementor-widget elementor-widget-icon-list\" data-id=\"2eb3786e\" data-element_type=\"widget\" data-settings=\"{&quot;_animation&quot;:&quot;fadeInLeft&quot;}\" data-widget_type=\"icon-list.default\">\n\t\t\t\t<div class=\"elementor-widget-container\">\n\t\t\t\t\t\t\t<ul class=\"elementor-icon-list-items\">\n\t\t\t\t\t\t\t<li class=\"elementor-icon-list-item\">\n\t\t\t\t\t\t\t\t\t\t\t<a href=\"\/fr\/nous-contacter\/\">\n\n\t\t\t\t\t\t\t\t\t\t\t\t<span class=\"elementor-icon-list-icon\">\n\t\t\t\t\t\t\t<svg xmlns=\"http:\/\/www.w3.org\/2000\/svg\" width=\"116\" height=\"28\" viewbox=\"0 0 116 28\" fill=\"none\"><path d=\"M80.0001 26L110 14L80.0001 2\" stroke=\"#34586A\" stroke-width=\"4\"><\/path><line x1=\"106.667\" y1=\"14\" x2=\"2.23054e-05\" y2=\"14\" stroke=\"#34586A\" stroke-width=\"4\"><\/line><\/svg>\t\t\t\t\t\t<\/span>\n\t\t\t\t\t\t\t\t\t\t<span class=\"elementor-icon-list-text\">Contacter l'\u00e9quipe<\/span>\n\t\t\t\t\t\t\t\t\t\t\t<\/a>\n\t\t\t\t\t\t\t\t\t<\/li>\n\t\t\t\t\t\t<\/ul>\n\t\t\t\t\t\t<\/div>\n\t\t\t\t<\/div>\n\t\t\t\t<\/div>\n\t\t\t\t<div class=\"elementor-element elementor-element-449b007b elementor-absolute elementor-widget elementor-widget-image\" data-id=\"449b007b\" data-element_type=\"widget\" data-settings=\"{&quot;_position&quot;:&quot;absolute&quot;}\" data-widget_type=\"image.default\">\n\t\t\t\t<div class=\"elementor-widget-container\">\n\t\t\t\t\t\t\t\t\t\t\t\t\t\t\t<img decoding=\"async\" width=\"1213\" height=\"800\" src=\"https:\/\/www.prettywired.co.uk\/wp-content\/uploads\/2023\/08\/Linework_body_v3.svg\" class=\"attachment-full size-full wp-image-478\" alt=\"\" \/>\t\t\t\t\t\t\t\t\t\t\t\t\t\t\t<\/div>\n\t\t\t\t<\/div>\n\t\t\t\t\t<\/div>\n\t\t\t\t<\/section>\n\t\t<div class=\"elementor-element elementor-element-66e9eb7c e-flex e-con-boxed e-con e-parent\" data-id=\"66e9eb7c\" data-element_type=\"container\">\n\t\t\t\t\t<div class=\"e-con-inner\">\n\t\t<section class=\"elementor-element elementor-element-48dd609d padding-top-bottom e-flex e-con-boxed e-con e-child\" data-id=\"48dd609d\" data-element_type=\"container\">\n\t\t\t\t\t<div class=\"e-con-inner\">\n\t\t<div class=\"elementor-element elementor-element-5b6c1b82 e-con-full e-flex e-con e-child\" data-id=\"5b6c1b82\" data-element_type=\"container\">\n\t\t\t\t<div class=\"elementor-element elementor-element-12e18c19 elementor-widget elementor-widget-text-editor\" data-id=\"12e18c19\" data-element_type=\"widget\" data-widget_type=\"text-editor.default\">\n\t\t\t\t<div class=\"elementor-widget-container\">\n\t\t\t\t\t\t\t\t\t<h2>Services exclusifs d'installation de Lutron \u00e0 Belgravia<\/h2><p>Notre \u00e9quipe est sp\u00e9cialis\u00e9e dans les installations r\u00e9sidentielles haut de gamme, garantissant que chaque aspect de votre syst\u00e8me Lutron est adapt\u00e9 \u00e0 l'architecture de votre maison et \u00e0 vos pr\u00e9f\u00e9rences personnelles.<\/p><p>Nos services Lutron comprennent<\/p><ul><li><strong>Conception d'\u00e9clairage sur mesure<\/strong> - Nous collaborons avec des d\u00e9corateurs d'int\u00e9rieur, des architectes et des propri\u00e9taires pour cr\u00e9er des solutions d'\u00e9clairage sur mesure.<\/li><li><strong>Installation de pr\u00e9cision<\/strong> - Notre \u00e9quipe veille \u00e0 ce que le c\u00e2blage, la programmation et les int\u00e9grations soient r\u00e9alis\u00e9s avec le plus grand professionnalisme.<\/li><li><strong>Lutron Stores et solutions d'ombrage<\/strong> - Automatisez vos couvre-fen\u00eatres pour un contr\u00f4le sans effort de la lumi\u00e8re et de l'intimit\u00e9.<\/li><li><strong>Modernisation et maintenance des syst\u00e8mes<\/strong> - Maintenir le bon fonctionnement de votre syst\u00e8me Lutron pour les ann\u00e9es \u00e0 venir.<\/li><\/ul><p>\u00a0<\/p>\t\t\t\t\t\t\t\t<\/div>\n\t\t\t\t<\/div>\n\t\t\t\t<\/div>\n\t\t<div class=\"elementor-element elementor-element-17b147a0 e-con-full e-flex e-con e-child\" data-id=\"17b147a0\" data-element_type=\"container\">\n\t\t\t\t<div class=\"elementor-element elementor-element-62bbcba7 elementor-widget elementor-widget-image\" data-id=\"62bbcba7\" data-element_type=\"widget\" data-widget_type=\"image.default\">\n\t\t\t\t<div class=\"elementor-widget-container\">\n\t\t\t\t\t\t\t\t\t\t\t\t\t\t\t<img decoding=\"async\" width=\"800\" height=\"533\" src=\"https:\/\/www.prettywired.co.uk\/wp-content\/uploads\/2023\/07\/IMG_6037_38_39_40_41_42_fused-1024x682.jpeg\" class=\"attachment-large size-large wp-image-203\" alt=\"One Canada Square\" srcset=\"https:\/\/www.prettywired.co.uk\/wp-content\/uploads\/2023\/07\/IMG_6037_38_39_40_41_42_fused-1024x682.jpeg 1024w, https:\/\/www.prettywired.co.uk\/wp-content\/uploads\/2023\/07\/IMG_6037_38_39_40_41_42_fused-300x200.jpeg 300w, https:\/\/www.prettywired.co.uk\/wp-content\/uploads\/2023\/07\/IMG_6037_38_39_40_41_42_fused-768x511.jpeg 768w, https:\/\/www.prettywired.co.uk\/wp-content\/uploads\/2023\/07\/IMG_6037_38_39_40_41_42_fused-1536x1023.jpeg 1536w, https:\/\/www.prettywired.co.uk\/wp-content\/uploads\/2023\/07\/IMG_6037_38_39_40_41_42_fused.jpeg 1900w\" sizes=\"(max-width: 800px) 100vw, 800px\" \/>\t\t\t\t\t\t\t\t\t\t\t\t\t\t\t<\/div>\n\t\t\t\t<\/div>\n\t\t\t\t<\/div>\n\t\t\t\t\t<\/div>\n\t\t\t\t<\/section>\n\t\t\t\t\t<\/div>\n\t\t\t\t<\/div>\n\t\t<section class=\"elementor-element elementor-element-a9e8ea padding-top-bottom e-flex e-con-boxed e-con e-parent\" data-id=\"a9e8ea\" data-element_type=\"container\" data-settings=\"{&quot;background_background&quot;:&quot;classic&quot;}\">\n\t\t\t\t\t<div class=\"e-con-inner\">\n\t\t<div class=\"elementor-element elementor-element-572e9f20 e-con-full e-flex e-con e-child\" data-id=\"572e9f20\" data-element_type=\"container\">\n\t\t\t\t<div class=\"elementor-element elementor-element-82a97e0 elementor-widget elementor-widget-image\" data-id=\"82a97e0\" data-element_type=\"widget\" data-widget_type=\"image.default\">\n\t\t\t\t<div class=\"elementor-widget-container\">\n\t\t\t\t\t\t\t\t\t\t\t\t\t\t\t<img loading=\"lazy\" decoding=\"async\" width=\"512\" height=\"683\" src=\"https:\/\/www.prettywired.co.uk\/wp-content\/uploads\/2025\/03\/unnamed-2.webp\" class=\"attachment-medium_large size-medium_large wp-image-502178\" alt=\"Installateur Lutron Belgravia\" srcset=\"https:\/\/www.prettywired.co.uk\/wp-content\/uploads\/2025\/03\/unnamed-2.webp 512w, https:\/\/www.prettywired.co.uk\/wp-content\/uploads\/2025\/03\/unnamed-2-225x300.webp 225w, https:\/\/www.prettywired.co.uk\/wp-content\/uploads\/2025\/03\/unnamed-2-9x12.webp 9w\" sizes=\"(max-width: 512px) 100vw, 512px\" \/>\t\t\t\t\t\t\t\t\t\t\t\t\t\t\t<\/div>\n\t\t\t\t<\/div>\n\t\t\t\t<\/div>\n\t\t<div class=\"elementor-element elementor-element-20d4bfcf e-con-full e-flex e-con e-child\" data-id=\"20d4bfcf\" data-element_type=\"container\">\n\t\t\t\t<div class=\"elementor-element elementor-element-65b5cdd5 elementor-widget elementor-widget-heading\" data-id=\"65b5cdd5\" data-element_type=\"widget\" data-widget_type=\"heading.default\">\n\t\t\t\t<div class=\"elementor-widget-container\">\n\t\t\t\t\t<h2 class=\"elementor-heading-title elementor-size-default\">Lutron pour les maisons et lotissements de luxe<\/h2>\t\t\t\t<\/div>\n\t\t\t\t<\/div>\n\t\t\t\t<div class=\"elementor-element elementor-element-ccc648 elementor-widget elementor-widget-text-editor\" data-id=\"ccc648\" data-element_type=\"widget\" data-widget_type=\"text-editor.default\">\n\t\t\t\t<div class=\"elementor-widget-container\">\n\t\t\t\t\t\t\t\t\t<p>Les maisons du patrimoine et les appartements de luxe modernes de Belgravia n\u00e9cessitent une solution d'\u00e9clairage aussi sophistiqu\u00e9e que leur conception. Lutron vous permet de conserver l'\u00e9l\u00e9gance de votre propri\u00e9t\u00e9 tout en y ajoutant un confort moderne.<\/p><p>Que vous souhaitiez am\u00e9liorer une propri\u00e9t\u00e9 class\u00e9e avec un \u00e9clairage intelligent ou installer un syst\u00e8me d'automatisation de pointe dans une nouvelle construction, Pretty Wired poss\u00e8de l'expertise n\u00e9cessaire pour donner vie \u00e0 votre vision.<\/p><h2>Votre installateur Lutron de confiance \u00e0 Belgravia<\/h2><p>Chez Pretty Wired, nous offrons un service discret, professionnel et sur mesure pour r\u00e9pondre aux exigences des clients haut de gamme de Belgravia.<\/p><p>Contactez-nous d\u00e8s aujourd'hui pour discuter de votre projet et d\u00e9couvrir comment un syst\u00e8me d'\u00e9clairage intelligent Lutron peut am\u00e9liorer l'ambiance, la s\u00e9curit\u00e9 et l'efficacit\u00e9 de votre maison.<\/p><p>\u00a0<\/p>\t\t\t\t\t\t\t\t<\/div>\n\t\t\t\t<\/div>\n\t\t\t\t<div class=\"elementor-element elementor-element-5a48056 btn-arrow elementor-icon-list--layout-traditional elementor-list-item-link-full_width elementor-invisible elementor-widget elementor-widget-icon-list\" data-id=\"5a48056\" data-element_type=\"widget\" data-settings=\"{&quot;_animation&quot;:&quot;fadeInLeft&quot;}\" data-widget_type=\"icon-list.default\">\n\t\t\t\t<div class=\"elementor-widget-container\">\n\t\t\t\t\t\t\t<ul class=\"elementor-icon-list-items\">\n\t\t\t\t\t\t\t<li class=\"elementor-icon-list-item\">\n\t\t\t\t\t\t\t\t\t\t\t<a href=\"\/fr\/nous-contacter\/\">\n\n\t\t\t\t\t\t\t\t\t\t\t\t<span class=\"elementor-icon-list-icon\">\n\t\t\t\t\t\t\t<svg xmlns=\"http:\/\/www.w3.org\/2000\/svg\" width=\"116\" height=\"28\" viewbox=\"0 0 116 28\" fill=\"none\"><path d=\"M80.0001 26L110 14L80.0001 2\" stroke=\"#34586A\" stroke-width=\"4\"><\/path><line x1=\"106.667\" y1=\"14\" x2=\"2.23054e-05\" y2=\"14\" stroke=\"#34586A\" stroke-width=\"4\"><\/line><\/svg>\t\t\t\t\t\t<\/span>\n\t\t\t\t\t\t\t\t\t\t<span class=\"elementor-icon-list-text\">Contacter l'\u00e9quipe<\/span>\n\t\t\t\t\t\t\t\t\t\t\t<\/a>\n\t\t\t\t\t\t\t\t\t<\/li>\n\t\t\t\t\t\t<\/ul>\n\t\t\t\t\t\t<\/div>\n\t\t\t\t<\/div>\n\t\t\t\t<\/div>\n\t\t\t\t<div class=\"elementor-element elementor-element-bbea24e elementor-absolute elementor-widget elementor-widget-image\" data-id=\"bbea24e\" data-element_type=\"widget\" data-settings=\"{&quot;_position&quot;:&quot;absolute&quot;}\" data-widget_type=\"image.default\">\n\t\t\t\t<div class=\"elementor-widget-container\">\n\t\t\t\t\t\t\t\t\t\t\t\t\t\t\t<img decoding=\"async\" width=\"1213\" height=\"800\" src=\"https:\/\/www.prettywired.co.uk\/wp-content\/uploads\/2023\/08\/Linework_body_v3.svg\" class=\"attachment-full size-full wp-image-478\" alt=\"\" \/>\t\t\t\t\t\t\t\t\t\t\t\t\t\t\t<\/div>\n\t\t\t\t<\/div>\n\t\t\t\t\t<\/div>\n\t\t\t\t<\/section>\n\t\t<section class=\"elementor-element elementor-element-5c41269 e-flex e-con-boxed e-con e-parent\" data-id=\"5c41269\" data-element_type=\"container\" data-settings=\"{&quot;background_background&quot;:&quot;gradient&quot;}\">\n\t\t\t\t\t<div class=\"e-con-inner\">\n\t\t\t\t<div class=\"elementor-element elementor-element-22f4407b elementor-widget elementor-widget-template\" data-id=\"22f4407b\" data-element_type=\"widget\" data-widget_type=\"template.default\">\n\t\t\t\t<div class=\"elementor-widget-container\">\n\t\t\t\t\t\t\t<div class=\"elementor-template\">\n\t\t\t\t\t<div data-elementor-type=\"section\" data-elementor-id=\"241\" class=\"elementor elementor-241\" data-elementor-post-type=\"elementor_library\">\n\t\t\t<div class=\"elementor-element elementor-element-6254d86 e-flex e-con-boxed elementor-invisible e-con e-parent\" data-id=\"6254d86\" data-element_type=\"container\" data-settings=\"{&quot;background_background&quot;:&quot;classic&quot;,&quot;animation&quot;:&quot;fadeInUp&quot;}\">\n\t\t\t\t\t<div class=\"e-con-inner\">\n\t\t<div class=\"elementor-element elementor-element-590f031 e-con-full e-flex e-con e-child\" data-id=\"590f031\" data-element_type=\"container\">\n\t\t\t\t<div class=\"elementor-element elementor-element-020ca65 elementor-widget elementor-widget-image\" data-id=\"020ca65\" data-element_type=\"widget\" data-widget_type=\"image.default\">\n\t\t\t\t<div class=\"elementor-widget-container\">\n\t\t\t\t\t\t\t\t\t\t\t\t\t\t\t<img loading=\"lazy\" decoding=\"async\" width=\"291\" height=\"458\" src=\"https:\/\/www.prettywired.co.uk\/wp-content\/uploads\/2023\/07\/pw-hero-lightbulb.svg\" class=\"attachment-full size-full wp-image-46\" alt=\"Ampoule P W\" \/>\t\t\t\t\t\t\t\t\t\t\t\t\t\t\t<\/div>\n\t\t\t\t<\/div>\n\t\t\t\t<\/div>\n\t\t<div class=\"elementor-element elementor-element-109ea9f e-con-full e-flex e-con e-child\" data-id=\"109ea9f\" data-element_type=\"container\">\n\t\t\t\t<div class=\"elementor-element elementor-element-25d9cf0 elementor-widget elementor-widget-heading\" data-id=\"25d9cf0\" data-element_type=\"widget\" data-widget_type=\"heading.default\">\n\t\t\t\t<div class=\"elementor-widget-container\">\n\t\t\t\t\t<h2 class=\"elementor-heading-title elementor-size-default\">Comment pouvons-nous vous aider ?<\/h2>\t\t\t\t<\/div>\n\t\t\t\t<\/div>\n\t\t\t\t<div class=\"elementor-element elementor-element-9ad1056 elementor-widget elementor-widget-text-editor\" data-id=\"9ad1056\" data-element_type=\"widget\" data-widget_type=\"text-editor.default\">\n\t\t\t\t<div class=\"elementor-widget-container\">\n\t\t\t\t\t\t\t\t\t<p><span style=\"white-space-collapse: preserve;\">Vous pensez que nous pourrions \u00eatre le partenaire id\u00e9al pour votre projet ? <\/span><span style=\"white-space-collapse: preserve;\">Appelez l'\u00e9quipe d\u00e8s aujourd'hui et nous vous dirons comment nous pouvons vous aider.<br \/><\/span><\/p>\t\t\t\t\t\t\t\t<\/div>\n\t\t\t\t<\/div>\n\t\t\t\t<div class=\"elementor-element elementor-element-2569b50 elementor-widget elementor-widget-button\" data-id=\"2569b50\" data-element_type=\"widget\" data-widget_type=\"button.default\">\n\t\t\t\t<div class=\"elementor-widget-container\">\n\t\t\t\t\t\t\t\t\t<div class=\"elementor-button-wrapper\">\n\t\t\t\t\t<a class=\"elementor-button elementor-button-link elementor-size-sm\" href=\"\/fr\/nous-contacter\/\">\n\t\t\t\t\t\t<span class=\"elementor-button-content-wrapper\">\n\t\t\t\t\t\t\t\t\t<span class=\"elementor-button-text\">Prendre contact<\/span>\n\t\t\t\t\t<\/span>\n\t\t\t\t\t<\/a>\n\t\t\t\t<\/div>\n\t\t\t\t\t\t\t\t<\/div>\n\t\t\t\t<\/div>\n\t\t\t\t<\/div>\n\t\t\t\t\t<\/div>\n\t\t\t\t<\/div>\n\t\t\t\t<\/div>\n\t\t\t\t<\/div>\n\t\t\t\t\t\t<\/div>\n\t\t\t\t<\/div>\n\t\t\t\t\t<\/div>\n\t\t\t\t<\/section>\n\t\t\t\t<\/div>","protected":false},"excerpt":{"rendered":"<p>Installateur Lutron Belgravia Installateurs Lutron certifi\u00e9s \u00e0 Belgravia Installations Lutron sur mesure pour les propri\u00e9t\u00e9s de luxe de Belgravia Que vous r\u00e9noviez votre propri\u00e9t\u00e9 existante ou que vous incorporiez Lutron dans une nouvelle construction, Pretty Wired fournit des services d'installation Lutron experts \u00e0 Belgravia pour faire entrer votre maison dans l'avenir avec un contr\u00f4le de l'\u00e9clairage intelligent et transparent. Pourquoi choisir Lutron pour votre [...]<\/p>","protected":false},"author":1,"featured_media":0,"parent":0,"menu_order":0,"comment_status":"closed","ping_status":"closed","template":"","meta":{"footnotes":""},"class_list":["post-502175","page","type-page","status-publish","hentry"],"_links":{"self":[{"href":"https:\/\/www.prettywired.co.uk\/fr\/wp-json\/wp\/v2\/pages\/502175","targetHints":{"allow":["GET"]}}],"collection":[{"href":"https:\/\/www.prettywired.co.uk\/fr\/wp-json\/wp\/v2\/pages"}],"about":[{"href":"https:\/\/www.prettywired.co.uk\/fr\/wp-json\/wp\/v2\/types\/page"}],"author":[{"embeddable":true,"href":"https:\/\/www.prettywired.co.uk\/fr\/wp-json\/wp\/v2\/users\/1"}],"replies":[{"embeddable":true,"href":"https:\/\/www.prettywired.co.uk\/fr\/wp-json\/wp\/v2\/comments?post=502175"}],"version-history":[{"count":5,"href":"https:\/\/www.prettywired.co.uk\/fr\/wp-json\/wp\/v2\/pages\/502175\/revisions"}],"predecessor-version":[{"id":502183,"href":"https:\/\/www.prettywired.co.uk\/fr\/wp-json\/wp\/v2\/pages\/502175\/revisions\/502183"}],"wp:attachment":[{"href":"https:\/\/www.prettywired.co.uk\/fr\/wp-json\/wp\/v2\/media?parent=502175"}],"curies":[{"name":"wp","href":"https:\/\/api.w.org\/{rel}","templated":true}]}}