{"id":422,"date":"2023-08-03T13:17:44","date_gmt":"2023-08-03T13:17:44","guid":{"rendered":"https:\/\/www.prettywired.co.uk\/?page_id=422"},"modified":"2024-01-12T13:20:27","modified_gmt":"2024-01-12T13:20:27","slug":"nous-contacter","status":"publish","type":"page","link":"https:\/\/www.prettywired.co.uk\/fr\/nous-contacter\/","title":{"rendered":"Contactez nous"},"content":{"rendered":"<div data-elementor-type=\"wp-page\" data-elementor-id=\"422\" class=\"elementor elementor-422\" data-elementor-post-type=\"page\">\n\t\t\t\t<section class=\"elementor-element elementor-element-b456162 padding-hero e-flex e-con-boxed e-con e-parent\" data-id=\"b456162\" data-element_type=\"container\" data-settings=\"{&quot;background_background&quot;:&quot;classic&quot;}\">\n\t\t\t\t\t<div class=\"e-con-inner\">\n\t\t\t\t<div class=\"elementor-element elementor-element-ad8dc26 elementor-widget elementor-widget-heading\" data-id=\"ad8dc26\" data-element_type=\"widget\" data-widget_type=\"heading.default\">\n\t\t\t\t<div class=\"elementor-widget-container\">\n\t\t\t\t\t<h1 class=\"elementor-heading-title elementor-size-default\">Prendre contact<\/h1>\t\t\t\t<\/div>\n\t\t\t\t<\/div>\n\t\t\t\t<div class=\"elementor-element elementor-element-a814805 elementor-widget elementor-widget-text-editor\" data-id=\"a814805\" data-element_type=\"widget\" data-widget_type=\"text-editor.default\">\n\t\t\t\t<div class=\"elementor-widget-container\">\n\t\t\t\t\t\t\t\t\t<p><span style=\"white-space-collapse: preserve;\">Vous souhaitez en savoir plus sur nos services et sur la mani\u00e8re dont nous pouvons vous aider ? <\/span><\/p>\t\t\t\t\t\t\t\t<\/div>\n\t\t\t\t<\/div>\n\t\t\t\t<div class=\"elementor-element elementor-element-6603be7 elementor-absolute elementor-view-default elementor-widget elementor-widget-icon\" data-id=\"6603be7\" data-element_type=\"widget\" data-settings=\"{&quot;_position&quot;:&quot;absolute&quot;}\" data-widget_type=\"icon.default\">\n\t\t\t\t<div class=\"elementor-widget-container\">\n\t\t\t\t\t\t\t<div class=\"elementor-icon-wrapper\">\n\t\t\t<div class=\"elementor-icon\">\n\t\t\t<svg xmlns=\"http:\/\/www.w3.org\/2000\/svg\" width=\"1213\" height=\"800\" viewbox=\"0 0 1213 800\" fill=\"none\"><g opacity=\"0.4\" clip-path=\"url(#clip0_743_18813)\"><path d=\"M938.626 242.426L574.351 37.6536L445.917 284.588L172.621 395.769\" stroke=\"#BBC7CD\" stroke-miterlimit=\"10\"><\/path><path d=\"M956.938 266.055L598.087 90.3505L458.693 302.137L195.126 421.29\" stroke=\"#BBC7CD\" stroke-width=\"1.82\" stroke-miterlimit=\"10\"><\/path><path d=\"M975.254 289.688L621.835 143.047L471.478 319.682L217.63 446.809\" stroke=\"#BBC7CD\" stroke-width=\"2.64\" stroke-miterlimit=\"10\"><\/path><path d=\"M993.572 313.32L645.576 195.748L484.254 337.231L240.126 472.333\" stroke=\"#BBC7CD\" stroke-width=\"3.45\" stroke-miterlimit=\"10\"><\/path><path d=\"M1011.89 336.953L669.317 248.449L497.025 354.775L262.625 497.848\" stroke=\"#BBC7CD\" stroke-width=\"4.27\" stroke-miterlimit=\"10\"><\/path><path d=\"M1030.2 360.59L693.066 301.145L509.801 372.324L285.13 523.367\" stroke=\"#BBC7CD\" stroke-width=\"5.09\" stroke-miterlimit=\"10\"><\/path><path d=\"M1048.51 384.223L716.801 353.841L522.577 389.873L307.626 548.891\" stroke=\"#BBC7CD\" stroke-width=\"5.91\" stroke-miterlimit=\"10\"><\/path><path d=\"M1066.83 407.855L740.542 406.542L535.348 407.417L330.131 574.41\" stroke=\"#BBC7CD\" stroke-width=\"6.73\" stroke-miterlimit=\"10\"><\/path><path d=\"M1085.15 431.488L764.29 459.239L548.124 424.966L352.635 599.93\" stroke=\"#BBC7CD\" stroke-width=\"7.55\" stroke-miterlimit=\"10\"><\/path><path d=\"M1103.47 455.121L788.031 511.94L560.909 442.511L375.126 625.449\" stroke=\"#BBC7CD\" stroke-width=\"8.36\" stroke-miterlimit=\"10\"><\/path><path d=\"M1121.78 478.746L811.771 564.633L573.684 460.052L397.629 650.961\" stroke=\"#BBC7CD\" stroke-width=\"9.18\" stroke-miterlimit=\"10\"><\/path><path d=\"M1140.09 502.379L835.515 617.329L586.455 477.601L420.134 676.485\" stroke=\"#BBC7CD\" stroke-width=\"10\" stroke-miterlimit=\"10\"><\/path><\/g><defs><clippath id=\"clip0_743_18813\"><rect width=\"726.364\" height=\"735.1\" fill=\"white\" transform=\"matrix(-0.890218 0.455534 -0.770097 -0.637927 1212.72 468.941)\"><\/rect><\/clippath><\/defs><\/svg>\t\t\t<\/div>\n\t\t<\/div>\n\t\t\t\t\t\t<\/div>\n\t\t\t\t<\/div>\n\t\t\t\t\t<\/div>\n\t\t\t\t<\/section>\n\t\t<section class=\"elementor-element elementor-element-13707b0 padding-top-bottom e-flex e-con-boxed e-con e-parent\" data-id=\"13707b0\" data-element_type=\"container\">\n\t\t\t\t\t<div class=\"e-con-inner\">\n\t\t<div class=\"elementor-element elementor-element-62bdde2 e-con-full e-flex e-con e-child\" data-id=\"62bdde2\" data-element_type=\"container\">\n\t\t\t\t<div class=\"elementor-element elementor-element-5f8cf05 elementor-widget elementor-widget-text-editor\" data-id=\"5f8cf05\" data-element_type=\"widget\" data-widget_type=\"text-editor.default\">\n\t\t\t\t<div class=\"elementor-widget-container\">\n\t\t\t\t\t\t\t\t\t<p>Que vous sachiez ce dont vous avez besoin ou que vous ayez besoin de conseils pour trouver la meilleure solution, nous sommes \u00e0 votre disposition par t\u00e9l\u00e9phone. Si vous \u00eates occup\u00e9, remplissez le formulaire ci-dessous et nous vous contacterons au moment qui vous conviendra le mieux.<\/p>\t\t\t\t\t\t\t\t<\/div>\n\t\t\t\t<\/div>\n\t\t\t\t<div class=\"elementor-element elementor-element-6c83d07 elementor-icon-list--layout-traditional elementor-list-item-link-full_width elementor-widget elementor-widget-icon-list\" data-id=\"6c83d07\" data-element_type=\"widget\" data-widget_type=\"icon-list.default\">\n\t\t\t\t<div class=\"elementor-widget-container\">\n\t\t\t\t\t\t\t<ul class=\"elementor-icon-list-items\">\n\t\t\t\t\t\t\t<li class=\"elementor-icon-list-item\">\n\t\t\t\t\t\t\t\t\t\t\t<a href=\"mailto:info@prettywired.co.uk\">\n\n\t\t\t\t\t\t\t\t\t\t\t<span class=\"elementor-icon-list-text\">info@prettywired.co.uk<\/span>\n\t\t\t\t\t\t\t\t\t\t\t<\/a>\n\t\t\t\t\t\t\t\t\t<\/li>\n\t\t\t\t\t\t\t\t<li class=\"elementor-icon-list-item\">\n\t\t\t\t\t\t\t\t\t\t\t<a href=\"tel:020%204542%201890\">\n\n\t\t\t\t\t\t\t\t\t\t\t<span class=\"elementor-icon-list-text\">020 4542 1890<\/span>\n\t\t\t\t\t\t\t\t\t\t\t<\/a>\n\t\t\t\t\t\t\t\t\t<\/li>\n\t\t\t\t\t\t<\/ul>\n\t\t\t\t\t\t<\/div>\n\t\t\t\t<\/div>\n\t\t\t\t<div class=\"elementor-element elementor-element-27ce495 elementor-icon-list--layout-traditional elementor-list-item-link-full_width elementor-widget elementor-widget-icon-list\" data-id=\"27ce495\" data-element_type=\"widget\" data-widget_type=\"icon-list.default\">\n\t\t\t\t<div class=\"elementor-widget-container\">\n\t\t\t\t\t\t\t<ul class=\"elementor-icon-list-items\">\n\t\t\t\t\t\t\t<li class=\"elementor-icon-list-item\">\n\t\t\t\t\t\t\t\t\t\t\t<a href=\"https:\/\/goo.gl\/maps\/a7aqZicyE7hPvqn57\" target=\"_blank\" rel=\"nofollow noopener\">\n\n\t\t\t\t\t\t\t\t\t\t\t<span class=\"elementor-icon-list-text\">Joliment c\u00e2bl\u00e9,<br>87 Acre Lane, Londres, SW2 5TN<\/span>\n\t\t\t\t\t\t\t\t\t\t\t<\/a>\n\t\t\t\t\t\t\t\t\t<\/li>\n\t\t\t\t\t\t<\/ul>\n\t\t\t\t\t\t<\/div>\n\t\t\t\t<\/div>\n\t\t\t\t<div class=\"elementor-element elementor-element-46763cd elementor-icon-list--layout-inline elementor-list-item-link-full_width elementor-widget elementor-widget-icon-list\" data-id=\"46763cd\" data-element_type=\"widget\" data-widget_type=\"icon-list.default\">\n\t\t\t\t<div class=\"elementor-widget-container\">\n\t\t\t\t\t\t\t<ul class=\"elementor-icon-list-items elementor-inline-items\">\n\t\t\t\t\t\t\t<li class=\"elementor-icon-list-item elementor-inline-item\">\n\t\t\t\t\t\t\t\t\t\t\t<a href=\"https:\/\/www.linkedin.com\/company\/pretty-wired\" target=\"_blank\" rel=\"nofollow noopener\">\n\n\t\t\t\t\t\t\t\t\t\t\t<span class=\"elementor-icon-list-text\">LinkedIn<\/span>\n\t\t\t\t\t\t\t\t\t\t\t<\/a>\n\t\t\t\t\t\t\t\t\t<\/li>\n\t\t\t\t\t\t\t\t<li class=\"elementor-icon-list-item elementor-inline-item\">\n\t\t\t\t\t\t\t\t\t\t\t<a href=\"https:\/\/www.instagram.com\/_prettywired\/\" target=\"_blank\" rel=\"nofollow noopener\">\n\n\t\t\t\t\t\t\t\t\t\t\t<span class=\"elementor-icon-list-text\">Instagram<\/span>\n\t\t\t\t\t\t\t\t\t\t\t<\/a>\n\t\t\t\t\t\t\t\t\t<\/li>\n\t\t\t\t\t\t<\/ul>\n\t\t\t\t\t\t<\/div>\n\t\t\t\t<\/div>\n\t\t\t\t<\/div>\n\t\t<div class=\"elementor-element elementor-element-2d1a82b e-con-full e-flex e-con e-child\" data-id=\"2d1a82b\" data-element_type=\"container\">\n\t\t\t\t<div class=\"elementor-element elementor-element-b15f036 elementor-button-align-stretch elementor-widget elementor-widget-form\" data-id=\"b15f036\" data-element_type=\"widget\" data-settings=\"{&quot;button_width&quot;:&quot;40&quot;,&quot;step_next_label&quot;:&quot;Next&quot;,&quot;step_previous_label&quot;:&quot;Previous&quot;,&quot;step_type&quot;:&quot;number_text&quot;,&quot;step_icon_shape&quot;:&quot;circle&quot;}\" data-widget_type=\"form.default\">\n\t\t\t\t<div class=\"elementor-widget-container\">\n\t\t\t\t\t\t\t<form class=\"elementor-form\" method=\"post\" name=\"New Form\" aria-label=\"Nouveau formulaire\" action=\"\">\n\t\t\t<input type=\"hidden\" name=\"post_id\" value=\"422\"\/>\n\t\t\t<input type=\"hidden\" name=\"form_id\" value=\"b15f036\"\/>\n\t\t\t<input type=\"hidden\" name=\"referer_title\" value=\"Contact us - Pretty Wired\" \/>\n\n\t\t\t\t\t\t\t<input type=\"hidden\" name=\"queried_id\" value=\"422\"\/>\n\t\t\t\n\t\t\t<div class=\"elementor-form-fields-wrapper elementor-labels-above\">\n\t\t\t\t\t\t\t\t<div class=\"elementor-field-type-text elementor-field-group elementor-column elementor-field-group-name elementor-col-100 elementor-field-required\">\n\t\t\t\t\t\t\t\t\t\t\t\t<label for=\"form-field-name\" class=\"elementor-field-label\">\n\t\t\t\t\t\t\t\tNom\t\t\t\t\t\t\t<\/label>\n\t\t\t\t\t\t\t\t\t\t\t\t\t\t<input size=\"1\" type=\"text\" name=\"form_fields[name]\" id=\"form-field-name\" class=\"elementor-field elementor-size-sm  elementor-field-textual\" placeholder=\"Nom\" required=\"required\">\n\t\t\t\t\t\t\t\t\t\t\t<\/div>\n\t\t\t\t\t\t\t\t<div class=\"elementor-field-type-email elementor-field-group elementor-column elementor-field-group-email elementor-col-100 elementor-field-required\">\n\t\t\t\t\t\t\t\t\t\t\t\t<label for=\"form-field-email\" class=\"elementor-field-label\">\n\t\t\t\t\t\t\t\tCourriel\t\t\t\t\t\t\t<\/label>\n\t\t\t\t\t\t\t\t\t\t\t\t\t\t<input size=\"1\" type=\"email\" name=\"form_fields[email]\" id=\"form-field-email\" class=\"elementor-field elementor-size-sm  elementor-field-textual\" placeholder=\"Courriel\" required=\"required\">\n\t\t\t\t\t\t\t\t\t\t\t<\/div>\n\t\t\t\t\t\t\t\t<div class=\"elementor-field-type-number elementor-field-group elementor-column elementor-field-group-field_2e1e103 elementor-col-100 elementor-field-required\">\n\t\t\t\t\t\t\t\t\t\t\t\t<label for=\"form-field-field_2e1e103\" class=\"elementor-field-label\">\n\t\t\t\t\t\t\t\tNombre\t\t\t\t\t\t\t<\/label>\n\t\t\t\t\t\t\t\t\t<input type=\"number\" name=\"form_fields[field_2e1e103]\" id=\"form-field-field_2e1e103\" class=\"elementor-field elementor-size-sm  elementor-field-textual\" placeholder=\"Nombre\" required=\"required\" min=\"\" max=\"\" >\n\t\t\t\t\t\t<\/div>\n\t\t\t\t\t\t\t\t<div class=\"elementor-field-type-textarea elementor-field-group elementor-column elementor-field-group-message elementor-col-100 elementor-field-required\">\n\t\t\t\t\t\t\t\t\t\t\t\t<label for=\"form-field-message\" class=\"elementor-field-label\">\n\t\t\t\t\t\t\t\tParlez-nous de votre projet\t\t\t\t\t\t\t<\/label>\n\t\t\t\t\t\t<textarea class=\"elementor-field-textual elementor-field  elementor-size-sm\" name=\"form_fields[message]\" id=\"form-field-message\" rows=\"4\" placeholder=\"Message\" required=\"required\"><\/textarea>\t\t\t\t<\/div>\n\t\t\t\t\t\t\t\t<div class=\"elementor-field-group elementor-column elementor-field-type-submit elementor-col-40 e-form__buttons\">\n\t\t\t\t\t<button class=\"elementor-button elementor-size-sm elementor-animation-float\" type=\"submit\">\n\t\t\t\t\t\t<span class=\"elementor-button-content-wrapper\">\n\t\t\t\t\t\t\t\t\t\t\t\t\t\t\t\t\t\t\t\t\t\t<span class=\"elementor-button-text\">Envoyer<\/span>\n\t\t\t\t\t\t\t\t\t\t\t\t\t<\/span>\n\t\t\t\t\t<\/button>\n\t\t\t\t<\/div>\n\t\t\t<\/div>\n\t\t<input type=\"hidden\" name=\"trp-form-language\" value=\"fr\"\/><\/form>\n\t\t\t\t\t\t<\/div>\n\t\t\t\t<\/div>\n\t\t\t\t<\/div>\n\t\t\t\t\t<\/div>\n\t\t\t\t<\/section>\n\t\t\t\t<\/div>","protected":false},"excerpt":{"rendered":"<p>Prenez contact Vous souhaitez en savoir plus sur nos services et sur la mani\u00e8re dont nous pouvons vous aider ? Que vous sachiez ce dont vous avez besoin ou que vous ayez besoin de conseils pour trouver la meilleure solution, nous sommes \u00e0 votre disposition par t\u00e9l\u00e9phone. Si vous \u00eates occup\u00e9, remplissez le formulaire ci-dessous et nous vous contacterons dans les plus brefs d\u00e9lais.<\/p>","protected":false},"author":1,"featured_media":0,"parent":0,"menu_order":80,"comment_status":"closed","ping_status":"closed","template":"","meta":{"footnotes":""},"class_list":["post-422","page","type-page","status-publish","hentry"],"_links":{"self":[{"href":"https:\/\/www.prettywired.co.uk\/fr\/wp-json\/wp\/v2\/pages\/422","targetHints":{"allow":["GET"]}}],"collection":[{"href":"https:\/\/www.prettywired.co.uk\/fr\/wp-json\/wp\/v2\/pages"}],"about":[{"href":"https:\/\/www.prettywired.co.uk\/fr\/wp-json\/wp\/v2\/types\/page"}],"author":[{"embeddable":true,"href":"https:\/\/www.prettywired.co.uk\/fr\/wp-json\/wp\/v2\/users\/1"}],"replies":[{"embeddable":true,"href":"https:\/\/www.prettywired.co.uk\/fr\/wp-json\/wp\/v2\/comments?post=422"}],"version-history":[{"count":23,"href":"https:\/\/www.prettywired.co.uk\/fr\/wp-json\/wp\/v2\/pages\/422\/revisions"}],"predecessor-version":[{"id":1549,"href":"https:\/\/www.prettywired.co.uk\/fr\/wp-json\/wp\/v2\/pages\/422\/revisions\/1549"}],"wp:attachment":[{"href":"https:\/\/www.prettywired.co.uk\/fr\/wp-json\/wp\/v2\/media?parent=422"}],"curies":[{"name":"wp","href":"https:\/\/api.w.org\/{rel}","templated":true}]}}