{"id":412,"date":"2023-08-03T13:17:03","date_gmt":"2023-08-03T13:17:03","guid":{"rendered":"https:\/\/www.prettywired.co.uk\/?page_id=412"},"modified":"2025-01-22T12:15:20","modified_gmt":"2025-01-22T12:15:20","slug":"a-propos-de-nous","status":"publish","type":"page","link":"https:\/\/www.prettywired.co.uk\/fr\/a-propos-de-nous\/","title":{"rendered":"A propos de nous"},"content":{"rendered":"<div data-elementor-type=\"wp-page\" data-elementor-id=\"412\" class=\"elementor elementor-412\" data-elementor-post-type=\"page\">\n\t\t\t\t<section class=\"elementor-element elementor-element-c8e6918 padding-hero e-flex e-con-boxed e-con e-parent\" data-id=\"c8e6918\" data-element_type=\"container\" data-settings=\"{&quot;background_background&quot;:&quot;classic&quot;}\">\n\t\t\t\t\t<div class=\"e-con-inner\">\n\t\t\t\t<div class=\"elementor-element elementor-element-c0dd60c elementor-widget elementor-widget-heading\" data-id=\"c0dd60c\" data-element_type=\"widget\" data-widget_type=\"heading.default\">\n\t\t\t\t<div class=\"elementor-widget-container\">\n\t\t\t\t\t<div class=\"elementor-heading-title elementor-size-default\">A propos de nous<\/div>\t\t\t\t<\/div>\n\t\t\t\t<\/div>\n\t\t\t\t<div class=\"elementor-element elementor-element-d691505 elementor-widget elementor-widget-heading\" data-id=\"d691505\" data-element_type=\"widget\" data-widget_type=\"heading.default\">\n\t\t\t\t<div class=\"elementor-widget-container\">\n\t\t\t\t\t<h1 class=\"elementor-heading-title elementor-size-default\">Comment nous sommes c\u00e2bl\u00e9s diff\u00e9remment<\/h1>\t\t\t\t<\/div>\n\t\t\t\t<\/div>\n\t\t\t\t<div class=\"elementor-element elementor-element-cf72300 elementor-widget elementor-widget-text-editor\" data-id=\"cf72300\" data-element_type=\"widget\" data-widget_type=\"text-editor.default\">\n\t\t\t\t<div class=\"elementor-widget-container\">\n\t\t\t\t\t\t\t\t\t<p>Dirig\u00e9s par Sean White Young et Matt Searle, nous sommes fiers de notre savoir-faire exceptionnel, de notre s\u00e9curit\u00e9, de notre conception innovante et de notre compr\u00e9hension des syst\u00e8mes complexes afin de cr\u00e9er des installations efficaces et fiables.<\/p>\t\t\t\t\t\t\t\t<\/div>\n\t\t\t\t<\/div>\n\t\t\t\t\t<\/div>\n\t\t\t\t<\/section>\n\t\t<section class=\"elementor-element elementor-element-77c8f4f padding-top-bottom e-flex e-con-boxed e-con e-parent\" data-id=\"77c8f4f\" data-element_type=\"container\">\n\t\t\t\t\t<div class=\"e-con-inner\">\n\t\t\t\t<div class=\"elementor-element elementor-element-9a1fbbb elementor-widget elementor-widget-text-editor\" data-id=\"9a1fbbb\" data-element_type=\"widget\" data-widget_type=\"text-editor.default\">\n\t\t\t\t<div class=\"elementor-widget-container\">\n\t\t\t\t\t\t\t\t\t<p>Notre \u00e9quipe est actuellement au service de <strong>r\u00e9sidentiel<\/strong> et <strong>commercial<\/strong> propri\u00e9t\u00e9s \u00e0 travers <strong>Londres<\/strong> et le <strong>comt\u00e9s environnants<\/strong>.<\/p>\t\t\t\t\t\t\t\t<\/div>\n\t\t\t\t<\/div>\n\t\t\t\t<div class=\"elementor-element elementor-element-62b0678 elementor-widget elementor-widget-text-editor\" data-id=\"62b0678\" data-element_type=\"widget\" data-widget_type=\"text-editor.default\">\n\t\t\t\t<div class=\"elementor-widget-container\">\n\t\t\t\t\t\t\t\t\t<p>Nous nous tenons inform\u00e9s des derni\u00e8res technologies - des syst\u00e8mes de contr\u00f4le de l'\u00e9clairage aux \u00e9quipements intelligents - et nous avons l'exp\u00e9rience de la mani\u00e8re dont l'\u00e9lectricit\u00e9 g\u00e9n\u00e9rale et l'\u00e9clairage fonctionnent ensemble dans des propri\u00e9t\u00e9s plus complexes.<\/p>\t\t\t\t\t\t\t\t<\/div>\n\t\t\t\t<\/div>\n\t\t\t\t\t<\/div>\n\t\t\t\t<\/section>\n\t\t<section class=\"elementor-element elementor-element-2666ab3 padding-top-bottom e-flex e-con-boxed e-con e-parent\" data-id=\"2666ab3\" data-element_type=\"container\" data-settings=\"{&quot;background_background&quot;:&quot;classic&quot;}\">\n\t\t\t\t\t<div class=\"e-con-inner\">\n\t\t<div class=\"elementor-element elementor-element-20649cc e-con-full e-flex e-con e-child\" data-id=\"20649cc\" data-element_type=\"container\">\n\t\t\t\t<div class=\"elementor-element elementor-element-4d51677 elementor-widget elementor-widget-image\" data-id=\"4d51677\" data-element_type=\"widget\" data-widget_type=\"image.default\">\n\t\t\t\t<div class=\"elementor-widget-container\">\n\t\t\t\t\t\t\t\t\t\t\t\t\t\t\t<img fetchpriority=\"high\" decoding=\"async\" width=\"800\" height=\"800\" src=\"https:\/\/www.prettywired.co.uk\/wp-content\/uploads\/2023\/08\/Sean-White-Young-1080-1024x1024.jpg\" class=\"attachment-large size-large wp-image-964\" alt=\"Sean White Young\" srcset=\"https:\/\/www.prettywired.co.uk\/wp-content\/uploads\/2023\/08\/Sean-White-Young-1080-1024x1024.jpg 1024w, https:\/\/www.prettywired.co.uk\/wp-content\/uploads\/2023\/08\/Sean-White-Young-1080-300x300.jpg 300w, https:\/\/www.prettywired.co.uk\/wp-content\/uploads\/2023\/08\/Sean-White-Young-1080-150x150.jpg 150w, https:\/\/www.prettywired.co.uk\/wp-content\/uploads\/2023\/08\/Sean-White-Young-1080-768x768.jpg 768w, https:\/\/www.prettywired.co.uk\/wp-content\/uploads\/2023\/08\/Sean-White-Young-1080.jpg 1080w\" sizes=\"(max-width: 800px) 100vw, 800px\" \/>\t\t\t\t\t\t\t\t\t\t\t\t\t\t\t<\/div>\n\t\t\t\t<\/div>\n\t\t\t\t<\/div>\n\t\t<div class=\"elementor-element elementor-element-733428e e-con-full e-flex e-con e-child\" data-id=\"733428e\" data-element_type=\"container\">\n\t\t\t\t<div class=\"elementor-element elementor-element-b584da9 elementor-widget elementor-widget-heading\" data-id=\"b584da9\" data-element_type=\"widget\" data-widget_type=\"heading.default\">\n\t\t\t\t<div class=\"elementor-widget-container\">\n\t\t\t\t\t<h2 class=\"elementor-heading-title elementor-size-default\">Rencontrer Sean<\/h2>\t\t\t\t<\/div>\n\t\t\t\t<\/div>\n\t\t\t\t<div class=\"elementor-element elementor-element-72627e1 elementor-widget elementor-widget-text-editor\" data-id=\"72627e1\" data-element_type=\"widget\" data-widget_type=\"text-editor.default\">\n\t\t\t\t<div class=\"elementor-widget-container\">\n\t\t\t\t\t\t\t\t\t<p>Depuis 12 ans, Sean impressionne ses clients par son expertise en mati\u00e8re d'\u00e9lectricit\u00e9. Son exp\u00e9rience dans le secteur couvre l'inspection, les essais, la recherche de d\u00e9fauts, l'installation pratique et la conception de syst\u00e8mes dans un large \u00e9ventail de propri\u00e9t\u00e9s r\u00e9sidentielles et commerciales.\u00a0<\/p><p>Qu'il s'agisse d'un projet d'\u00e9clairage, d'une simple r\u00e9paration ou d'une mise \u00e0 niveau d'un appareil consommateur, il est passionn\u00e9 par l'obtention de r\u00e9sultats exceptionnels, fond\u00e9s sur la cr\u00e9ativit\u00e9 et l'aspect pratique. Il est fier de rester \u00e0 la pointe de l'actualit\u00e9, qu'il s'agisse de se familiariser avec les derni\u00e8res technologies ou de se plonger dans les changements de r\u00e9glementation.<\/p>\t\t\t\t\t\t\t\t<\/div>\n\t\t\t\t<\/div>\n\t\t\t\t<div class=\"elementor-element elementor-element-7b4a8ca btn-arrow elementor-icon-list--layout-traditional elementor-list-item-link-full_width elementor-invisible elementor-widget elementor-widget-icon-list\" data-id=\"7b4a8ca\" data-element_type=\"widget\" data-settings=\"{&quot;_animation&quot;:&quot;fadeInLeft&quot;}\" data-widget_type=\"icon-list.default\">\n\t\t\t\t<div class=\"elementor-widget-container\">\n\t\t\t\t\t\t\t<ul class=\"elementor-icon-list-items\">\n\t\t\t\t\t\t\t<li class=\"elementor-icon-list-item\">\n\t\t\t\t\t\t\t\t\t\t\t<a href=\"\/fr\/nous-contacter\/\">\n\n\t\t\t\t\t\t\t\t\t\t\t\t<span class=\"elementor-icon-list-icon\">\n\t\t\t\t\t\t\t<svg xmlns=\"http:\/\/www.w3.org\/2000\/svg\" width=\"116\" height=\"28\" viewbox=\"0 0 116 28\" fill=\"none\"><path d=\"M80.0001 26L110 14L80.0001 2\" stroke=\"#34586A\" stroke-width=\"4\"><\/path><line x1=\"106.667\" y1=\"14\" x2=\"2.23054e-05\" y2=\"14\" stroke=\"#34586A\" stroke-width=\"4\"><\/line><\/svg>\t\t\t\t\t\t<\/span>\n\t\t\t\t\t\t\t\t\t\t<span class=\"elementor-icon-list-text\">Contacter l'\u00e9quipe<\/span>\n\t\t\t\t\t\t\t\t\t\t\t<\/a>\n\t\t\t\t\t\t\t\t\t<\/li>\n\t\t\t\t\t\t<\/ul>\n\t\t\t\t\t\t<\/div>\n\t\t\t\t<\/div>\n\t\t\t\t<\/div>\n\t\t<div class=\"elementor-element elementor-element-b116783 e-con-full e-flex e-con e-child\" data-id=\"b116783\" data-element_type=\"container\">\n\t\t\t\t<div class=\"elementor-element elementor-element-3a7f7d3 elementor-widget elementor-widget-heading\" data-id=\"3a7f7d3\" data-element_type=\"widget\" data-widget_type=\"heading.default\">\n\t\t\t\t<div class=\"elementor-widget-container\">\n\t\t\t\t\t<h2 class=\"elementor-heading-title elementor-size-default\">Rencontrer Matt<\/h2>\t\t\t\t<\/div>\n\t\t\t\t<\/div>\n\t\t\t\t<div class=\"elementor-element elementor-element-06cd351 elementor-widget elementor-widget-text-editor\" data-id=\"06cd351\" data-element_type=\"widget\" data-widget_type=\"text-editor.default\">\n\t\t\t\t<div class=\"elementor-widget-container\">\n\t\t\t\t\t\t\t\t\t<p>Matt poss\u00e8de de nombreuses connaissances et une grande exp\u00e9rience dans de nombreux domaines de l'\u00e9lectricit\u00e9. Il est notamment sp\u00e9cialis\u00e9 dans les rapports sur l'\u00e9tat des installations \u00e9lectriques, les alarmes incendie et l'\u00e9clairage d'urgence dans les environnements domestiques et commerciaux.<\/p><p>En rejoignant l'\u00e9quipe de Pretty Wired en 2024, Matt a \u00e9t\u00e9 un ajout bienvenu, sa vaste exp\u00e9rience et sa nature affable s'\u00e9tant av\u00e9r\u00e9es populaires au sein de l'\u00e9quipe de Pretty Wired et de nos clients.<\/p>\t\t\t\t\t\t\t\t<\/div>\n\t\t\t\t<\/div>\n\t\t\t\t<div class=\"elementor-element elementor-element-16ab4e5 btn-arrow elementor-icon-list--layout-traditional elementor-list-item-link-full_width elementor-invisible elementor-widget elementor-widget-icon-list\" data-id=\"16ab4e5\" data-element_type=\"widget\" data-settings=\"{&quot;_animation&quot;:&quot;fadeInLeft&quot;}\" data-widget_type=\"icon-list.default\">\n\t\t\t\t<div class=\"elementor-widget-container\">\n\t\t\t\t\t\t\t<ul class=\"elementor-icon-list-items\">\n\t\t\t\t\t\t\t<li class=\"elementor-icon-list-item\">\n\t\t\t\t\t\t\t\t\t\t\t<a href=\"\/fr\/nous-contacter\/\">\n\n\t\t\t\t\t\t\t\t\t\t\t\t<span class=\"elementor-icon-list-icon\">\n\t\t\t\t\t\t\t<svg xmlns=\"http:\/\/www.w3.org\/2000\/svg\" width=\"116\" height=\"28\" viewbox=\"0 0 116 28\" fill=\"none\"><path d=\"M80.0001 26L110 14L80.0001 2\" stroke=\"#34586A\" stroke-width=\"4\"><\/path><line x1=\"106.667\" y1=\"14\" x2=\"2.23054e-05\" y2=\"14\" stroke=\"#34586A\" stroke-width=\"4\"><\/line><\/svg>\t\t\t\t\t\t<\/span>\n\t\t\t\t\t\t\t\t\t\t<span class=\"elementor-icon-list-text\">Contacter l'\u00e9quipe<\/span>\n\t\t\t\t\t\t\t\t\t\t\t<\/a>\n\t\t\t\t\t\t\t\t\t<\/li>\n\t\t\t\t\t\t<\/ul>\n\t\t\t\t\t\t<\/div>\n\t\t\t\t<\/div>\n\t\t\t\t<\/div>\n\t\t<div class=\"elementor-element elementor-element-e2d01a7 e-con-full e-flex e-con e-child\" data-id=\"e2d01a7\" data-element_type=\"container\">\n\t\t\t\t<div class=\"elementor-element elementor-element-4fdd53f elementor-widget elementor-widget-image\" data-id=\"4fdd53f\" data-element_type=\"widget\" data-widget_type=\"image.default\">\n\t\t\t\t<div class=\"elementor-widget-container\">\n\t\t\t\t\t\t\t\t\t\t\t\t\t\t\t<img decoding=\"async\" width=\"800\" height=\"800\" src=\"https:\/\/www.prettywired.co.uk\/wp-content\/uploads\/2024\/04\/IMG_2318-1024x1024.jpg\" class=\"attachment-large size-large wp-image-1576\" alt=\"\" srcset=\"https:\/\/www.prettywired.co.uk\/wp-content\/uploads\/2024\/04\/IMG_2318-1024x1024.jpg 1024w, https:\/\/www.prettywired.co.uk\/wp-content\/uploads\/2024\/04\/IMG_2318-300x300.jpg 300w, https:\/\/www.prettywired.co.uk\/wp-content\/uploads\/2024\/04\/IMG_2318-150x150.jpg 150w, https:\/\/www.prettywired.co.uk\/wp-content\/uploads\/2024\/04\/IMG_2318-768x768.jpg 768w, https:\/\/www.prettywired.co.uk\/wp-content\/uploads\/2024\/04\/IMG_2318-1536x1536.jpg 1536w, https:\/\/www.prettywired.co.uk\/wp-content\/uploads\/2024\/04\/IMG_2318-2048x2048.jpg 2048w\" sizes=\"(max-width: 800px) 100vw, 800px\" \/>\t\t\t\t\t\t\t\t\t\t\t\t\t\t\t<\/div>\n\t\t\t\t<\/div>\n\t\t\t\t<\/div>\n\t\t\t\t<div class=\"elementor-element elementor-element-a6e86b7 elementor-absolute elementor-widget elementor-widget-image\" data-id=\"a6e86b7\" data-element_type=\"widget\" data-settings=\"{&quot;_position&quot;:&quot;absolute&quot;}\" data-widget_type=\"image.default\">\n\t\t\t\t<div class=\"elementor-widget-container\">\n\t\t\t\t\t\t\t\t\t\t\t\t\t\t\t<img decoding=\"async\" width=\"1213\" height=\"800\" src=\"https:\/\/www.prettywired.co.uk\/wp-content\/uploads\/2023\/08\/Linework_body_v3.svg\" class=\"attachment-full size-full wp-image-478\" alt=\"\" \/>\t\t\t\t\t\t\t\t\t\t\t\t\t\t\t<\/div>\n\t\t\t\t<\/div>\n\t\t\t\t\t<\/div>\n\t\t\t\t<\/section>\n\t\t<section class=\"elementor-element elementor-element-71eb71a e-flex e-con-boxed e-con e-parent\" data-id=\"71eb71a\" data-element_type=\"container\" data-settings=\"{&quot;background_background&quot;:&quot;gradient&quot;}\">\n\t\t\t\t\t<div class=\"e-con-inner\">\n\t\t\t\t<div class=\"elementor-element elementor-element-184af04 elementor-widget elementor-widget-template\" data-id=\"184af04\" data-element_type=\"widget\" data-widget_type=\"template.default\">\n\t\t\t\t<div class=\"elementor-widget-container\">\n\t\t\t\t\t\t\t<div class=\"elementor-template\">\n\t\t\t\t\t<div data-elementor-type=\"section\" data-elementor-id=\"241\" class=\"elementor elementor-241\" data-elementor-post-type=\"elementor_library\">\n\t\t\t<div class=\"elementor-element elementor-element-6254d86 e-flex e-con-boxed elementor-invisible e-con e-parent\" data-id=\"6254d86\" data-element_type=\"container\" data-settings=\"{&quot;background_background&quot;:&quot;classic&quot;,&quot;animation&quot;:&quot;fadeInUp&quot;}\">\n\t\t\t\t\t<div class=\"e-con-inner\">\n\t\t<div class=\"elementor-element elementor-element-590f031 e-con-full e-flex e-con e-child\" data-id=\"590f031\" data-element_type=\"container\">\n\t\t\t\t<div class=\"elementor-element elementor-element-020ca65 elementor-widget elementor-widget-image\" data-id=\"020ca65\" data-element_type=\"widget\" data-widget_type=\"image.default\">\n\t\t\t\t<div class=\"elementor-widget-container\">\n\t\t\t\t\t\t\t\t\t\t\t\t\t\t\t<img loading=\"lazy\" decoding=\"async\" width=\"291\" height=\"458\" src=\"https:\/\/www.prettywired.co.uk\/wp-content\/uploads\/2023\/07\/pw-hero-lightbulb.svg\" class=\"attachment-full size-full wp-image-46\" alt=\"Ampoule P W\" \/>\t\t\t\t\t\t\t\t\t\t\t\t\t\t\t<\/div>\n\t\t\t\t<\/div>\n\t\t\t\t<\/div>\n\t\t<div class=\"elementor-element elementor-element-109ea9f e-con-full e-flex e-con e-child\" data-id=\"109ea9f\" data-element_type=\"container\">\n\t\t\t\t<div class=\"elementor-element elementor-element-25d9cf0 elementor-widget elementor-widget-heading\" data-id=\"25d9cf0\" data-element_type=\"widget\" data-widget_type=\"heading.default\">\n\t\t\t\t<div class=\"elementor-widget-container\">\n\t\t\t\t\t<h2 class=\"elementor-heading-title elementor-size-default\">Comment pouvons-nous vous aider ?<\/h2>\t\t\t\t<\/div>\n\t\t\t\t<\/div>\n\t\t\t\t<div class=\"elementor-element elementor-element-9ad1056 elementor-widget elementor-widget-text-editor\" data-id=\"9ad1056\" data-element_type=\"widget\" data-widget_type=\"text-editor.default\">\n\t\t\t\t<div class=\"elementor-widget-container\">\n\t\t\t\t\t\t\t\t\t<p><span style=\"white-space-collapse: preserve;\">Vous pensez que nous pourrions \u00eatre le partenaire id\u00e9al pour votre projet ? <\/span><span style=\"white-space-collapse: preserve;\">Appelez l'\u00e9quipe d\u00e8s aujourd'hui et nous vous dirons comment nous pouvons vous aider.<br \/><\/span><\/p>\t\t\t\t\t\t\t\t<\/div>\n\t\t\t\t<\/div>\n\t\t\t\t<div class=\"elementor-element elementor-element-2569b50 elementor-widget elementor-widget-button\" data-id=\"2569b50\" data-element_type=\"widget\" data-widget_type=\"button.default\">\n\t\t\t\t<div class=\"elementor-widget-container\">\n\t\t\t\t\t\t\t\t\t<div class=\"elementor-button-wrapper\">\n\t\t\t\t\t<a class=\"elementor-button elementor-button-link elementor-size-sm\" href=\"\/fr\/nous-contacter\/\">\n\t\t\t\t\t\t<span class=\"elementor-button-content-wrapper\">\n\t\t\t\t\t\t\t\t\t<span class=\"elementor-button-text\">Prendre contact<\/span>\n\t\t\t\t\t<\/span>\n\t\t\t\t\t<\/a>\n\t\t\t\t<\/div>\n\t\t\t\t\t\t\t\t<\/div>\n\t\t\t\t<\/div>\n\t\t\t\t<\/div>\n\t\t\t\t\t<\/div>\n\t\t\t\t<\/div>\n\t\t\t\t<\/div>\n\t\t\t\t<\/div>\n\t\t\t\t\t\t<\/div>\n\t\t\t\t<\/div>\n\t\t\t\t\t<\/div>\n\t\t\t\t<\/section>\n\t\t\t\t<\/div>","protected":false},"excerpt":{"rendered":"<p>\u00c0 propos de nous Comment nous sommes branch\u00e9s diff\u00e9remment Dirig\u00e9s par Sean White Young et Matt Searle, nous sommes fiers de notre savoir-faire exceptionnel, de notre s\u00e9curit\u00e9, de notre conception innovante et de notre compr\u00e9hension des syst\u00e8mes complexes afin de cr\u00e9er des installations efficaces et fiables. Notre \u00e9quipe dessert actuellement des propri\u00e9t\u00e9s r\u00e9sidentielles et commerciales dans tout Londres et les comt\u00e9s environnants. Nous nous tenons inform\u00e9s de toutes les derni\u00e8res [...]<\/p>","protected":false},"author":1,"featured_media":0,"parent":0,"menu_order":20,"comment_status":"closed","ping_status":"closed","template":"","meta":{"footnotes":""},"class_list":["post-412","page","type-page","status-publish","hentry"],"_links":{"self":[{"href":"https:\/\/www.prettywired.co.uk\/fr\/wp-json\/wp\/v2\/pages\/412","targetHints":{"allow":["GET"]}}],"collection":[{"href":"https:\/\/www.prettywired.co.uk\/fr\/wp-json\/wp\/v2\/pages"}],"about":[{"href":"https:\/\/www.prettywired.co.uk\/fr\/wp-json\/wp\/v2\/types\/page"}],"author":[{"embeddable":true,"href":"https:\/\/www.prettywired.co.uk\/fr\/wp-json\/wp\/v2\/users\/1"}],"replies":[{"embeddable":true,"href":"https:\/\/www.prettywired.co.uk\/fr\/wp-json\/wp\/v2\/comments?post=412"}],"version-history":[{"count":20,"href":"https:\/\/www.prettywired.co.uk\/fr\/wp-json\/wp\/v2\/pages\/412\/revisions"}],"predecessor-version":[{"id":501867,"href":"https:\/\/www.prettywired.co.uk\/fr\/wp-json\/wp\/v2\/pages\/412\/revisions\/501867"}],"wp:attachment":[{"href":"https:\/\/www.prettywired.co.uk\/fr\/wp-json\/wp\/v2\/media?parent=412"}],"curies":[{"name":"wp","href":"https:\/\/api.w.org\/{rel}","templated":true}]}}