{"id":1811,"date":"2024-11-22T15:54:13","date_gmt":"2024-11-22T15:54:13","guid":{"rendered":"https:\/\/www.prettywired.co.uk\/?page_id=1811"},"modified":"2025-03-13T14:23:44","modified_gmt":"2025-03-13T14:23:44","slug":"installation-declairage-londonien","status":"publish","type":"page","link":"https:\/\/www.prettywired.co.uk\/fr\/installation-declairage-londonien\/","title":{"rendered":"Installation d'\u00e9clairage \u00e0 Londres"},"content":{"rendered":"<div data-elementor-type=\"wp-page\" data-elementor-id=\"1811\" class=\"elementor elementor-1811\" data-elementor-post-type=\"page\">\n\t\t\t\t<section class=\"elementor-element elementor-element-c8e6918 padding-hero e-flex e-con-boxed e-con e-parent\" data-id=\"c8e6918\" data-element_type=\"container\" data-settings=\"{&quot;background_background&quot;:&quot;classic&quot;}\">\n\t\t\t\t\t<div class=\"e-con-inner\">\n\t\t\t\t<div class=\"elementor-element elementor-element-d691505 elementor-widget elementor-widget-heading\" data-id=\"d691505\" data-element_type=\"widget\" data-widget_type=\"heading.default\">\n\t\t\t\t<div class=\"elementor-widget-container\">\n\t\t\t\t\t<h1 class=\"elementor-heading-title elementor-size-default\">Installation d'\u00e9clairage \u00e0 Londres<\/h1>\t\t\t\t<\/div>\n\t\t\t\t<\/div>\n\t\t\t\t<div class=\"elementor-element elementor-element-cf72300 elementor-widget elementor-widget-text-editor\" data-id=\"cf72300\" data-element_type=\"widget\" data-widget_type=\"text-editor.default\">\n\t\t\t\t<div class=\"elementor-widget-container\">\n\t\t\t\t\t\t\t\t\t<p>Des solutions rentables pour les particuliers et les entreprises<\/p>\t\t\t\t\t\t\t\t<\/div>\n\t\t\t\t<\/div>\n\t\t\t\t\t<\/div>\n\t\t\t\t<\/section>\n\t\t<section class=\"elementor-element elementor-element-77c8f4f padding-top-bottom e-flex e-con-boxed e-con e-parent\" data-id=\"77c8f4f\" data-element_type=\"container\">\n\t\t\t\t\t<div class=\"e-con-inner\">\n\t\t\t\t<div class=\"elementor-element elementor-element-ce2ae3b elementor-widget elementor-widget-text-editor\" data-id=\"ce2ae3b\" data-element_type=\"widget\" data-widget_type=\"text-editor.default\">\n\t\t\t\t<div class=\"elementor-widget-container\">\n\t\t\t\t\t\t\t\t\t<h2>DES \u00c9LECTRICIENS QUALIFI\u00c9S POUR LES INSTALLATIONS D'\u00c9CLAIRAGE<\/h2>\t\t\t\t\t\t\t\t<\/div>\n\t\t\t\t<\/div>\n\t\t\t\t<div class=\"elementor-element elementor-element-62b0678 elementor-widget elementor-widget-text-editor\" data-id=\"62b0678\" data-element_type=\"widget\" data-widget_type=\"text-editor.default\">\n\t\t\t\t<div class=\"elementor-widget-container\">\n\t\t\t\t\t\t\t\t\t<p>Il est de notre devoir de nous tenir au courant des derni\u00e8res technologies et innovations sur le march\u00e9 de l'\u00e9clairage intelligent afin de pouvoir adapter le syst\u00e8me \u00e0 vos besoins et \u00e0 votre budget. Si la solution n'exige pas beaucoup de travail et n\u00e9cessite simplement le remplacement de quelques luminaires et accessoires de commutation, nous vous conseillerons en cons\u00e9quence. Si le r\u00e9sultat n\u00e9cessite des changements d'installation plus importants et un rec\u00e2blage, nous pouvons planifier le projet de mani\u00e8re \u00e0 ce qu'il affecte le moins possible votre vie priv\u00e9e ou la continuit\u00e9 de votre activit\u00e9. En tant qu'\u00e9lectriciens qualifi\u00e9s, nous pouvons mener \u00e0 bien le projet, de la conception \u00e0 la mise en service, sans qu'il soit n\u00e9cessaire de faire appel \u00e0 des entreprises de c\u00e2blage tierces.<\/p>\t\t\t\t\t\t\t\t<\/div>\n\t\t\t\t<\/div>\n\t\t\t\t\t<\/div>\n\t\t\t\t<\/section>\n\t\t<section class=\"elementor-element elementor-element-2666ab3 padding-top-bottom e-flex e-con-boxed e-con e-parent\" data-id=\"2666ab3\" data-element_type=\"container\" data-settings=\"{&quot;background_background&quot;:&quot;classic&quot;}\">\n\t\t\t\t\t<div class=\"e-con-inner\">\n\t\t<div class=\"elementor-element elementor-element-20649cc e-con-full e-flex e-con e-child\" data-id=\"20649cc\" data-element_type=\"container\">\n\t\t\t\t<div class=\"elementor-element elementor-element-4d51677 elementor-widget elementor-widget-image\" data-id=\"4d51677\" data-element_type=\"widget\" data-widget_type=\"image.default\">\n\t\t\t\t<div class=\"elementor-widget-container\">\n\t\t\t\t\t\t\t\t\t\t\t\t\t\t\t<img fetchpriority=\"high\" decoding=\"async\" width=\"800\" height=\"533\" src=\"https:\/\/www.prettywired.co.uk\/wp-content\/uploads\/2023\/07\/IMG_6037_38_39_40_41_42_fused-1024x682.jpeg\" class=\"attachment-large size-large wp-image-203\" alt=\"One Canada Square\" srcset=\"https:\/\/www.prettywired.co.uk\/wp-content\/uploads\/2023\/07\/IMG_6037_38_39_40_41_42_fused-1024x682.jpeg 1024w, https:\/\/www.prettywired.co.uk\/wp-content\/uploads\/2023\/07\/IMG_6037_38_39_40_41_42_fused-300x200.jpeg 300w, https:\/\/www.prettywired.co.uk\/wp-content\/uploads\/2023\/07\/IMG_6037_38_39_40_41_42_fused-768x511.jpeg 768w, https:\/\/www.prettywired.co.uk\/wp-content\/uploads\/2023\/07\/IMG_6037_38_39_40_41_42_fused-1536x1023.jpeg 1536w, https:\/\/www.prettywired.co.uk\/wp-content\/uploads\/2023\/07\/IMG_6037_38_39_40_41_42_fused.jpeg 1900w\" sizes=\"(max-width: 800px) 100vw, 800px\" \/>\t\t\t\t\t\t\t\t\t\t\t\t\t\t\t<\/div>\n\t\t\t\t<\/div>\n\t\t\t\t<\/div>\n\t\t<div class=\"elementor-element elementor-element-733428e e-con-full e-flex e-con e-child\" data-id=\"733428e\" data-element_type=\"container\">\n\t\t\t\t<div class=\"elementor-element elementor-element-b584da9 elementor-widget elementor-widget-heading\" data-id=\"b584da9\" data-element_type=\"widget\" data-widget_type=\"heading.default\">\n\t\t\t\t<div class=\"elementor-widget-container\">\n\t\t\t\t\t<h2 class=\"elementor-heading-title elementor-size-default\">Des \u00e9lectriciens de confiance pour l'\u00e9clairage int\u00e9rieur et ext\u00e9rieur\n<\/h2>\t\t\t\t<\/div>\n\t\t\t\t<\/div>\n\t\t\t\t<div class=\"elementor-element elementor-element-72627e1 elementor-widget elementor-widget-text-editor\" data-id=\"72627e1\" data-element_type=\"widget\" data-widget_type=\"text-editor.default\">\n\t\t\t\t<div class=\"elementor-widget-container\">\n\t\t\t\t\t\t\t\t\t<p>Outre l'exp\u00e9rience de l'utilisateur final, qui b\u00e9n\u00e9ficie d'un contr\u00f4le intuitif et automatique de ses solutions d'\u00e9clairage et d'une aide \u00e0 la correction de l'environnement lumineux pour le travail, les loisirs et la d\u00e9tente, nous mettons \u00e9galement l'accent sur la s\u00e9curit\u00e9.<\/p><p>L'\u00e9clairage ext\u00e9rieur rel\u00e8ve de la partie 714 pour les emplacements sp\u00e9ciaux de la norme BS7671. En tant qu'entrepreneurs agr\u00e9\u00e9s par le NICEIC, nous pouvons garantir que votre installation est \u00e0 la fois esth\u00e9tique et conforme, et qu'elle r\u00e9sistera \u00e0 l'\u00e9preuve du temps.<\/p><p>\u00a0<\/p>\t\t\t\t\t\t\t\t<\/div>\n\t\t\t\t<\/div>\n\t\t\t\t<div class=\"elementor-element elementor-element-7b4a8ca btn-arrow elementor-icon-list--layout-traditional elementor-list-item-link-full_width elementor-invisible elementor-widget elementor-widget-icon-list\" data-id=\"7b4a8ca\" data-element_type=\"widget\" data-settings=\"{&quot;_animation&quot;:&quot;fadeInLeft&quot;}\" data-widget_type=\"icon-list.default\">\n\t\t\t\t<div class=\"elementor-widget-container\">\n\t\t\t\t\t\t\t<ul class=\"elementor-icon-list-items\">\n\t\t\t\t\t\t\t<li class=\"elementor-icon-list-item\">\n\t\t\t\t\t\t\t\t\t\t\t<a href=\"\/fr\/nous-contacter\/\">\n\n\t\t\t\t\t\t\t\t\t\t\t\t<span class=\"elementor-icon-list-icon\">\n\t\t\t\t\t\t\t<svg xmlns=\"http:\/\/www.w3.org\/2000\/svg\" width=\"116\" height=\"28\" viewbox=\"0 0 116 28\" fill=\"none\"><path d=\"M80.0001 26L110 14L80.0001 2\" stroke=\"#34586A\" stroke-width=\"4\"><\/path><line x1=\"106.667\" y1=\"14\" x2=\"2.23054e-05\" y2=\"14\" stroke=\"#34586A\" stroke-width=\"4\"><\/line><\/svg>\t\t\t\t\t\t<\/span>\n\t\t\t\t\t\t\t\t\t\t<span class=\"elementor-icon-list-text\">Contacter l'\u00e9quipe<\/span>\n\t\t\t\t\t\t\t\t\t\t\t<\/a>\n\t\t\t\t\t\t\t\t\t<\/li>\n\t\t\t\t\t\t<\/ul>\n\t\t\t\t\t\t<\/div>\n\t\t\t\t<\/div>\n\t\t\t\t<\/div>\n\t\t\t\t<div class=\"elementor-element elementor-element-a6e86b7 elementor-absolute elementor-widget elementor-widget-image\" data-id=\"a6e86b7\" data-element_type=\"widget\" data-settings=\"{&quot;_position&quot;:&quot;absolute&quot;}\" data-widget_type=\"image.default\">\n\t\t\t\t<div class=\"elementor-widget-container\">\n\t\t\t\t\t\t\t\t\t\t\t\t\t\t\t<img decoding=\"async\" width=\"1213\" height=\"800\" src=\"https:\/\/www.prettywired.co.uk\/wp-content\/uploads\/2023\/08\/Linework_body_v3.svg\" class=\"attachment-full size-full wp-image-478\" alt=\"\" \/>\t\t\t\t\t\t\t\t\t\t\t\t\t\t\t<\/div>\n\t\t\t\t<\/div>\n\t\t\t\t\t<\/div>\n\t\t\t\t<\/section>\n\t\t<div class=\"elementor-element elementor-element-67f3b51 e-flex e-con-boxed e-con e-parent\" data-id=\"67f3b51\" data-element_type=\"container\">\n\t\t\t\t\t<div class=\"e-con-inner\">\n\t\t<section class=\"elementor-element elementor-element-f8e6138 padding-top-bottom e-flex e-con-boxed e-con e-child\" data-id=\"f8e6138\" data-element_type=\"container\">\n\t\t\t\t\t<div class=\"e-con-inner\">\n\t\t<div class=\"elementor-element elementor-element-4819191 e-con-full e-flex e-con e-child\" data-id=\"4819191\" data-element_type=\"container\">\n\t\t\t\t<div class=\"elementor-element elementor-element-89fdc73 elementor-widget elementor-widget-text-editor\" data-id=\"89fdc73\" data-element_type=\"widget\" data-widget_type=\"text-editor.default\">\n\t\t\t\t<div class=\"elementor-widget-container\">\n\t\t\t\t\t\t\t\t\t<h2>Installation professionnelle d'\u00e9clairage LED \u00e0 Londres<\/h2><p><br \/>Saviez-vous que, bien qu'il semble exister depuis toujours, l'\u00e9clairage LED est encore une technologie \u00e9mergente ?<\/p><p>L'\u00e9clairage d'un espace rel\u00e8ve de l'art, avec des consid\u00e9rations sur le sujet \u00e9clair\u00e9, la r\u00e9fraction et la tonalit\u00e9 des couleurs. En veillant \u00e0 utiliser des LED ayant un IRC (indice de rendu des couleurs) \u00e9lev\u00e9, plac\u00e9es correctement et grad\u00e9es avec bonheur, nous sommes certains d'obtenir un r\u00e9sultat satisfaisant dans votre environnement.<\/p><p>Qu'il s'agisse d'une nouvelle installation ou d'une modernisation, nous pouvons vous fournir le bon produit, install\u00e9 correctement et en toute s\u00e9curit\u00e9.<\/p>\t\t\t\t\t\t\t\t<\/div>\n\t\t\t\t<\/div>\n\t\t\t\t<\/div>\n\t\t<div class=\"elementor-element elementor-element-8db8362 e-con-full e-flex e-con e-child\" data-id=\"8db8362\" data-element_type=\"container\">\n\t\t\t\t<div class=\"elementor-element elementor-element-ad5c473 elementor-widget elementor-widget-image\" data-id=\"ad5c473\" data-element_type=\"widget\" data-widget_type=\"image.default\">\n\t\t\t\t<div class=\"elementor-widget-container\">\n\t\t\t\t\t\t\t\t\t\t\t\t\t\t\t<img decoding=\"async\" width=\"800\" height=\"533\" src=\"https:\/\/www.prettywired.co.uk\/wp-content\/uploads\/2023\/07\/IMG_5896-1024x682.jpeg\" class=\"attachment-large size-large wp-image-194\" alt=\"One Canada Square\" srcset=\"https:\/\/www.prettywired.co.uk\/wp-content\/uploads\/2023\/07\/IMG_5896-1024x682.jpeg 1024w, https:\/\/www.prettywired.co.uk\/wp-content\/uploads\/2023\/07\/IMG_5896-300x200.jpeg 300w, https:\/\/www.prettywired.co.uk\/wp-content\/uploads\/2023\/07\/IMG_5896-768x511.jpeg 768w, https:\/\/www.prettywired.co.uk\/wp-content\/uploads\/2023\/07\/IMG_5896-1536x1023.jpeg 1536w, https:\/\/www.prettywired.co.uk\/wp-content\/uploads\/2023\/07\/IMG_5896.jpeg 1900w\" sizes=\"(max-width: 800px) 100vw, 800px\" \/>\t\t\t\t\t\t\t\t\t\t\t\t\t\t\t<\/div>\n\t\t\t\t<\/div>\n\t\t\t\t<\/div>\n\t\t\t\t\t<\/div>\n\t\t\t\t<\/section>\n\t\t\t\t\t<\/div>\n\t\t\t\t<\/div>\n\t\t<section class=\"elementor-element elementor-element-18e40dd padding-top-bottom e-flex e-con-boxed e-con e-parent\" data-id=\"18e40dd\" data-element_type=\"container\" data-settings=\"{&quot;background_background&quot;:&quot;classic&quot;}\">\n\t\t\t\t\t<div class=\"e-con-inner\">\n\t\t<div class=\"elementor-element elementor-element-65f5e54 e-con-full e-flex e-con e-child\" data-id=\"65f5e54\" data-element_type=\"container\">\n\t\t\t\t<div class=\"elementor-element elementor-element-faf17d0 elementor-widget elementor-widget-image\" data-id=\"faf17d0\" data-element_type=\"widget\" data-widget_type=\"image.default\">\n\t\t\t\t<div class=\"elementor-widget-container\">\n\t\t\t\t\t\t\t\t\t\t\t\t\t\t\t<img loading=\"lazy\" decoding=\"async\" width=\"800\" height=\"721\" src=\"https:\/\/www.prettywired.co.uk\/wp-content\/uploads\/2024\/10\/IMG_6471-copy-2-1024x923.jpg\" class=\"attachment-large size-large wp-image-1788\" alt=\"Test de l&#039;\u00e9clairage de secours : Votre guide complet\" srcset=\"https:\/\/www.prettywired.co.uk\/wp-content\/uploads\/2024\/10\/IMG_6471-copy-2-1024x923.jpg 1024w, https:\/\/www.prettywired.co.uk\/wp-content\/uploads\/2024\/10\/IMG_6471-copy-2-300x270.jpg 300w, https:\/\/www.prettywired.co.uk\/wp-content\/uploads\/2024\/10\/IMG_6471-copy-2-768x692.jpg 768w, https:\/\/www.prettywired.co.uk\/wp-content\/uploads\/2024\/10\/IMG_6471-copy-2-1536x1384.jpg 1536w, https:\/\/www.prettywired.co.uk\/wp-content\/uploads\/2024\/10\/IMG_6471-copy-2-2048x1845.jpg 2048w\" sizes=\"(max-width: 800px) 100vw, 800px\" \/>\t\t\t\t\t\t\t\t\t\t\t\t\t\t\t<\/div>\n\t\t\t\t<\/div>\n\t\t\t\t<\/div>\n\t\t<div class=\"elementor-element elementor-element-491a07a e-con-full e-flex e-con e-child\" data-id=\"491a07a\" data-element_type=\"container\">\n\t\t\t\t<div class=\"elementor-element elementor-element-47e509e elementor-widget elementor-widget-heading\" data-id=\"47e509e\" data-element_type=\"widget\" data-widget_type=\"heading.default\">\n\t\t\t\t<div class=\"elementor-widget-container\">\n\t\t\t\t\t<h2 class=\"elementor-heading-title elementor-size-default\">Installation de l'\u00e9clairage de secours \u00e0 Londres\n<\/h2>\t\t\t\t<\/div>\n\t\t\t\t<\/div>\n\t\t\t\t<div class=\"elementor-element elementor-element-31a6587 elementor-widget elementor-widget-text-editor\" data-id=\"31a6587\" data-element_type=\"widget\" data-widget_type=\"text-editor.default\">\n\t\t\t\t<div class=\"elementor-widget-container\">\n\t\t\t\t\t\t\t\t\t<p>L'\u00e9clairage de s\u00e9curit\u00e9 est une pr\u00e9occupation \u00e0 la fois domestique et commerciale. \u00c0 la suite de la restructuration du secteur locatif et du travail acharn\u00e9 du minist\u00e8re de la mise \u00e0 niveau, les locations priv\u00e9es et les HMO font l'objet d'une attention particuli\u00e8re de la part des conseils locaux et des arrondissements pour tout ce qui concerne la s\u00e9curit\u00e9 incendie, et la sant\u00e9 et la s\u00e9curit\u00e9 en g\u00e9n\u00e9ral.<\/p><p>L'\u00e9clairage de secours rel\u00e8ve \u00e0 la fois de la s\u00e9curit\u00e9 incendie et de la sant\u00e9 et de la s\u00e9curit\u00e9. Il faut \u00e9galement tenir compte du fait que 95% des installations d'\u00e9clairage de secours en Angleterre ne sont pas conformes. Nous pouvons concevoir, installer et entretenir des \u00e9clairages de secours conformes \u00e0 la norme BS 5266-1, tout en respectant vos pr\u00e9f\u00e9rences esth\u00e9tiques.<\/p><p>\u00a0<\/p>\t\t\t\t\t\t\t\t<\/div>\n\t\t\t\t<\/div>\n\t\t\t\t<div class=\"elementor-element elementor-element-3e3a749 btn-arrow elementor-icon-list--layout-traditional elementor-list-item-link-full_width elementor-invisible elementor-widget elementor-widget-icon-list\" data-id=\"3e3a749\" data-element_type=\"widget\" data-settings=\"{&quot;_animation&quot;:&quot;fadeInLeft&quot;}\" data-widget_type=\"icon-list.default\">\n\t\t\t\t<div class=\"elementor-widget-container\">\n\t\t\t\t\t\t\t<ul class=\"elementor-icon-list-items\">\n\t\t\t\t\t\t\t<li class=\"elementor-icon-list-item\">\n\t\t\t\t\t\t\t\t\t\t\t<a href=\"\/fr\/nous-contacter\/\">\n\n\t\t\t\t\t\t\t\t\t\t\t\t<span class=\"elementor-icon-list-icon\">\n\t\t\t\t\t\t\t<svg xmlns=\"http:\/\/www.w3.org\/2000\/svg\" width=\"116\" height=\"28\" viewbox=\"0 0 116 28\" fill=\"none\"><path d=\"M80.0001 26L110 14L80.0001 2\" stroke=\"#34586A\" stroke-width=\"4\"><\/path><line x1=\"106.667\" y1=\"14\" x2=\"2.23054e-05\" y2=\"14\" stroke=\"#34586A\" stroke-width=\"4\"><\/line><\/svg>\t\t\t\t\t\t<\/span>\n\t\t\t\t\t\t\t\t\t\t<span class=\"elementor-icon-list-text\">Contacter l'\u00e9quipe<\/span>\n\t\t\t\t\t\t\t\t\t\t\t<\/a>\n\t\t\t\t\t\t\t\t\t<\/li>\n\t\t\t\t\t\t<\/ul>\n\t\t\t\t\t\t<\/div>\n\t\t\t\t<\/div>\n\t\t\t\t<\/div>\n\t\t\t\t<div class=\"elementor-element elementor-element-95bb213 elementor-absolute elementor-widget elementor-widget-image\" data-id=\"95bb213\" data-element_type=\"widget\" data-settings=\"{&quot;_position&quot;:&quot;absolute&quot;}\" data-widget_type=\"image.default\">\n\t\t\t\t<div class=\"elementor-widget-container\">\n\t\t\t\t\t\t\t\t\t\t\t\t\t\t\t<img decoding=\"async\" width=\"1213\" height=\"800\" src=\"https:\/\/www.prettywired.co.uk\/wp-content\/uploads\/2023\/08\/Linework_body_v3.svg\" class=\"attachment-full size-full wp-image-478\" alt=\"\" \/>\t\t\t\t\t\t\t\t\t\t\t\t\t\t\t<\/div>\n\t\t\t\t<\/div>\n\t\t\t\t\t<\/div>\n\t\t\t\t<\/section>\n\t\t<section class=\"elementor-element elementor-element-88a59a9 e-flex e-con-boxed e-con e-parent\" data-id=\"88a59a9\" data-element_type=\"container\" data-settings=\"{&quot;background_background&quot;:&quot;gradient&quot;}\">\n\t\t\t\t\t<div class=\"e-con-inner\">\n\t\t\t\t<div class=\"elementor-element elementor-element-b9a1904 elementor-widget elementor-widget-template\" data-id=\"b9a1904\" data-element_type=\"widget\" data-widget_type=\"template.default\">\n\t\t\t\t<div class=\"elementor-widget-container\">\n\t\t\t\t\t\t\t<div class=\"elementor-template\">\n\t\t\t\t\t<div data-elementor-type=\"section\" data-elementor-id=\"241\" class=\"elementor elementor-241\" data-elementor-post-type=\"elementor_library\">\n\t\t\t<div class=\"elementor-element elementor-element-6254d86 e-flex e-con-boxed elementor-invisible e-con e-parent\" data-id=\"6254d86\" data-element_type=\"container\" data-settings=\"{&quot;background_background&quot;:&quot;classic&quot;,&quot;animation&quot;:&quot;fadeInUp&quot;}\">\n\t\t\t\t\t<div class=\"e-con-inner\">\n\t\t<div class=\"elementor-element elementor-element-590f031 e-con-full e-flex e-con e-child\" data-id=\"590f031\" data-element_type=\"container\">\n\t\t\t\t<div class=\"elementor-element elementor-element-020ca65 elementor-widget elementor-widget-image\" data-id=\"020ca65\" data-element_type=\"widget\" data-widget_type=\"image.default\">\n\t\t\t\t<div class=\"elementor-widget-container\">\n\t\t\t\t\t\t\t\t\t\t\t\t\t\t\t<img loading=\"lazy\" decoding=\"async\" width=\"291\" height=\"458\" src=\"https:\/\/www.prettywired.co.uk\/wp-content\/uploads\/2023\/07\/pw-hero-lightbulb.svg\" class=\"attachment-full size-full wp-image-46\" alt=\"Ampoule P W\" \/>\t\t\t\t\t\t\t\t\t\t\t\t\t\t\t<\/div>\n\t\t\t\t<\/div>\n\t\t\t\t<\/div>\n\t\t<div class=\"elementor-element elementor-element-109ea9f e-con-full e-flex e-con e-child\" data-id=\"109ea9f\" data-element_type=\"container\">\n\t\t\t\t<div class=\"elementor-element elementor-element-25d9cf0 elementor-widget elementor-widget-heading\" data-id=\"25d9cf0\" data-element_type=\"widget\" data-widget_type=\"heading.default\">\n\t\t\t\t<div class=\"elementor-widget-container\">\n\t\t\t\t\t<h2 class=\"elementor-heading-title elementor-size-default\">Comment pouvons-nous vous aider ?<\/h2>\t\t\t\t<\/div>\n\t\t\t\t<\/div>\n\t\t\t\t<div class=\"elementor-element elementor-element-9ad1056 elementor-widget elementor-widget-text-editor\" data-id=\"9ad1056\" data-element_type=\"widget\" data-widget_type=\"text-editor.default\">\n\t\t\t\t<div class=\"elementor-widget-container\">\n\t\t\t\t\t\t\t\t\t<p><span style=\"white-space-collapse: preserve;\">Vous pensez que nous pourrions \u00eatre le partenaire id\u00e9al pour votre projet ? <\/span><span style=\"white-space-collapse: preserve;\">Appelez l'\u00e9quipe d\u00e8s aujourd'hui et nous vous dirons comment nous pouvons vous aider.<br \/><\/span><\/p>\t\t\t\t\t\t\t\t<\/div>\n\t\t\t\t<\/div>\n\t\t\t\t<div class=\"elementor-element elementor-element-2569b50 elementor-widget elementor-widget-button\" data-id=\"2569b50\" data-element_type=\"widget\" data-widget_type=\"button.default\">\n\t\t\t\t<div class=\"elementor-widget-container\">\n\t\t\t\t\t\t\t\t\t<div class=\"elementor-button-wrapper\">\n\t\t\t\t\t<a class=\"elementor-button elementor-button-link elementor-size-sm\" href=\"\/fr\/nous-contacter\/\">\n\t\t\t\t\t\t<span class=\"elementor-button-content-wrapper\">\n\t\t\t\t\t\t\t\t\t<span class=\"elementor-button-text\">Prendre contact<\/span>\n\t\t\t\t\t<\/span>\n\t\t\t\t\t<\/a>\n\t\t\t\t<\/div>\n\t\t\t\t\t\t\t\t<\/div>\n\t\t\t\t<\/div>\n\t\t\t\t<\/div>\n\t\t\t\t\t<\/div>\n\t\t\t\t<\/div>\n\t\t\t\t<\/div>\n\t\t\t\t<\/div>\n\t\t\t\t\t\t<\/div>\n\t\t\t\t<\/div>\n\t\t\t\t\t<\/div>\n\t\t\t\t<\/section>\n\t\t\t\t<\/div>","protected":false},"excerpt":{"rendered":"<p>Installation d'\u00e9clairage London Solutions rentables pour les maisons et les entreprises \u00c9LECTRICENS QUALIFI\u00c9S POUR LES INSTALLATIONS D'\u00c9CLAIRAGE L'un de nos devoirs est de rester au fait des derni\u00e8res technologies et innovations sur le march\u00e9 de l'\u00e9clairage intelligent afin de pouvoir associer le syst\u00e8me ad\u00e9quat \u00e0 vos exigences et \u00e0 votre budget. Si la solution n'exige pas de main-d'\u0153uvre et qu'elle est simplement [...]<\/p>","protected":false},"author":1,"featured_media":0,"parent":0,"menu_order":20,"comment_status":"closed","ping_status":"closed","template":"","meta":{"footnotes":""},"class_list":["post-1811","page","type-page","status-publish","hentry"],"_links":{"self":[{"href":"https:\/\/www.prettywired.co.uk\/fr\/wp-json\/wp\/v2\/pages\/1811","targetHints":{"allow":["GET"]}}],"collection":[{"href":"https:\/\/www.prettywired.co.uk\/fr\/wp-json\/wp\/v2\/pages"}],"about":[{"href":"https:\/\/www.prettywired.co.uk\/fr\/wp-json\/wp\/v2\/types\/page"}],"author":[{"embeddable":true,"href":"https:\/\/www.prettywired.co.uk\/fr\/wp-json\/wp\/v2\/users\/1"}],"replies":[{"embeddable":true,"href":"https:\/\/www.prettywired.co.uk\/fr\/wp-json\/wp\/v2\/comments?post=1811"}],"version-history":[{"count":26,"href":"https:\/\/www.prettywired.co.uk\/fr\/wp-json\/wp\/v2\/pages\/1811\/revisions"}],"predecessor-version":[{"id":502113,"href":"https:\/\/www.prettywired.co.uk\/fr\/wp-json\/wp\/v2\/pages\/1811\/revisions\/502113"}],"wp:attachment":[{"href":"https:\/\/www.prettywired.co.uk\/fr\/wp-json\/wp\/v2\/media?parent=1811"}],"curies":[{"name":"wp","href":"https:\/\/api.w.org\/{rel}","templated":true}]}}