{"id":1733,"date":"2024-09-05T14:47:21","date_gmt":"2024-09-05T14:47:21","guid":{"rendered":"https:\/\/www.prettywired.co.uk\/?page_id=1733"},"modified":"2024-09-10T15:44:50","modified_gmt":"2024-09-10T15:44:50","slug":"installation-dun-nid-a-londres","status":"publish","type":"page","link":"https:\/\/www.prettywired.co.uk\/fr\/installation-dun-nid-a-londres\/","title":{"rendered":"Installation de Nest \u00e0 Londres"},"content":{"rendered":"<div data-elementor-type=\"wp-page\" data-elementor-id=\"1733\" class=\"elementor elementor-1733\" data-elementor-post-type=\"page\">\n\t\t\t\t\t\t<section class=\"elementor-section elementor-top-section elementor-element elementor-element-30ff7480 elementor-section-boxed elementor-section-height-default elementor-section-height-default\" data-id=\"30ff7480\" data-element_type=\"section\">\n\t\t\t\t\t\t<div class=\"elementor-container elementor-column-gap-default\">\n\t\t\t\t\t<div class=\"elementor-column elementor-col-100 elementor-top-column elementor-element elementor-element-746246d2\" data-id=\"746246d2\" data-element_type=\"column\">\n\t\t\t<div class=\"elementor-widget-wrap elementor-element-populated\">\n\t\t\t\t\t\t<div class=\"elementor-element elementor-element-329e429 elementor-widget elementor-widget-image\" data-id=\"329e429\" data-element_type=\"widget\" data-widget_type=\"image.default\">\n\t\t\t\t<div class=\"elementor-widget-container\">\n\t\t\t\t\t\t\t\t\t\t\t\t\t\t\t<img fetchpriority=\"high\" decoding=\"async\" width=\"768\" height=\"517\" src=\"https:\/\/www.prettywired.co.uk\/wp-content\/uploads\/2024\/09\/Untitled-design-38-768x517.png\" class=\"attachment-medium_large size-medium_large wp-image-1735\" alt=\"surveiller l&#039;utilisation de l&#039;\u00e9nergie -\" srcset=\"https:\/\/www.prettywired.co.uk\/wp-content\/uploads\/2024\/09\/Untitled-design-38-768x517.png 768w, https:\/\/www.prettywired.co.uk\/wp-content\/uploads\/2024\/09\/Untitled-design-38-300x202.png 300w, https:\/\/www.prettywired.co.uk\/wp-content\/uploads\/2024\/09\/Untitled-design-38.png 880w\" sizes=\"(max-width: 768px) 100vw, 768px\" \/>\t\t\t\t\t\t\t\t\t\t\t\t\t\t\t<\/div>\n\t\t\t\t<\/div>\n\t\t\t\t<div class=\"elementor-element elementor-element-f25179f elementor-toc--minimized-on-tablet elementor-widget elementor-widget-table-of-contents\" data-id=\"f25179f\" data-element_type=\"widget\" data-settings=\"{&quot;exclude_headings_by_selector&quot;:[],&quot;headings_by_tags&quot;:[&quot;h2&quot;,&quot;h3&quot;,&quot;h4&quot;,&quot;h5&quot;,&quot;h6&quot;],&quot;marker_view&quot;:&quot;numbers&quot;,&quot;no_headings_message&quot;:&quot;No headings were found on this page.&quot;,&quot;minimize_box&quot;:&quot;yes&quot;,&quot;minimized_on&quot;:&quot;tablet&quot;,&quot;hierarchical_view&quot;:&quot;yes&quot;,&quot;min_height&quot;:{&quot;unit&quot;:&quot;px&quot;,&quot;size&quot;:&quot;&quot;,&quot;sizes&quot;:[]},&quot;min_height_tablet&quot;:{&quot;unit&quot;:&quot;px&quot;,&quot;size&quot;:&quot;&quot;,&quot;sizes&quot;:[]},&quot;min_height_mobile&quot;:{&quot;unit&quot;:&quot;px&quot;,&quot;size&quot;:&quot;&quot;,&quot;sizes&quot;:[]}}\" data-widget_type=\"table-of-contents.default\">\n\t\t\t\t<div class=\"elementor-widget-container\">\n\t\t\t\t\t\t\t\t\t<div class=\"elementor-toc__header\">\n\t\t\t\t\t\t<h4 class=\"elementor-toc__header-title\">\n\t\t\t\tTable des mati\u00e8res\t\t\t<\/h4>\n\t\t\t\t\t\t\t\t\t\t<div class=\"elementor-toc__toggle-button elementor-toc__toggle-button--expand\" role=\"button\" tabindex=\"0\" aria-controls=\"elementor-toc__f25179f\" aria-expanded=\"true\" aria-label=\"Ouvrir la table des mati\u00e8res\" data-no-translation-aria-label=\"\"><i aria-hidden=\"true\" class=\"fas fa-chevron-down\"><\/i><\/div>\n\t\t\t\t<div class=\"elementor-toc__toggle-button elementor-toc__toggle-button--collapse\" role=\"button\" tabindex=\"0\" aria-controls=\"elementor-toc__f25179f\" aria-expanded=\"true\" aria-label=\"Fermer la table des mati\u00e8res\" data-no-translation-aria-label=\"\"><i aria-hidden=\"true\" class=\"fas fa-chevron-up\"><\/i><\/div>\n\t\t\t\t\t<\/div>\n\t\t\t\t<div id=\"elementor-toc__f25179f\" class=\"elementor-toc__body\">\n\t\t\t<div class=\"elementor-toc__spinner-container\">\n\t\t\t\t<i class=\"elementor-toc__spinner eicon-animation-spin eicon-loading\" aria-hidden=\"true\"><\/i>\t\t\t<\/div>\n\t\t<\/div>\n\t\t\t\t\t\t<\/div>\n\t\t\t\t<\/div>\n\t\t\t\t<div class=\"elementor-element elementor-element-359ac161 elementor-widget elementor-widget-text-editor\" data-id=\"359ac161\" data-element_type=\"widget\" data-widget_type=\"text-editor.default\">\n\t\t\t\t<div class=\"elementor-widget-container\">\n\t\t\t\t\t\t\t\t\t<h2>Nest Installation London : Votre acc\u00e8s \u00e0 la vie intelligente<\/h2><p>Bienvenue dans l'avenir du confort domestique gr\u00e2ce \u00e0 nos services d'installation de Nest \u00e0 Londres ! Chez Pretty Wired, nous sommes sp\u00e9cialis\u00e9s dans l'int\u00e9gration transparente des thermostats intelligents Nest dans votre maison, vous garantissant ainsi une efficacit\u00e9 \u00e9nerg\u00e9tique et un confort accru. Notre \u00e9quipe d'experts se consacre \u00e0 fournir une installation et une assistance de premier ordre, rendant la technologie de la maison intelligente accessible et sans tracas.<\/p>\t\t\t\t\t\t\t\t<\/div>\n\t\t\t\t<\/div>\n\t\t\t\t<div class=\"elementor-element elementor-element-ff6530f elementor-widget elementor-widget-image\" data-id=\"ff6530f\" data-element_type=\"widget\" data-widget_type=\"image.default\">\n\t\t\t\t<div class=\"elementor-widget-container\">\n\t\t\t\t\t\t\t\t\t\t\t\t\t\t\t<img decoding=\"async\" width=\"768\" height=\"1\" src=\"https:\/\/www.prettywired.co.uk\/wp-content\/uploads\/2023\/07\/Google-Nest-1.svg\" class=\"attachment-medium_large size-medium_large wp-image-570\" alt=\"\" \/>\t\t\t\t\t\t\t\t\t\t\t\t\t\t\t<\/div>\n\t\t\t\t<\/div>\n\t\t\t\t<div class=\"elementor-element elementor-element-3e7d2e3 elementor-widget elementor-widget-text-editor\" data-id=\"3e7d2e3\" data-element_type=\"widget\" data-widget_type=\"text-editor.default\">\n\t\t\t\t<div class=\"elementor-widget-container\">\n\t\t\t\t\t\t\t\t\t<h2>Installateurs Nest certifi\u00e9s pour l'int\u00e9gration de la maison intelligente<\/h2><p>Lorsqu'il s'agit d'installer votre thermostat intelligent Nest, ne faites confiance qu'\u00e0 des professionnels certifi\u00e9s. Notre \u00e9quipe d'installateurs agr\u00e9\u00e9s Nest \u00e0 Londres dispose de l'expertise et de la formation n\u00e9cessaires pour g\u00e9rer tous les aspects de l'installation de votre maison intelligente. Avec des ann\u00e9es d'exp\u00e9rience et une compr\u00e9hension approfondie de la technologie intelligente, nos installateurs s'assurent que votre thermostat Nest est install\u00e9 correctement et optimis\u00e9 pour votre environnement domestique. En choisissant des professionnels certifi\u00e9s, vous garantissez non seulement une installation parfaite, mais vous profitez \u00e9galement des avantages d'une performance fiable et durable.<\/p><h2>Am\u00e9liorez votre maison avec les services d'installation de Nest \u00e0 Londres<\/h2><p>Transformez votre espace de vie avec nos services d'installation Nest. L'installation d'un thermostat intelligent Nest ou d'une sonnette Nest dans votre maison est plus qu'un luxe : c'est un pas vers un mode de vie plus intelligent et plus efficace. Notre \u00e9quipe bas\u00e9e \u00e0 Londres propose des services d'installation complets qui vont de la consultation initiale \u00e0 l'installation et aux tests finaux. Nous travaillons en \u00e9troite collaboration avec vous pour comprendre les besoins et les pr\u00e9f\u00e9rences uniques de votre maison, en veillant \u00e0 ce que votre nouveau thermostat soit adapt\u00e9 pour offrir un confort optimal et des \u00e9conomies d'\u00e9nergie.<\/p><h2>Installation du nid \u00e0 un prix abordable par des \u00e9lectriciens experts<\/h2><p>Chez Pretty Wired, nous pensons que la technologie de pointe doit \u00eatre accessible \u00e0 tous. C'est pourquoi nous proposons des <a href=\"https:\/\/store.google.com\/gb\/product\/nest_learning_thermostat_3rd_gen?hl=en-GB&amp;pli=1\" target=\"_blank\" rel=\"noopener\">Google Nest<\/a> Notre \u00e9quipe d'\u00e9lectriciens experts s'engage \u00e0 fournir un service exceptionnel \u00e0 des prix comp\u00e9titifs. Notre \u00e9quipe d'\u00e9lectriciens experts s'engage \u00e0 fournir un service exceptionnel \u00e0 des prix comp\u00e9titifs. Nous sommes fiers de la transparence de nos prix et de notre politique sans frais cach\u00e9s, qui vous garantit le meilleur rapport qualit\u00e9-prix pour votre investissement. Que vous souhaitiez remplacer un thermostat traditionnel ou installer un syst\u00e8me intelligent pour la premi\u00e8re fois, nos experts sont l\u00e0 pour rendre le processus fluide et rentable.<\/p><h2>Le choix de confiance de London pour l'installation du thermostat intelligent Nest<\/h2><p>En ce qui concerne le thermostat intelligent Nest install\u00e9 \u00e0 Londres, <a href=\"https:\/\/www.prettywired.co.uk\/fr\/\">Joliment c\u00e2bl\u00e9<\/a> est le <a href=\"https:\/\/www.checkatrade.com\/trades\/prettywiredlimited\" target=\"_blank\" rel=\"noopener\">un choix de confiance<\/a> pour les propri\u00e9taires qui recherchent un service fiable et professionnel. Notre r\u00e9putation repose sur des ann\u00e9es d'installations r\u00e9ussies et de clients satisfaits. Nous comprenons que chaque maison est diff\u00e9rente et nous abordons chaque projet avec l'intention de fournir une solution personnalis\u00e9e qui r\u00e9pond \u00e0 vos besoins sp\u00e9cifiques. De la consultation initiale \u00e0 la v\u00e9rification finale, notre \u00e9quipe se consacre \u00e0 fournir une exp\u00e9rience sup\u00e9rieure, en s'assurant que votre thermostat Nest est pleinement op\u00e9rationnel et parfaitement adapt\u00e9 \u00e0 votre style de vie.<\/p><h2>Pourquoi nous choisir ?<\/h2><ul><li><strong>Expertise et exp\u00e9rience :<\/strong> Notre \u00e9quipe est compos\u00e9e de professionnels qualifi\u00e9s ayant une grande exp\u00e9rience de la technologie des maisons intelligentes et de l'installation de Nest.<\/li><li><strong>Installateurs certifi\u00e9s :<\/strong> Nous sommes officiellement certifi\u00e9s par Nest, ce qui garantit des normes \u00e9lev\u00e9es de service et d'excellence technique.<\/li><li><strong>Satisfaction des clients :<\/strong> Nous accordons la priorit\u00e9 \u00e0 votre satisfaction et visons \u00e0 d\u00e9passer vos attentes \u00e0 chaque installation.<\/li><li><strong>Une tarification transparente :<\/strong> Vous b\u00e9n\u00e9ficiez de tarifs comp\u00e9titifs et d'une tarification claire, sans frais cach\u00e9s.<\/li><li><strong>Soutien global :<\/strong> De l'installation \u00e0 l'assistance continue, nous sommes l\u00e0 pour vous aider \u00e0 chaque \u00e9tape.<\/li><\/ul><p>Pr\u00eat \u00e0 passer \u00e0 l'action ? Contactez simplement <a href=\"https:\/\/www.prettywired.co.uk\/fr\/\">Joliment c\u00e2bl\u00e9<\/a> sur <a href=\"tel:02045421890\">020 4542 1890<\/a>Pour plus d'informations, contactez-nous \u00e0 l'adresse info@prettywired.co.uk, ou envoyez-nous un message ici.<\/p>\t\t\t\t\t\t\t\t<\/div>\n\t\t\t\t<\/div>\n\t\t\t\t<div class=\"elementor-element elementor-element-da6a44a elementor-cta--skin-classic elementor-animated-content elementor-bg-transform elementor-bg-transform-zoom-in elementor-widget elementor-widget-call-to-action\" data-id=\"da6a44a\" data-element_type=\"widget\" data-widget_type=\"call-to-action.default\">\n\t\t\t\t<div class=\"elementor-widget-container\">\n\t\t\t\t\t\t\t<div class=\"elementor-cta\">\n\t\t\t\t\t<div class=\"elementor-cta__bg-wrapper\">\n\t\t\t\t<div class=\"elementor-cta__bg elementor-bg\" style=\"background-image: url(https:\/\/www.prettywired.co.uk\/wp-content\/uploads\/2023\/08\/Screenshot-2023-08-18-at-12.57.34-1024x690.jpg);\" role=\"img\" aria-label=\"Capture d&#039;\u00e9cran le 2023-08-18 \u00e0 12.57.34\"><\/div>\n\t\t\t\t<div class=\"elementor-cta__bg-overlay\"><\/div>\n\t\t\t<\/div>\n\t\t\t\t\t\t\t<div class=\"elementor-cta__content\">\n\t\t\t\t\n\t\t\t\t\t\t\t\t\t<h2 class=\"elementor-cta__title elementor-cta__content-item elementor-content-item\">\n\t\t\t\t\t\tConsultez nos tarifs ici\t\t\t\t\t<\/h2>\n\t\t\t\t\n\t\t\t\t\t\t\t\t\t<div class=\"elementor-cta__description elementor-cta__content-item elementor-content-item\">\n\t\t\t\t\t\tNotre objectif est de vous aider \u00e0 atteindre vos objectifs tout en respectant votre budget. C'est pourquoi nous sommes transparents sur nos tarifs, afin que vous sachiez ce que tout co\u00fbte et pourquoi.\t\t\t\t\t<\/div>\n\t\t\t\t\n\t\t\t\t\t\t\t\t\t<div class=\"elementor-cta__button-wrapper elementor-cta__content-item elementor-content-item\">\n\t\t\t\t\t<a class=\"elementor-cta__button elementor-button elementor-size-\" href=\"https:\/\/www.prettywired.co.uk\/fr\/taux\/\">\n\t\t\t\t\t\tCliquez ici\t\t\t\t\t<\/a>\n\t\t\t\t\t<\/div>\n\t\t\t\t\t\t\t<\/div>\n\t\t\t\t\t\t<\/div>\n\t\t\t\t\t\t<\/div>\n\t\t\t\t<\/div>\n\t\t\t\t\t<\/div>\n\t\t<\/div>\n\t\t\t\t\t<\/div>\n\t\t<\/section>\n\t\t<div class=\"elementor-element elementor-element-7bf1b9f e-flex e-con-boxed e-con e-parent\" data-id=\"7bf1b9f\" data-element_type=\"container\">\n\t\t\t\t\t<div class=\"e-con-inner\">\n\t\t\t\t\t<\/div>\n\t\t\t\t<\/div>\n\t\t\t\t<\/div>","protected":false},"excerpt":{"rendered":"<p>Table des mati\u00e8res Installation de Nest \u00e0 Londres : votre acc\u00e8s \u00e0 la vie intelligente Bienvenue dans l'avenir du confort domestique avec nos services d'installation de Nest \u00e0 Londres ! Chez Pretty Wired, nous sommes sp\u00e9cialis\u00e9s dans l'int\u00e9gration transparente des thermostats intelligents Nest dans votre maison, vous garantissant ainsi une efficacit\u00e9 \u00e9nerg\u00e9tique et un confort accru. Notre \u00e9quipe d'experts se consacre [...]<\/p>","protected":false},"author":1,"featured_media":0,"parent":0,"menu_order":0,"comment_status":"closed","ping_status":"closed","template":"","meta":{"footnotes":""},"class_list":["post-1733","page","type-page","status-publish","hentry"],"_links":{"self":[{"href":"https:\/\/www.prettywired.co.uk\/fr\/wp-json\/wp\/v2\/pages\/1733","targetHints":{"allow":["GET"]}}],"collection":[{"href":"https:\/\/www.prettywired.co.uk\/fr\/wp-json\/wp\/v2\/pages"}],"about":[{"href":"https:\/\/www.prettywired.co.uk\/fr\/wp-json\/wp\/v2\/types\/page"}],"author":[{"embeddable":true,"href":"https:\/\/www.prettywired.co.uk\/fr\/wp-json\/wp\/v2\/users\/1"}],"replies":[{"embeddable":true,"href":"https:\/\/www.prettywired.co.uk\/fr\/wp-json\/wp\/v2\/comments?post=1733"}],"version-history":[{"count":5,"href":"https:\/\/www.prettywired.co.uk\/fr\/wp-json\/wp\/v2\/pages\/1733\/revisions"}],"predecessor-version":[{"id":1739,"href":"https:\/\/www.prettywired.co.uk\/fr\/wp-json\/wp\/v2\/pages\/1733\/revisions\/1739"}],"wp:attachment":[{"href":"https:\/\/www.prettywired.co.uk\/fr\/wp-json\/wp\/v2\/media?parent=1733"}],"curies":[{"name":"wp","href":"https:\/\/api.w.org\/{rel}","templated":true}]}}