{"id":1707,"date":"2024-09-04T09:52:34","date_gmt":"2024-09-04T09:52:34","guid":{"rendered":"https:\/\/www.prettywired.co.uk\/?page_id=1707"},"modified":"2024-09-04T09:55:04","modified_gmt":"2024-09-04T09:55:04","slug":"installation-dalarme-incendie-londres","status":"publish","type":"page","link":"https:\/\/www.prettywired.co.uk\/fr\/installation-dalarme-incendie-londres\/","title":{"rendered":"Installation d'alarme incendie \u00e0 Londres"},"content":{"rendered":"<div data-elementor-type=\"wp-page\" data-elementor-id=\"1707\" class=\"elementor elementor-1707\" data-elementor-post-type=\"page\">\n\t\t\t\t\t\t<section class=\"elementor-section elementor-top-section elementor-element elementor-element-30ff7480 elementor-section-boxed elementor-section-height-default elementor-section-height-default\" data-id=\"30ff7480\" data-element_type=\"section\">\n\t\t\t\t\t\t<div class=\"elementor-container elementor-column-gap-default\">\n\t\t\t\t\t<div class=\"elementor-column elementor-col-100 elementor-top-column elementor-element elementor-element-746246d2\" data-id=\"746246d2\" data-element_type=\"column\">\n\t\t\t<div class=\"elementor-widget-wrap elementor-element-populated\">\n\t\t\t\t\t\t<div class=\"elementor-element elementor-element-329e429 elementor-widget elementor-widget-image\" data-id=\"329e429\" data-element_type=\"widget\" data-widget_type=\"image.default\">\n\t\t\t\t<div class=\"elementor-widget-container\">\n\t\t\t\t\t\t\t\t\t\t\t\t\t\t\t<img fetchpriority=\"high\" decoding=\"async\" width=\"768\" height=\"511\" src=\"https:\/\/www.prettywired.co.uk\/wp-content\/uploads\/2024\/07\/Top-Tips-for-Choosing-the-Right-Fire-Alarm-System-768x511.png\" class=\"attachment-medium_large size-medium_large wp-image-1701\" alt=\"Conseils pour choisir le bon syst\u00e8me d&#039;alarme incendie\" srcset=\"https:\/\/www.prettywired.co.uk\/wp-content\/uploads\/2024\/07\/Top-Tips-for-Choosing-the-Right-Fire-Alarm-System-768x511.png 768w, https:\/\/www.prettywired.co.uk\/wp-content\/uploads\/2024\/07\/Top-Tips-for-Choosing-the-Right-Fire-Alarm-System-300x199.png 300w, https:\/\/www.prettywired.co.uk\/wp-content\/uploads\/2024\/07\/Top-Tips-for-Choosing-the-Right-Fire-Alarm-System.png 886w\" sizes=\"(max-width: 768px) 100vw, 768px\" \/>\t\t\t\t\t\t\t\t\t\t\t\t\t\t\t<\/div>\n\t\t\t\t<\/div>\n\t\t\t\t<div class=\"elementor-element elementor-element-f25179f elementor-toc--minimized-on-tablet elementor-widget elementor-widget-table-of-contents\" data-id=\"f25179f\" data-element_type=\"widget\" data-settings=\"{&quot;exclude_headings_by_selector&quot;:[],&quot;headings_by_tags&quot;:[&quot;h2&quot;,&quot;h3&quot;,&quot;h4&quot;,&quot;h5&quot;,&quot;h6&quot;],&quot;marker_view&quot;:&quot;numbers&quot;,&quot;no_headings_message&quot;:&quot;No headings were found on this page.&quot;,&quot;minimize_box&quot;:&quot;yes&quot;,&quot;minimized_on&quot;:&quot;tablet&quot;,&quot;hierarchical_view&quot;:&quot;yes&quot;,&quot;min_height&quot;:{&quot;unit&quot;:&quot;px&quot;,&quot;size&quot;:&quot;&quot;,&quot;sizes&quot;:[]},&quot;min_height_tablet&quot;:{&quot;unit&quot;:&quot;px&quot;,&quot;size&quot;:&quot;&quot;,&quot;sizes&quot;:[]},&quot;min_height_mobile&quot;:{&quot;unit&quot;:&quot;px&quot;,&quot;size&quot;:&quot;&quot;,&quot;sizes&quot;:[]}}\" data-widget_type=\"table-of-contents.default\">\n\t\t\t\t<div class=\"elementor-widget-container\">\n\t\t\t\t\t\t\t\t\t<div class=\"elementor-toc__header\">\n\t\t\t\t\t\t<h4 class=\"elementor-toc__header-title\">\n\t\t\t\tTable des mati\u00e8res\t\t\t<\/h4>\n\t\t\t\t\t\t\t\t\t\t<div class=\"elementor-toc__toggle-button elementor-toc__toggle-button--expand\" role=\"button\" tabindex=\"0\" aria-controls=\"elementor-toc__f25179f\" aria-expanded=\"true\" aria-label=\"Ouvrir la table des mati\u00e8res\"><i aria-hidden=\"true\" class=\"fas fa-chevron-down\"><\/i><\/div>\n\t\t\t\t<div class=\"elementor-toc__toggle-button elementor-toc__toggle-button--collapse\" role=\"button\" tabindex=\"0\" aria-controls=\"elementor-toc__f25179f\" aria-expanded=\"true\" aria-label=\"Fermer la table des mati\u00e8res\"><i aria-hidden=\"true\" class=\"fas fa-chevron-up\"><\/i><\/div>\n\t\t\t\t\t<\/div>\n\t\t\t\t<div id=\"elementor-toc__f25179f\" class=\"elementor-toc__body\">\n\t\t\t<div class=\"elementor-toc__spinner-container\">\n\t\t\t\t<i class=\"elementor-toc__spinner eicon-animation-spin eicon-loading\" aria-hidden=\"true\"><\/i>\t\t\t<\/div>\n\t\t<\/div>\n\t\t\t\t\t\t<\/div>\n\t\t\t\t<\/div>\n\t\t\t\t<div class=\"elementor-element elementor-element-359ac161 elementor-widget elementor-widget-text-editor\" data-id=\"359ac161\" data-element_type=\"widget\" data-widget_type=\"text-editor.default\">\n\t\t\t\t<div class=\"elementor-widget-container\">\n\t\t\t\t\t\t\t\t\t<h2>Installation professionnelle d'alarme incendie \u00e0 Londres<\/h2><p>Nous sommes fiers de desservir Londres et le Sud-Est en concevant, installant, mettant en service et entretenant <a href=\"https:\/\/www.prettywired.co.uk\/fr\/installation-dun-nid-a-londres\/\">Alarme incendie<\/a> Syst\u00e8mes.\u00a0<\/p><p>Les installations de d\u00e9tection et d'alarme incendie constituent un important syst\u00e8me de s\u00e9curit\u00e9 des personnes dans un b\u00e2timent et, \u00e0 ce titre, sont soumises \u00e0 un grand nombre de l\u00e9gislations primaires et secondaires, ainsi qu'aux conseils et aux meilleures pratiques de l'industrie. Un projet d'installation et le r\u00e9gime de maintenance de suivi recommand\u00e9 n\u00e9cessitent une quantit\u00e9 consid\u00e9rable de documents, qui rel\u00e8vent en fin de compte de la responsabilit\u00e9 de la personne responsable du b\u00e2timent, telle qu'elle est d\u00e9finie dans le cadre de la r\u00e9glementation sur les syst\u00e8mes d'alarme et de d\u00e9tection d'incendie. <a href=\"https:\/\/www.legislation.gov.uk\/uksi\/2005\/1541\/contents\" target=\"_blank\" rel=\"noopener\">Ordonnance de 2005 sur la r\u00e9forme (s\u00e9curit\u00e9 incendie)<\/a>. Permettez \u00e0 nos concepteurs et \u00e0 nos ing\u00e9nieurs de vous d\u00e9barrasser de ce stress.<\/p>\t\t\t\t\t\t\t\t<\/div>\n\t\t\t\t<\/div>\n\t\t\t\t<div class=\"elementor-element elementor-element-ff6530f elementor-widget elementor-widget-image\" data-id=\"ff6530f\" data-element_type=\"widget\" data-widget_type=\"image.default\">\n\t\t\t\t<div class=\"elementor-widget-container\">\n\t\t\t\t\t\t\t\t\t\t\t\t\t\t\t<img decoding=\"async\" width=\"768\" height=\"686\" src=\"https:\/\/www.prettywired.co.uk\/wp-content\/uploads\/2024\/08\/IMG_6346--scaled-e1724164095647-768x686.jpg\" class=\"attachment-medium_large size-medium_large wp-image-1710\" alt=\"Installation d&#039;alarme incendie \u00e0 Londres\" srcset=\"https:\/\/www.prettywired.co.uk\/wp-content\/uploads\/2024\/08\/IMG_6346--scaled-e1724164095647-768x686.jpg 768w, https:\/\/www.prettywired.co.uk\/wp-content\/uploads\/2024\/08\/IMG_6346--scaled-e1724164095647-300x268.jpg 300w, https:\/\/www.prettywired.co.uk\/wp-content\/uploads\/2024\/08\/IMG_6346--scaled-e1724164095647-1024x915.jpg 1024w, https:\/\/www.prettywired.co.uk\/wp-content\/uploads\/2024\/08\/IMG_6346--scaled-e1724164095647-1536x1373.jpg 1536w, https:\/\/www.prettywired.co.uk\/wp-content\/uploads\/2024\/08\/IMG_6346--scaled-e1724164095647.jpg 1894w\" sizes=\"(max-width: 768px) 100vw, 768px\" \/>\t\t\t\t\t\t\t\t\t\t\t\t\t\t\t<\/div>\n\t\t\t\t<\/div>\n\t\t\t\t<div class=\"elementor-element elementor-element-3e7d2e3 elementor-widget elementor-widget-text-editor\" data-id=\"3e7d2e3\" data-element_type=\"widget\" data-widget_type=\"text-editor.default\">\n\t\t\t\t<div class=\"elementor-widget-container\">\n\t\t\t\t\t\t\t\t\t<h2>Solutions de s\u00e9curit\u00e9 incendie : Installation fiable d'alarmes incendie \u00e0 Londres<\/h2><p>L'installation d'un syst\u00e8me commercial de d\u00e9tection et d'alarme incendie de classe A, conform\u00e9ment \u00e0 la norme BS5839-1:2017, ou d'un syst\u00e8me domestique de d\u00e9tection de fum\u00e9e et de chaleur de classe D1, conform\u00e9ment \u00e0 la norme BS5839-6:2019, n\u00e9cessite l'installation de c\u00e2bles \u00e0 un degr\u00e9 plus ou moins important, ce qui entra\u00eene naturellement un certain nombre de perturbations. Chez Pretty Wired, nous sommes fiers d'achever nos travaux dans les d\u00e9lais convenus et, lorsque les circonstances l'exigent, de communiquer avec nos clients en cas de changements survenant au cours de nos projets, afin que les maisons et les bureaux restent habitables et fonctionnels tout au long du projet.<\/p><h2>Prot\u00e9gez vos biens gr\u00e2ce \u00e0 des installateurs experts en alarmes incendie<\/h2><p>Lorsqu'on envisage un incendie, on pense souvent \u00e0 l'\u00e9l\u00e9ment humain physique et au risque pour les personnes d\u00fb \u00e0 la chaleur et \u00e0 la fum\u00e9e. Ce que l'on oublie souvent, c'est la cat\u00e9gorie de protection \"P\", c'est-\u00e0-dire les biens. Vous pouvez \u00e9vacuer vos r\u00e9sidents et votre personnel si un incendie se produit alors que le b\u00e2timent est occup\u00e9, mais qu'advient-il de vos biens et de votre \u00e9quipement si un incendie se produit alors que votre propri\u00e9t\u00e9 est vide ? Nous pouvons vous aider en vous proposant des temps d'attente corrects pour les batteries, une communication avec le service d'incendie et de secours par l'interm\u00e9diaire d'un centre de r\u00e9ception des alarmes et une surveillance douce en direct pour que votre (vos) personne(s) responsable(s) soit(nt) inform\u00e9e(s) d\u00e8s que votre syst\u00e8me r\u00e9agit \u00e0 un \u00e9v\u00e9nement.<\/p><h2>Syst\u00e8mes d'alarme incendie r\u00e9sidentiels et commerciaux \u00e0 Londres<\/h2><p>Il est pr\u00e9f\u00e9rable de consid\u00e9rer un b\u00e2timent comme un organisme vivant, chaque b\u00e2timent \u00e9tant l\u00e9g\u00e8rement diff\u00e9rent du suivant, et il n'existe donc pas de v\u00e9ritable approche \"copier-coller\" pour chacun d'entre eux. Il faut ajouter \u00e0 cela le conseil ou l'arrondissement o\u00f9 se trouve le b\u00e2timent, dont la l\u00e9gislation et les r\u00e9glementations locales doivent \u00eatre appliqu\u00e9es. Plus important encore, les services d'incendie et de secours de chaque comt\u00e9 ont leurs propres syst\u00e8mes de travail et leurs ordres de pr\u00e9f\u00e9rence en mati\u00e8re de pr\u00e9sence. Lorsque nous disons que nos conceptions sont adapt\u00e9es \u00e0 vos besoins sp\u00e9cifiques et \u00e0 ceux de votre b\u00e2timent, nous le pensons vraiment.<\/p><h2>Contactez Pretty Wired d\u00e8s aujourd'hui !<\/h2><p>Il suffit de contacter Pretty Wired \u00e0 l'adresse suivante <a href=\"tel:02045421890\">020 4542 1890<\/a>Envoyez-nous un courriel \u00e0 l'adresse suivante <a href=\"mailto:info@prettywired.co.uk\">info@prettywired.co.uk<\/a>ou envoyez-nous un message ici. Laissez-nous vous aider dans votre d\u00e9marche de s\u00e9curit\u00e9 incendie. <\/p>\t\t\t\t\t\t\t\t<\/div>\n\t\t\t\t<\/div>\n\t\t\t\t<div class=\"elementor-element elementor-element-da6a44a elementor-cta--skin-classic elementor-animated-content elementor-bg-transform elementor-bg-transform-zoom-in elementor-widget elementor-widget-call-to-action\" data-id=\"da6a44a\" data-element_type=\"widget\" data-widget_type=\"call-to-action.default\">\n\t\t\t\t<div class=\"elementor-widget-container\">\n\t\t\t\t\t\t\t<div class=\"elementor-cta\">\n\t\t\t\t\t<div class=\"elementor-cta__bg-wrapper\">\n\t\t\t\t<div class=\"elementor-cta__bg elementor-bg\" style=\"background-image: url(https:\/\/www.prettywired.co.uk\/wp-content\/uploads\/2023\/08\/Screenshot-2023-08-18-at-12.57.34-1024x690.jpg);\" role=\"img\" aria-label=\"Capture d&#039;\u00e9cran le 2023-08-18 \u00e0 12.57.34\"><\/div>\n\t\t\t\t<div class=\"elementor-cta__bg-overlay\"><\/div>\n\t\t\t<\/div>\n\t\t\t\t\t\t\t<div class=\"elementor-cta__content\">\n\t\t\t\t\n\t\t\t\t\t\t\t\t\t<h2 class=\"elementor-cta__title elementor-cta__content-item elementor-content-item\">\n\t\t\t\t\t\tConsultez nos tarifs ici\t\t\t\t\t<\/h2>\n\t\t\t\t\n\t\t\t\t\t\t\t\t\t<div class=\"elementor-cta__description elementor-cta__content-item elementor-content-item\">\n\t\t\t\t\t\tNotre objectif est de vous aider \u00e0 atteindre vos objectifs tout en respectant votre budget. C'est pourquoi nous sommes transparents sur nos tarifs, afin que vous sachiez ce que tout co\u00fbte et pourquoi.\t\t\t\t\t<\/div>\n\t\t\t\t\n\t\t\t\t\t\t\t\t\t<div class=\"elementor-cta__button-wrapper elementor-cta__content-item elementor-content-item\">\n\t\t\t\t\t<a class=\"elementor-cta__button elementor-button elementor-size-\" href=\"https:\/\/www.prettywired.co.uk\/fr\/taux\/\">\n\t\t\t\t\t\tCliquez ici\t\t\t\t\t<\/a>\n\t\t\t\t\t<\/div>\n\t\t\t\t\t\t\t<\/div>\n\t\t\t\t\t\t<\/div>\n\t\t\t\t\t\t<\/div>\n\t\t\t\t<\/div>\n\t\t\t\t\t<\/div>\n\t\t<\/div>\n\t\t\t\t\t<\/div>\n\t\t<\/section>\n\t\t<div class=\"elementor-element elementor-element-7bf1b9f e-flex e-con-boxed e-con e-parent\" data-id=\"7bf1b9f\" data-element_type=\"container\">\n\t\t\t\t\t<div class=\"e-con-inner\">\n\t\t\t\t\t<\/div>\n\t\t\t\t<\/div>\n\t\t\t\t<\/div>","protected":false},"excerpt":{"rendered":"<p>Table des mati\u00e8res Installation professionnelle d'alarme incendie \u00e0 Londres Nous sommes fiers de desservir Londres et le Sud-Est en concevant, installant, mettant en service et entretenant des syst\u00e8mes d'alarme incendie.  Les installations de d\u00e9tection et d'alarme incendie constituent un syst\u00e8me important de s\u00e9curit\u00e9 des personnes dans un b\u00e2timent et, en tant que tel, sont soumises \u00e0 un grand nombre de l\u00e9gislations primaires et secondaires, ainsi qu'\u00e0 [...]<\/p>","protected":false},"author":1,"featured_media":0,"parent":0,"menu_order":0,"comment_status":"closed","ping_status":"closed","template":"","meta":{"footnotes":""},"class_list":["post-1707","page","type-page","status-publish","hentry"],"_links":{"self":[{"href":"https:\/\/www.prettywired.co.uk\/fr\/wp-json\/wp\/v2\/pages\/1707","targetHints":{"allow":["GET"]}}],"collection":[{"href":"https:\/\/www.prettywired.co.uk\/fr\/wp-json\/wp\/v2\/pages"}],"about":[{"href":"https:\/\/www.prettywired.co.uk\/fr\/wp-json\/wp\/v2\/types\/page"}],"author":[{"embeddable":true,"href":"https:\/\/www.prettywired.co.uk\/fr\/wp-json\/wp\/v2\/users\/1"}],"replies":[{"embeddable":true,"href":"https:\/\/www.prettywired.co.uk\/fr\/wp-json\/wp\/v2\/comments?post=1707"}],"version-history":[{"count":21,"href":"https:\/\/www.prettywired.co.uk\/fr\/wp-json\/wp\/v2\/pages\/1707\/revisions"}],"predecessor-version":[{"id":1732,"href":"https:\/\/www.prettywired.co.uk\/fr\/wp-json\/wp\/v2\/pages\/1707\/revisions\/1732"}],"wp:attachment":[{"href":"https:\/\/www.prettywired.co.uk\/fr\/wp-json\/wp\/v2\/media?parent=1707"}],"curies":[{"name":"wp","href":"https:\/\/api.w.org\/{rel}","templated":true}]}}