{"id":1629,"date":"2024-06-18T10:26:30","date_gmt":"2024-06-18T10:26:30","guid":{"rendered":"https:\/\/www.prettywired.co.uk\/?page_id=1629"},"modified":"2024-06-18T10:26:30","modified_gmt":"2024-06-18T10:26:30","slug":"electricien-commercial-a-clapham","status":"publish","type":"page","link":"https:\/\/www.prettywired.co.uk\/fr\/electricien-commercial-a-clapham\/","title":{"rendered":"\u00c9lectricien commercial \u00e0 Clapham"},"content":{"rendered":"<div data-elementor-type=\"wp-page\" data-elementor-id=\"1629\" class=\"elementor elementor-1629\" data-elementor-post-type=\"page\">\n\t\t\t\t\t\t<section class=\"elementor-section elementor-top-section elementor-element elementor-element-30ff7480 elementor-section-boxed elementor-section-height-default elementor-section-height-default\" data-id=\"30ff7480\" data-element_type=\"section\">\n\t\t\t\t\t\t<div class=\"elementor-container elementor-column-gap-default\">\n\t\t\t\t\t<div class=\"elementor-column elementor-col-100 elementor-top-column elementor-element elementor-element-746246d2\" data-id=\"746246d2\" data-element_type=\"column\">\n\t\t\t<div class=\"elementor-widget-wrap elementor-element-populated\">\n\t\t\t\t\t\t<div class=\"elementor-element elementor-element-329e429 elementor-widget elementor-widget-image\" data-id=\"329e429\" data-element_type=\"widget\" data-widget_type=\"image.default\">\n\t\t\t\t<div class=\"elementor-widget-container\">\n\t\t\t\t\t\t\t\t\t\t\t\t\t\t\t<img fetchpriority=\"high\" decoding=\"async\" width=\"768\" height=\"512\" src=\"https:\/\/www.prettywired.co.uk\/wp-content\/uploads\/2024\/06\/getty-images-PbI0DKucmB0-unsplash-1-768x512.jpg\" class=\"attachment-medium_large size-medium_large wp-image-1637\" alt=\"recherche de d\u00e9fauts \u00e9lectriques\" srcset=\"https:\/\/www.prettywired.co.uk\/wp-content\/uploads\/2024\/06\/getty-images-PbI0DKucmB0-unsplash-1-768x512.jpg 768w, https:\/\/www.prettywired.co.uk\/wp-content\/uploads\/2024\/06\/getty-images-PbI0DKucmB0-unsplash-1-300x200.jpg 300w, https:\/\/www.prettywired.co.uk\/wp-content\/uploads\/2024\/06\/getty-images-PbI0DKucmB0-unsplash-1-1024x683.jpg 1024w, https:\/\/www.prettywired.co.uk\/wp-content\/uploads\/2024\/06\/getty-images-PbI0DKucmB0-unsplash-1-1536x1024.jpg 1536w, https:\/\/www.prettywired.co.uk\/wp-content\/uploads\/2024\/06\/getty-images-PbI0DKucmB0-unsplash-1-2048x1365.jpg 2048w\" sizes=\"(max-width: 768px) 100vw, 768px\" \/>\t\t\t\t\t\t\t\t\t\t\t\t\t\t\t<\/div>\n\t\t\t\t<\/div>\n\t\t\t\t<div class=\"elementor-element elementor-element-c75837d elementor-widget elementor-widget-text-editor\" data-id=\"c75837d\" data-element_type=\"widget\" data-widget_type=\"text-editor.default\">\n\t\t\t\t<div class=\"elementor-widget-container\">\n\t\t\t\t\t\t\t\t\t<p>Bas\u00e9 localement dans le SW2, Pretty Wired est un \u00e9lectricien \u00e0 vocation commerciale parfaitement plac\u00e9 pour desservir Clapham,<\/p>\t\t\t\t\t\t\t\t<\/div>\n\t\t\t\t<\/div>\n\t\t\t\t<div class=\"elementor-element elementor-element-f25179f elementor-toc--minimized-on-tablet elementor-widget elementor-widget-table-of-contents\" data-id=\"f25179f\" data-element_type=\"widget\" data-settings=\"{&quot;exclude_headings_by_selector&quot;:[],&quot;headings_by_tags&quot;:[&quot;h2&quot;,&quot;h3&quot;,&quot;h4&quot;,&quot;h5&quot;,&quot;h6&quot;],&quot;marker_view&quot;:&quot;numbers&quot;,&quot;no_headings_message&quot;:&quot;No headings were found on this page.&quot;,&quot;minimize_box&quot;:&quot;yes&quot;,&quot;minimized_on&quot;:&quot;tablet&quot;,&quot;hierarchical_view&quot;:&quot;yes&quot;,&quot;min_height&quot;:{&quot;unit&quot;:&quot;px&quot;,&quot;size&quot;:&quot;&quot;,&quot;sizes&quot;:[]},&quot;min_height_tablet&quot;:{&quot;unit&quot;:&quot;px&quot;,&quot;size&quot;:&quot;&quot;,&quot;sizes&quot;:[]},&quot;min_height_mobile&quot;:{&quot;unit&quot;:&quot;px&quot;,&quot;size&quot;:&quot;&quot;,&quot;sizes&quot;:[]}}\" data-widget_type=\"table-of-contents.default\">\n\t\t\t\t<div class=\"elementor-widget-container\">\n\t\t\t\t\t\t\t\t\t<div class=\"elementor-toc__header\">\n\t\t\t\t\t\t<h4 class=\"elementor-toc__header-title\">\n\t\t\t\tTable des mati\u00e8res\t\t\t<\/h4>\n\t\t\t\t\t\t\t\t\t\t<div class=\"elementor-toc__toggle-button elementor-toc__toggle-button--expand\" role=\"button\" tabindex=\"0\" aria-controls=\"elementor-toc__f25179f\" aria-expanded=\"true\" aria-label=\"Ouvrir la table des mati\u00e8res\"><i aria-hidden=\"true\" class=\"fas fa-chevron-down\"><\/i><\/div>\n\t\t\t\t<div class=\"elementor-toc__toggle-button elementor-toc__toggle-button--collapse\" role=\"button\" tabindex=\"0\" aria-controls=\"elementor-toc__f25179f\" aria-expanded=\"true\" aria-label=\"Fermer la table des mati\u00e8res\"><i aria-hidden=\"true\" class=\"fas fa-chevron-up\"><\/i><\/div>\n\t\t\t\t\t<\/div>\n\t\t\t\t<div id=\"elementor-toc__f25179f\" class=\"elementor-toc__body\">\n\t\t\t<div class=\"elementor-toc__spinner-container\">\n\t\t\t\t<i class=\"elementor-toc__spinner eicon-animation-spin eicon-loading\" aria-hidden=\"true\"><\/i>\t\t\t<\/div>\n\t\t<\/div>\n\t\t\t\t\t\t<\/div>\n\t\t\t\t<\/div>\n\t\t\t\t<div class=\"elementor-element elementor-element-359ac161 elementor-widget elementor-widget-text-editor\" data-id=\"359ac161\" data-element_type=\"widget\" data-widget_type=\"text-editor.default\">\n\t\t\t\t<div class=\"elementor-widget-container\">\n\t\t\t\t\t\t\t\t\t<h2>Installation commerciale<\/h2><p>Pretty Wired a une grande exp\u00e9rience de l'installation dans le secteur commercial, de l'am\u00e9nagement de petits magasins \u00e0 l'installation de bureaux et de syst\u00e8mes de contr\u00f4le intelligents.<\/p><p>Maintenance r\u00e9active et recherche de pannes<\/p><p>Nous sommes fiers de nos temps de r\u00e9action rapides et des r\u00e9parations que nous effectuons d\u00e8s la premi\u00e8re visite. Situ\u00e9s au c\u0153ur du sud-ouest de Londres, nos \u00e9lectriciens commerciaux sont bien plac\u00e9s et pr\u00eats \u00e0 remettre votre entreprise sur pied et \u00e0 la faire fonctionner en un rien de temps.<\/p><h2>Commercial Smart Installation<\/h2><p>Des installations simples pour plus d'efficacit\u00e9 telles que la d\u00e9tection d'absence, des stores qui r\u00e9agissent \u00e0 la lumi\u00e8re du soleil, ou des plans d'\u00e9clairage programm\u00e9s pour dissuader les intrus, nos installateurs commerciaux intelligents \u00e0 Clapham sont parfaitement au courant des derni\u00e8res technologies pour vous conseiller et vous aider \u00e0 r\u00e9pondre \u00e0 vos besoins.<\/p><h2>Rapports sur l'\u00e9tat des installations \u00e9lectriques commerciales<\/h2><p>Le respect du calendrier de la maintenance planifi\u00e9e est primordial pour le bon fonctionnement de votre entreprise. De plus, cette maintenance est fortement encourag\u00e9e par des l\u00e9gislations telles que la <a href=\"https:\/\/www.hse.gov.uk\/pubns\/books\/hsr25.htm\" target=\"_blank\" rel=\"noopener\">Loi de 1989 sur l'\u00e9lectricit\u00e9 au travail<\/a>, le <a href=\"https:\/\/www.hse.gov.uk\/legislation\/hswa.htm\" target=\"_blank\" rel=\"noopener\">Loi de 1974 sur la sant\u00e9 et la s\u00e9curit\u00e9 au travail<\/a>, <a href=\"https:\/\/www.legislation.gov.uk\/uksi\/2005\/1541\/contents\" target=\"_blank\" rel=\"noopener\">Ordonnance de 2005 sur la s\u00e9curit\u00e9 incendie (Regulatory Reform Fire Safety Order 2005)<\/a> etc. Nos ing\u00e9nieurs et \u00e9lectriciens sp\u00e9cialis\u00e9s dans les essais \u00e9lectriques commerciaux peuvent rendre ce processus simple et direct, en r\u00e9duisant au minimum les temps d'arr\u00eat indispensables.<\/p><h2>Conception et am\u00e9lioration de l'\u00e9clairage<\/h2><p>Vous pouvez passer plus de quarante heures par semaine dans votre espace de travail, et notre \u00e9quipe de conception de l'\u00e9clairage commercial est \u00e0 votre disposition pour vous aider \u00e0 perfectionner cet espace, en \u00e9quilibrant un environnement confortable avec des niveaux de lux appropri\u00e9s pour \u00e9viter la fatigue. En passant aux LED et en perfectionnant la temp\u00e9rature de couleur de votre environnement, vous am\u00e9liorerez votre humeur et contribuerez \u00e0 vos plans d'efficacit\u00e9 \u00e9nerg\u00e9tique.<\/p><h2>Am\u00e9lioration du tableau de distribution<\/h2><p>V\u00e9ritable c\u0153ur de votre installation \u00e9lectrique, votre tableau de distribution est responsable de la s\u00e9paration des circuits, du d\u00e9clenchement de s\u00e9curit\u00e9 en cas de d\u00e9faut et peut contribuer \u00e0 am\u00e9liorer l'efficacit\u00e9. Peut-\u00eatre pourriez-vous b\u00e9n\u00e9ficier d'une protection contre les surtensions, afin de mieux prot\u00e9ger vos appareils \u00e9lectriques, vos installations et vos \u00e9quipements de r\u00e9seau.<\/p><h2>Installation de bornes de recharge pour v\u00e9hicules \u00e9lectriques<\/h2><p>Les locaux commerciaux peuvent b\u00e9n\u00e9ficier non seulement de la possibilit\u00e9 de recharger les v\u00e9hicules des employ\u00e9s, mais aussi d'offrir une recharge aux visiteurs de la r\u00e9gion, ce qui peut constituer une source de revenus inexploit\u00e9e. Les environnements commerciaux peuvent \u00eatre dynamiques en termes de consommation d'\u00e9nergie, il est donc imp\u00e9ratif de faire appel \u00e0 un \u00e9lectricien commercial comp\u00e9tent tout au long du processus afin que vos points de charge pour v\u00e9hicules \u00e9lectriques commerciaux r\u00e9pondent aux exigences de la subvention, soient respectueux du r\u00e9seau et install\u00e9s selon les normes les plus strictes.<\/p><h2>Marques avec lesquelles nous travaillons<\/h2><p>Chez Pretty Wired, nous nous engageons \u00e0 fournir un service exceptionnel, c'est pourquoi nous travaillons avec certaines des meilleures marques du march\u00e9, notamment :<\/p><ul><li><a href=\"https:\/\/www.prettywired.co.uk\/fr\/marques\/lutron\/\">Lutron<\/a><\/li><li><a href=\"https:\/\/www.prettywired.co.uk\/fr\/marques\/rako\/\">Rako<\/a><\/li><li><a href=\"https:\/\/www.prettywired.co.uk\/fr\/marques\/installateur-sonos-londres\/\">Sonos<\/a><\/li><li><a href=\"https:\/\/www.prettywired.co.uk\/fr\/marques\/nid-google\/\">Nid<\/a><\/li><li><a href=\"https:\/\/www.prettywired.co.uk\/fr\/marques\/anneau\/\">Anneau<\/a><\/li><li><a href=\"https:\/\/www.prettywired.co.uk\/fr\/marques\/eufy\/\">Eufy<\/a><\/li><li><a href=\"https:\/\/www.prettywired.co.uk\/fr\/marques\/philips-hue\/\">Philips Hue<\/a><\/li><li><a href=\"https:\/\/www.prettywired.co.uk\/fr\/marques\/podpoint\/\">PodPoint<\/a><\/li><li><a href=\"https:\/\/www.prettywired.co.uk\/fr\/marques\/zappi\/\">Zappi<\/a><\/li><li><a href=\"https:\/\/www.prettywired.co.uk\/fr\/marques\/oulight\/\">Orlight<\/a><\/li><\/ul><p>Si vous avez besoin d'un \u00e9lectricien d'urgence ou si vous cherchez simplement un \u00e9lectricien pr\u00e8s de chez vous pour discuter d'un projet potentiel, nous serons heureux de vous aider. Contactez simplement Pretty Wired au 020 4542 1890, envoyez-nous un e-mail \u00e0 info@prettywired.co.uk, ou envoyez-nous un message ici.<\/p>\t\t\t\t\t\t\t\t<\/div>\n\t\t\t\t<\/div>\n\t\t\t\t<div class=\"elementor-element elementor-element-da6a44a elementor-cta--skin-classic elementor-animated-content elementor-bg-transform elementor-bg-transform-zoom-in elementor-widget elementor-widget-call-to-action\" data-id=\"da6a44a\" data-element_type=\"widget\" data-widget_type=\"call-to-action.default\">\n\t\t\t\t<div class=\"elementor-widget-container\">\n\t\t\t\t\t\t\t<div class=\"elementor-cta\">\n\t\t\t\t\t<div class=\"elementor-cta__bg-wrapper\">\n\t\t\t\t<div class=\"elementor-cta__bg elementor-bg\" style=\"background-image: url(https:\/\/www.prettywired.co.uk\/wp-content\/uploads\/2023\/08\/Screenshot-2023-08-18-at-12.57.34-1024x690.jpg);\" role=\"img\" aria-label=\"Capture d&#039;\u00e9cran le 2023-08-18 \u00e0 12.57.34\"><\/div>\n\t\t\t\t<div class=\"elementor-cta__bg-overlay\"><\/div>\n\t\t\t<\/div>\n\t\t\t\t\t\t\t<div class=\"elementor-cta__content\">\n\t\t\t\t\n\t\t\t\t\t\t\t\t\t<h2 class=\"elementor-cta__title elementor-cta__content-item elementor-content-item\">\n\t\t\t\t\t\tConsultez nos tarifs ici\t\t\t\t\t<\/h2>\n\t\t\t\t\n\t\t\t\t\t\t\t\t\t<div class=\"elementor-cta__description elementor-cta__content-item elementor-content-item\">\n\t\t\t\t\t\tNotre objectif est de vous aider \u00e0 atteindre vos objectifs tout en respectant votre budget. C'est pourquoi nous sommes transparents sur nos tarifs, afin que vous sachiez ce que tout co\u00fbte et pourquoi.\t\t\t\t\t<\/div>\n\t\t\t\t\n\t\t\t\t\t\t\t\t\t<div class=\"elementor-cta__button-wrapper elementor-cta__content-item elementor-content-item\">\n\t\t\t\t\t<a class=\"elementor-cta__button elementor-button elementor-size-\" href=\"https:\/\/www.prettywired.co.uk\/fr\/taux\/\">\n\t\t\t\t\t\tCliquez ici\t\t\t\t\t<\/a>\n\t\t\t\t\t<\/div>\n\t\t\t\t\t\t\t<\/div>\n\t\t\t\t\t\t<\/div>\n\t\t\t\t\t\t<\/div>\n\t\t\t\t<\/div>\n\t\t\t\t\t<\/div>\n\t\t<\/div>\n\t\t\t\t\t<\/div>\n\t\t<\/section>\n\t\t<div class=\"elementor-element elementor-element-7bf1b9f e-flex e-con-boxed e-con e-parent\" data-id=\"7bf1b9f\" data-element_type=\"container\">\n\t\t\t\t\t<div class=\"e-con-inner\">\n\t\t\t\t\t<\/div>\n\t\t\t\t<\/div>\n\t\t\t\t<\/div>","protected":false},"excerpt":{"rendered":"<p>Bas\u00e9 localement dans le SW2, Pretty Wired est un \u00e9lectricien \u00e0 vocation commerciale parfaitement plac\u00e9 pour servir Clapham, Table des mati\u00e8res Installation commerciale Pretty Wired poss\u00e8de une vaste exp\u00e9rience de l'installation dans le secteur commercial, de l'am\u00e9nagement de petits magasins \u00e0 l'installation de bureaux et de syst\u00e8mes de contr\u00f4le intelligents. Maintenance r\u00e9active et recherche de pannes Nous sommes fiers de nos temps de r\u00e9action rapides et [...]<\/p>","protected":false},"author":1,"featured_media":0,"parent":0,"menu_order":0,"comment_status":"closed","ping_status":"closed","template":"","meta":{"footnotes":""},"class_list":["post-1629","page","type-page","status-publish","hentry"],"_links":{"self":[{"href":"https:\/\/www.prettywired.co.uk\/fr\/wp-json\/wp\/v2\/pages\/1629","targetHints":{"allow":["GET"]}}],"collection":[{"href":"https:\/\/www.prettywired.co.uk\/fr\/wp-json\/wp\/v2\/pages"}],"about":[{"href":"https:\/\/www.prettywired.co.uk\/fr\/wp-json\/wp\/v2\/types\/page"}],"author":[{"embeddable":true,"href":"https:\/\/www.prettywired.co.uk\/fr\/wp-json\/wp\/v2\/users\/1"}],"replies":[{"embeddable":true,"href":"https:\/\/www.prettywired.co.uk\/fr\/wp-json\/wp\/v2\/comments?post=1629"}],"version-history":[{"count":17,"href":"https:\/\/www.prettywired.co.uk\/fr\/wp-json\/wp\/v2\/pages\/1629\/revisions"}],"predecessor-version":[{"id":1647,"href":"https:\/\/www.prettywired.co.uk\/fr\/wp-json\/wp\/v2\/pages\/1629\/revisions\/1647"}],"wp:attachment":[{"href":"https:\/\/www.prettywired.co.uk\/fr\/wp-json\/wp\/v2\/media?parent=1629"}],"curies":[{"name":"wp","href":"https:\/\/api.w.org\/{rel}","templated":true}]}}